{"id":4113,"date":"2026-04-03T10:20:13","date_gmt":"2026-04-03T10:20:13","guid":{"rendered":"https:\/\/lyfilter.com\/"},"modified":"2026-04-03T10:20:13","modified_gmt":"2026-04-03T10:20:13","slug":"stainless-steel-water-filter-housing-guangzhou-lvyuan-filter","status":"publish","type":"product","link":"https:\/\/lyfilter.com\/pt\/stainless-steel-water-filter-housing-guangzhou-lvyuan-filter\/","title":{"rendered":"Caixa de filtro de \u00e1gua de a\u00e7o inoxid\u00e1vel Guangzhou - - Lvyuan Filter"},"content":{"rendered":"<p><b>Detalhes do produto\u00a0<a href=\"https:\/\/lyfilter.com\/pt\/stainless-steel-filter-housing.html\/\">caixa do filtro de \u00e1gua em a\u00e7o inoxid\u00e1vel<\/a><\/b><\/p>\n<p>&nbsp;<\/p>\n<p><b>Especifica\u00e7\u00e3o do produto<\/b><\/p>\n<p>Material: A\u00e7o inoxid\u00e1vel<\/p>\n<p>&nbsp;<\/p>\n<p><b>Descri\u00e7\u00e3o do produto<\/b><\/p>\n<p>Para satisfazer as diversas necessidades dos clientes,\u00a0<a href=\"https:\/\/lyfilter.com\/pt\/\">Filtro Lvyuan<\/a>\u00a0A caixa do filtro de \u00e1gua em a\u00e7o inoxid\u00e1vel \u00e9 concebida com v\u00e1rios estilos. \u00c9 desenvolvido \u00e0 medida que acompanhamos de perto a tecnologia avan\u00e7ada internacional e as tend\u00eancias de desenvolvimento. . Ao tratar os funcion\u00e1rios com respeito m\u00fatuo, a equipa da Lvyuan Filter presta sempre o melhor servi\u00e7o aos clientes.<\/p>\n<p><strong>Cartucho \u00fanico\u00a0<a href=\"https:\/\/lyfilter.com\/pt\/stainless-steel-filter-housing.html\/\">Caixa do filtro em a\u00e7o inoxid\u00e1vel<\/a><\/strong><\/p>\n<p>O filtro de n\u00facleo \u00fanico \u00e9 dividido em dois tipos: filtra\u00e7\u00e3o de l\u00edquido e g\u00e1s, e o tamanho pode ser dividido em 5 \u2033, 10 \u2033, 20 \u2033, 30 \u2033 e 40 \u2033, etc. A press\u00e3o de trabalho \u00e9 geralmente de 0,1Mpa-0,4Mpa. Devido aos diferentes tamanhos de poros do\u00a0<a href=\"https:\/\/lyfilter.com\/pt\/products.html\/\">elemento filtrante<\/a>s, os caudais tamb\u00e9m s\u00e3o diferentes. Por exemplo, o padr\u00e3o para filtra\u00e7\u00e3o de 0.2um-0.4um de \u00e1gua ca\u00f3tica \u00e9 300-500kg \/ h. Se o filtro for de 0,2 um, combina\u00e7\u00e3o de 40 \u2033 polegadas, por exemplo, para filtrar 5t \/ h de \u00e1gua est\u00e9ril, voc\u00ea pode escolher um filtro de 7 elementos de 0,2 um, 30 polegadas. Se houver muitas impurezas no filtro e houver viscosidade, deve ser adicionado um dispositivo de pr\u00e9-filtragem. A filtragem de g\u00e1s \u00e9 ligeiramente diferente da filtragem de l\u00edquidos, e o seu volume de filtragem \u00e9 calculado como g\u00e1s c\u00fabico por minuto. Elemento filtrante de 10 polegadas, di\u00e2metro dos poros \u03c60,22 um, press\u00e3o de 0,12 Mpa, diferen\u00e7a de press\u00e3o de 0,01 Mpa, caudal de 4-6m3\/min, amplamente utilizado na ind\u00fastria de fermenta\u00e7\u00e3o.<\/p>","protected":false},"excerpt":{"rendered":"<table>\n<thead>\n<tr>\n<th>Item<\/th>\n<th>Valor<\/th>\n<th>Item<\/th>\n<th>Valor<\/th>\n<\/tr>\n<\/thead>\n<tbody>\n<tr>\n<td>Porto de in\u00edcio<\/td>\n<td>Guangzhou<\/td>\n<td>Capacidade de produ\u00e7\u00e3o<\/td>\n<td>10000 unidades\/m\u00eas<\/td>\n<\/tr>\n<tr>\n<td>Pagamento<\/td>\n<td>T\/T; Garantia de com\u00e9rcio de Alibaba; paypal<\/td>\n<td>Prazo de entrega<\/td>\n<td>No prazo de 7 dias \u00fateis<\/td>\n<\/tr>\n<\/tbody>\n<\/table>","protected":false},"featured_media":4118,"comment_status":"open","ping_status":"closed","template":"","meta":{"_gspb_post_css":""},"product_brand":[],"product_cat":[15],"product_tag":[1441,1084,1186,1442,1440,1443],"class_list":{"0":"post-4113","1":"product","2":"type-product","3":"status-publish","4":"has-post-thumbnail","6":"product_cat-stainless-steel-filter-housing","7":"product_tag-guangzhou-water-filter-housing","8":"product_tag-industrial-filter-housing","9":"product_tag-lvyuan-filter-housing","10":"product_tag-stainless-steel-filter-vessel","11":"product_tag-stainless-steel-water-filter-housing","12":"product_tag-water-filtration-housing","14":"first","15":"instock","16":"shipping-taxable","17":"product-type-simple"},"_links":{"self":[{"href":"https:\/\/lyfilter.com\/pt\/wp-json\/wp\/v2\/product\/4113","targetHints":{"allow":["GET"]}}],"collection":[{"href":"https:\/\/lyfilter.com\/pt\/wp-json\/wp\/v2\/product"}],"about":[{"href":"https:\/\/lyfilter.com\/pt\/wp-json\/wp\/v2\/types\/product"}],"replies":[{"embeddable":true,"href":"https:\/\/lyfilter.com\/pt\/wp-json\/wp\/v2\/comments?post=4113"}],"wp:featuredmedia":[{"embeddable":true,"href":"https:\/\/lyfilter.com\/pt\/wp-json\/wp\/v2\/media\/4118"}],"wp:attachment":[{"href":"https:\/\/lyfilter.com\/pt\/wp-json\/wp\/v2\/media?parent=4113"}],"wp:term":[{"taxonomy":"product_brand","embeddable":true,"href":"https:\/\/lyfilter.com\/pt\/wp-json\/wp\/v2\/product_brand?post=4113"},{"taxonomy":"product_cat","embeddable":true,"href":"https:\/\/lyfilter.com\/pt\/wp-json\/wp\/v2\/product_cat?post=4113"},{"taxonomy":"product_tag","embeddable":true,"href":"https:\/\/lyfilter.com\/pt\/wp-json\/wp\/v2\/product_tag?post=4113"}],"curies":[{"name":"wp","href":"https:\/\/api.w.org\/{rel}","templated":true}]}}