{"id":4111,"date":"2026-04-03T10:12:31","date_gmt":"2026-04-03T10:12:31","guid":{"rendered":"https:\/\/lyfilter.com\/"},"modified":"2026-04-03T10:12:31","modified_gmt":"2026-04-03T10:12:31","slug":"sintered-filter-cartridge-oem-lvyuan-lvyuan-filter","status":"publish","type":"product","link":"https:\/\/lyfilter.com\/pt\/sintered-filter-cartridge-oem-lvyuan-lvyuan-filter\/","title":{"rendered":"Cartucho de filtro sinterizado OEM\/Lvyuan - - Lvyuan Filter"},"content":{"rendered":"<p><b>Especifica\u00e7\u00e3o do produto<\/b><\/p>\n<p>Material: pe<\/p>\n<p>&nbsp;<\/p>\n<p><b>Introdu\u00e7\u00e3o ao produto<\/b><\/p>\n<p>O nosso\u00a0<a href=\"https:\/\/lyfilter.com\/pt\/\">Filtro Lvyuan<\/a>\u00a0O cartucho de filtro sinterizado \u00e9 concebido e fabricado de acordo com os requisitos em constante evolu\u00e7\u00e3o dos clientes. O cartucho de filtro sinterizado atinge o n\u00edvel avan\u00e7ado da ind\u00fastria. O servi\u00e7o ao cliente da Guangzhou Lvyuan Water Purification Equipment Co., Ltd. tem a capacidade de engolir o orgulho e aceitar a culpa ou o feedback negativo.<\/p>\n<p>&nbsp;<\/p>\n<p><strong><a href=\"https:\/\/lyfilter.com\/pt\/sintered-porous-plastic.html\/\">Pl\u00e1stico poroso sinterizado<\/a>\u00a0filtro de PE PA PTFE PVDF<\/strong><\/p>\n<p>A nossa empresa fabrica o filtro sinterizado de polietileno de peso molecular ultra-alto, o peso molecular \u00e9 superior a 3 milh\u00f5es de part\u00edculas de sinteriza\u00e7\u00e3o. Utiliza um molde para utilizar a press\u00e3o no forno de sinteriza\u00e7\u00e3o. Os elementos filtrantes sinterizados s\u00e3o amplamente utilizados em produtos qu\u00edmicos, petr\u00f3leo, metalurgia, artesanato a\u00e9reo, g\u00e1s, eletr\u00f3nica, farm\u00e1cia, pneum\u00e1tica, componentes de reguladores de ar, press\u00e3o\u00a0<a href=\"https:\/\/lyfilter.com\/pt\/products.html\/\">elemento filtrante<\/a>s, filtros de ar e outros campos.<\/p>","protected":false},"excerpt":{"rendered":"<table>\n<thead>\n<tr>\n<th>Item<\/th>\n<th>Valor<\/th>\n<th>Item<\/th>\n<th>Valor<\/th>\n<\/tr>\n<\/thead>\n<tbody>\n<tr>\n<td>Porto de in\u00edcio<\/td>\n<td>Guangzhou<\/td>\n<td>Capacidade de produ\u00e7\u00e3o<\/td>\n<td>10000 unidades\/m\u00eas<\/td>\n<\/tr>\n<tr>\n<td>Pagamento<\/td>\n<td>L\/C; T\/T; Western Union; Garantia de com\u00e9rcio de Alibaba; PayPal<\/td>\n<td>Marca<\/td>\n<td>OEM\/Lvyuan<\/td>\n<\/tr>\n<\/tbody>\n<\/table>","protected":false},"featured_media":4112,"comment_status":"open","ping_status":"closed","template":"","meta":{"_gspb_post_css":""},"product_brand":[],"product_cat":[22],"product_tag":[1346,1242,1439,810,1438,1237],"class_list":{"0":"post-4111","1":"product","2":"type-product","3":"status-publish","4":"has-post-thumbnail","6":"product_cat-sintered-filter-cartridge","7":"product_tag-industrial-sintered-filter","8":"product_tag-lvyuan-filter","9":"product_tag-metal-filter-element","10":"product_tag-oem-filter-cartridge","11":"product_tag-reusable-filter-cartridge","12":"product_tag-sintered-filter-cartridge","14":"first","15":"instock","16":"shipping-taxable","17":"product-type-simple"},"_links":{"self":[{"href":"https:\/\/lyfilter.com\/pt\/wp-json\/wp\/v2\/product\/4111","targetHints":{"allow":["GET"]}}],"collection":[{"href":"https:\/\/lyfilter.com\/pt\/wp-json\/wp\/v2\/product"}],"about":[{"href":"https:\/\/lyfilter.com\/pt\/wp-json\/wp\/v2\/types\/product"}],"replies":[{"embeddable":true,"href":"https:\/\/lyfilter.com\/pt\/wp-json\/wp\/v2\/comments?post=4111"}],"wp:featuredmedia":[{"embeddable":true,"href":"https:\/\/lyfilter.com\/pt\/wp-json\/wp\/v2\/media\/4112"}],"wp:attachment":[{"href":"https:\/\/lyfilter.com\/pt\/wp-json\/wp\/v2\/media?parent=4111"}],"wp:term":[{"taxonomy":"product_brand","embeddable":true,"href":"https:\/\/lyfilter.com\/pt\/wp-json\/wp\/v2\/product_brand?post=4111"},{"taxonomy":"product_cat","embeddable":true,"href":"https:\/\/lyfilter.com\/pt\/wp-json\/wp\/v2\/product_cat?post=4111"},{"taxonomy":"product_tag","embeddable":true,"href":"https:\/\/lyfilter.com\/pt\/wp-json\/wp\/v2\/product_tag?post=4111"}],"curies":[{"name":"wp","href":"https:\/\/api.w.org\/{rel}","templated":true}]}}