{"id":4109,"date":"2026-04-03T08:46:53","date_gmt":"2026-04-03T08:46:53","guid":{"rendered":"https:\/\/lyfilter.com\/"},"modified":"2026-04-03T08:46:54","modified_gmt":"2026-04-03T08:46:54","slug":"soe-222-226-227-fin-10-20-30-40-50-inch-20-microns-filter-string-pp-water-filter-cartridge-for-stainless-steel-housing-filter","status":"publish","type":"product","link":"https:\/\/lyfilter.com\/pt\/soe-222-226-227-fin-10-20-30-40-50-inch-20-microns-filter-string-pp-water-filter-cartridge-for-stainless-steel-housing-filter\/","title":{"rendered":"SOE 222 226 227 Fin 10\/20\/30\/40\/50 Inch 20 Microns Filter String PP Water Filter Cartridge For Stainless Steel Housing Filter"},"content":{"rendered":"<p>Constru\u00eddo para sistemas com caixa de a\u00e7o inoxid\u00e1vel, este cartucho de filtro de cadeia SOE PP proporciona uma filtragem de 20 m\u00edcrones com op\u00e7\u00f5es de aletas 222, 226 e 227. Suporta um fluxo de \u00e1gua limpa, uma sa\u00edda est\u00e1vel e um dimensionamento flex\u00edvel de 10 a 50 polegadas.<\/p>","protected":false},"excerpt":{"rendered":"<table>\n<thead>\n<tr>\n<th>Item<\/th>\n<th>Valor<\/th>\n<th>Item<\/th>\n<th>Valor<\/th>\n<\/tr>\n<\/thead>\n<tbody>\n<tr>\n<td>Porto de in\u00edcio<\/td>\n<td>Huangpu\/Nansha<\/td>\n<td>Capacidade de produ\u00e7\u00e3o<\/td>\n<td>10000pcs\/m\u00eas<\/td>\n<\/tr>\n<tr>\n<td>Local de origem<\/td>\n<td>Guangzhou\/Shenzhen<\/td>\n<td>Pagamento<\/td>\n<td>T\/T; Garantia de com\u00e9rcio de Alibaba; paypal<\/td>\n<\/tr>\n<tr>\n<td>QUANTIDADE M\u00c1XIMA DE ENCOMENDA<\/td>\n<td>1 unidade<\/td>\n<td>Prazo de entrega<\/td>\n<td>5-10 dias<\/td>\n<\/tr>\n<tr>\n<td>Certifica\u00e7\u00e3o<\/td>\n<td>SGS<\/td>\n<td>Marca<\/td>\n<td>OEM\/Lvyuan<\/td>\n<\/tr>\n<\/tbody>\n<\/table>","protected":false},"featured_media":4110,"comment_status":"open","ping_status":"closed","template":"","meta":{"_gspb_post_css":""},"product_brand":[],"product_cat":[23],"product_tag":[1437,1435,1436,632,1434,292],"class_list":{"0":"post-4109","1":"product","2":"type-product","3":"status-publish","4":"has-post-thumbnail","6":"product_cat-pp-filter-cartridge","7":"product_tag-10-20-30-40-50-inch-filter","8":"product_tag-20-micron-string-filter","9":"product_tag-222-226-227-fin-filter","10":"product_tag-pp-water-filter-cartridge","11":"product_tag-soe-pp-water-filter-cartridge","12":"product_tag-stainless-steel-housing-filter","14":"first","15":"instock","16":"shipping-taxable","17":"product-type-simple"},"_links":{"self":[{"href":"https:\/\/lyfilter.com\/pt\/wp-json\/wp\/v2\/product\/4109","targetHints":{"allow":["GET"]}}],"collection":[{"href":"https:\/\/lyfilter.com\/pt\/wp-json\/wp\/v2\/product"}],"about":[{"href":"https:\/\/lyfilter.com\/pt\/wp-json\/wp\/v2\/types\/product"}],"replies":[{"embeddable":true,"href":"https:\/\/lyfilter.com\/pt\/wp-json\/wp\/v2\/comments?post=4109"}],"wp:featuredmedia":[{"embeddable":true,"href":"https:\/\/lyfilter.com\/pt\/wp-json\/wp\/v2\/media\/4110"}],"wp:attachment":[{"href":"https:\/\/lyfilter.com\/pt\/wp-json\/wp\/v2\/media?parent=4109"}],"wp:term":[{"taxonomy":"product_brand","embeddable":true,"href":"https:\/\/lyfilter.com\/pt\/wp-json\/wp\/v2\/product_brand?post=4109"},{"taxonomy":"product_cat","embeddable":true,"href":"https:\/\/lyfilter.com\/pt\/wp-json\/wp\/v2\/product_cat?post=4109"},{"taxonomy":"product_tag","embeddable":true,"href":"https:\/\/lyfilter.com\/pt\/wp-json\/wp\/v2\/product_tag?post=4109"}],"curies":[{"name":"wp","href":"https:\/\/api.w.org\/{rel}","templated":true}]}}