{"id":4095,"date":"2026-04-03T08:35:19","date_gmt":"2026-04-03T08:35:19","guid":{"rendered":"https:\/\/lyfilter.com\/"},"modified":"2026-04-03T08:35:19","modified_gmt":"2026-04-03T08:35:19","slug":"222-226-flat-fin-doe-pp-ptfe-pvdf-pleated-cartridge-nitrogen-gas-filter","status":"publish","type":"product","link":"https:\/\/lyfilter.com\/pt\/222-226-flat-fin-doe-pp-ptfe-pvdf-pleated-cartridge-nitrogen-gas-filter\/","title":{"rendered":"222\/226\/Flat\/Fin\/DOE PP PTFE PVDF Cartucho plissado Filtro de g\u00e1s nitrog\u00e9nio"},"content":{"rendered":"<h3>222\/226\/Flat\/Fin\/Doe Ptfe Pvdf Pleated Cartridge Filtro de G\u00e1s Nitrog\u00e9nio<\/h3>\n<div id=\"kcc3w\">\n<div id=\"kcc3w\">\nOs meios de filtra\u00e7\u00e3o dos filtros de g\u00e1s nitrog\u00e9nio s\u00e3o membrana hidrof\u00f3bica PP PTFE PVDF. O nosso cartucho de filtro de azoto tem excelentes carater\u00edsticas de funcionamento, e as suas especifica\u00e7\u00f5es de seguran\u00e7a e controlo t\u00e9rmico est\u00e3o em conformidade com os requisitos da USP dos EUA. Cada filtro de nitrog\u00e9nio\u00a0<a href=\"https:\/\/lyfilter.com\/pt\/products.html\/\">elemento filtrante<\/a>\u00a0passou no teste de integridade 100% do ponto de bolha e do fluxo de expans\u00e3o, de modo a garantir o cumprimento dos requisitos de reten\u00e7\u00e3o bacteriana do HIME dos EUA.<\/div>\n<div id=\"kcc3w\"><\/div>\n<div id=\"kcc3w\">O design plissado dos filtros de g\u00e1s nitrog\u00e9nio maximiza a \u00e1rea de superf\u00edcie do filtro, aumentando a efici\u00eancia da filtragem e prolongando a vida \u00fatil. Estes filtros podem remover part\u00edculas t\u00e3o pequenas como 0,3 m\u00edcrones com elevada efici\u00eancia, o que os torna ideais para necessidades de filtragem ultra-finas, como o cartucho do filtro 222 e o cartucho do filtro 226, etc. Especificamente concebidos para a purifica\u00e7\u00e3o de g\u00e1s nitrog\u00e9nio, estes filtros s\u00e3o excelentes na remo\u00e7\u00e3o de part\u00edculas, aeross\u00f3is e humidade, assegurando o fornecimento de g\u00e1s limpo e seco, essencial para ind\u00fastrias como a eletr\u00f3nica, farmac\u00eautica e laboratorial.<\/div>\n<\/div>","protected":false},"excerpt":{"rendered":"<p>O filtro de g\u00e1s de azoto de cartucho plissado de alheta plana da Lvyuan Filter foi concebido para aplica\u00e7\u00f5es cr\u00edticas de purifica\u00e7\u00e3o de g\u00e1s. Constru\u00eddos a partir de materiais como o polipropileno (PP), o politetrafluoroetileno (PTFE) e o fluoreto de polivinilideno (PVDF), estes elementos filtrantes de azoto oferecem uma resist\u00eancia qu\u00edmica e uma durabilidade excepcionais. Estes cartuchos filtrantes de azoto plissados est\u00e3o dispon\u00edveis em v\u00e1rias configura\u00e7\u00f5es - cartucho filtrante 222, cartucho filtrante 226, plano, aleta e DOE - para se adaptarem a diferentes requisitos de instala\u00e7\u00e3o e garantirem um desempenho \u00f3timo.<\/p>","protected":false},"featured_media":4099,"comment_status":"open","ping_status":"closed","template":"","meta":{"_gspb_post_css":""},"product_brand":[],"product_cat":[24,26],"product_tag":[1430,1431,1427,1428,1432,1429],"class_list":{"0":"post-4095","1":"product","2":"type-product","3":"status-publish","4":"has-post-thumbnail","6":"product_cat-sintered-porous-plastic","7":"product_cat-plastic-silencer","8":"product_tag-222-226-doe-filter","9":"product_tag-industrial-gas-filter","10":"product_tag-nitrogen-gas-filter","11":"product_tag-pleated-cartridge-filter","12":"product_tag-pleated-membrane-cartridge","13":"product_tag-pp-ptfe-pvdf-filter","15":"first","16":"instock","17":"shipping-taxable","18":"product-type-simple"},"_links":{"self":[{"href":"https:\/\/lyfilter.com\/pt\/wp-json\/wp\/v2\/product\/4095","targetHints":{"allow":["GET"]}}],"collection":[{"href":"https:\/\/lyfilter.com\/pt\/wp-json\/wp\/v2\/product"}],"about":[{"href":"https:\/\/lyfilter.com\/pt\/wp-json\/wp\/v2\/types\/product"}],"replies":[{"embeddable":true,"href":"https:\/\/lyfilter.com\/pt\/wp-json\/wp\/v2\/comments?post=4095"}],"wp:featuredmedia":[{"embeddable":true,"href":"https:\/\/lyfilter.com\/pt\/wp-json\/wp\/v2\/media\/4099"}],"wp:attachment":[{"href":"https:\/\/lyfilter.com\/pt\/wp-json\/wp\/v2\/media?parent=4095"}],"wp:term":[{"taxonomy":"product_brand","embeddable":true,"href":"https:\/\/lyfilter.com\/pt\/wp-json\/wp\/v2\/product_brand?post=4095"},{"taxonomy":"product_cat","embeddable":true,"href":"https:\/\/lyfilter.com\/pt\/wp-json\/wp\/v2\/product_cat?post=4095"},{"taxonomy":"product_tag","embeddable":true,"href":"https:\/\/lyfilter.com\/pt\/wp-json\/wp\/v2\/product_tag?post=4095"}],"curies":[{"name":"wp","href":"https:\/\/api.w.org\/{rel}","templated":true}]}}