{"id":4087,"date":"2026-04-03T08:31:02","date_gmt":"2026-04-03T08:31:02","guid":{"rendered":"https:\/\/lyfilter.com\/"},"modified":"2026-04-03T08:31:02","modified_gmt":"2026-04-03T08:31:02","slug":"stainless-steel-bag-filter-manufacturing-for-beverage-industry","status":"publish","type":"product","link":"https:\/\/lyfilter.com\/pt\/stainless-steel-bag-filter-manufacturing-for-beverage-industry\/","title":{"rendered":"Fabrica\u00e7\u00e3o de filtro de saco de a\u00e7o inoxid\u00e1vel para a ind\u00fastria de bebidas"},"content":{"rendered":"<p data-start=\"361\" data-end=\"628\">Constru\u00eddo para o processamento de bebidas, este filtro de saco em a\u00e7o inoxid\u00e1vel suporta um fluxo de l\u00edquido limpo, uma captura fi\u00e1vel de part\u00edculas e uma produ\u00e7\u00e3o di\u00e1ria suave. A sua estrutura duradoura ajuda a manter uma filtragem est\u00e1vel, reduzindo a press\u00e3o de manuten\u00e7\u00e3o.<\/p>\n<p data-start=\"630\" data-end=\"902\" data-is-last-node=\"\" data-is-only-node=\"\">","protected":false},"excerpt":{"rendered":"<table>\n<thead>\n<tr>\n<th>Item<\/th>\n<th>Valor<\/th>\n<th>Item<\/th>\n<th>Valor<\/th>\n<\/tr>\n<\/thead>\n<tbody>\n<tr>\n<td>Local de origem<\/td>\n<td>Guangdong, China<\/td>\n<td>Nome da marca<\/td>\n<td>Lvyuan, OEM, ODM<\/td>\n<\/tr>\n<tr>\n<td>Material<\/td>\n<td>sus304; sus316<\/td>\n<td>Peso<\/td>\n<td>personalizado<\/td>\n<\/tr>\n<tr>\n<td>Tamanho<\/td>\n<td>personalizado<\/td>\n<td>Pot\u00eancia<\/td>\n<td>0<\/td>\n<\/tr>\n<tr>\n<td>Garantia<\/td>\n<td>N\u00e3o dispon\u00edvel<\/td>\n<td>Carater\u00edstica<\/td>\n<td>facilmente parcel\u00e1vel<\/td>\n<\/tr>\n<tr>\n<td>Certifica\u00e7\u00e3o<\/td>\n<td>SGS<\/td>\n<td>Forma<\/td>\n<td>cilindro<\/td>\n<\/tr>\n<tr>\n<td>Utiliza\u00e7\u00e3o<\/td>\n<td>filtragem de \u00e1gua<\/td>\n<td>Aplica\u00e7\u00e3o<\/td>\n<td>setorial<\/td>\n<\/tr>\n<tr>\n<td>superf\u00edcie<\/td>\n<td>polido<\/td>\n<td>Modelo<\/td>\n<td>BFH-02<\/td>\n<\/tr>\n<tr>\n<td>Mat\u00e9ria-prima<\/td>\n<td>a\u00e7o inoxid\u00e1vel<\/td>\n<td>Press\u00e3o de trabalho<\/td>\n<td>150 psi<\/td>\n<\/tr>\n<tr>\n<td>material do saco de filtro<\/td>\n<td>PE\/a\u00e7o inoxid\u00e1vel\/pp<\/td>\n<td>Servi\u00e7o p\u00f3s-venda prestado<\/td>\n<td>Apoio em linha<\/td>\n<\/tr>\n<tr>\n<td>Unidades de venda<\/td>\n<td>Artigo \u00fanico<\/td>\n<td>Tamanho da embalagem individual<\/td>\n<td>35X35X70 cm<\/td>\n<\/tr>\n<tr>\n<td>Peso bruto \u00fanico<\/td>\n<td>18.500 kg<\/td>\n<td>Tipo de embalagem<\/td>\n<td>caixa de papel e caixa de madeira<\/td>\n<\/tr>\n<tr>\n<td>Prazo de execu\u00e7\u00e3o<\/td>\n<td>1 - 10: 15 dias; 11 - 50: 25 dias; 51 - 100: 35 dias; &gt;100: A negociar<\/td>\n<td><\/td>\n<td><\/td>\n<\/tr>\n<\/tbody>\n<\/table>","protected":false},"featured_media":4093,"comment_status":"open","ping_status":"closed","template":"","meta":{"_gspb_post_css":""},"product_brand":[],"product_cat":[1135],"product_tag":[1425,1138,1426,1070,1320,34],"class_list":{"0":"post-4087","1":"product","2":"type-product","3":"status-publish","4":"has-post-thumbnail","6":"product_cat-stainless-steel-bag-filter-housing","7":"product_tag-beverage-industry-filter","8":"product_tag-beverage-processing-filter","9":"product_tag-industrial-bag-filter","10":"product_tag-liquid-filtration-system","11":"product_tag-stainless-steel-bag-filter","12":"product_tag-stainless-steel-filter-housing","14":"first","15":"instock","16":"shipping-taxable","17":"product-type-simple"},"_links":{"self":[{"href":"https:\/\/lyfilter.com\/pt\/wp-json\/wp\/v2\/product\/4087","targetHints":{"allow":["GET"]}}],"collection":[{"href":"https:\/\/lyfilter.com\/pt\/wp-json\/wp\/v2\/product"}],"about":[{"href":"https:\/\/lyfilter.com\/pt\/wp-json\/wp\/v2\/types\/product"}],"replies":[{"embeddable":true,"href":"https:\/\/lyfilter.com\/pt\/wp-json\/wp\/v2\/comments?post=4087"}],"wp:featuredmedia":[{"embeddable":true,"href":"https:\/\/lyfilter.com\/pt\/wp-json\/wp\/v2\/media\/4093"}],"wp:attachment":[{"href":"https:\/\/lyfilter.com\/pt\/wp-json\/wp\/v2\/media?parent=4087"}],"wp:term":[{"taxonomy":"product_brand","embeddable":true,"href":"https:\/\/lyfilter.com\/pt\/wp-json\/wp\/v2\/product_brand?post=4087"},{"taxonomy":"product_cat","embeddable":true,"href":"https:\/\/lyfilter.com\/pt\/wp-json\/wp\/v2\/product_cat?post=4087"},{"taxonomy":"product_tag","embeddable":true,"href":"https:\/\/lyfilter.com\/pt\/wp-json\/wp\/v2\/product_tag?post=4087"}],"curies":[{"name":"wp","href":"https:\/\/api.w.org\/{rel}","templated":true}]}}