{"id":4084,"date":"2026-04-03T08:28:20","date_gmt":"2026-04-03T08:28:20","guid":{"rendered":"https:\/\/lyfilter.com\/"},"modified":"2026-04-24T23:46:15","modified_gmt":"2026-04-24T23:46:15","slug":"sewage-equipment-machine-water-purification-systems","status":"publish","type":"product","link":"https:\/\/lyfilter.com\/pt\/sewage-equipment-machine-water-purification-systems\/","title":{"rendered":"M\u00e1quina de tratamento de \u00e1guas residuais\/Sistemas de purifica\u00e7\u00e3o de \u00e1gua"},"content":{"rendered":"<p>Constru\u00edda para o tratamento de \u00e1guas residuais, esta m\u00e1quina de equipamento de esgotos suporta um processamento mais limpo, um fluxo constante e uma purifica\u00e7\u00e3o fi\u00e1vel. Ajuda as instala\u00e7\u00f5es a gerir a qualidade da \u00e1gua com um desempenho duradouro e um funcionamento di\u00e1rio mais suave no local.<\/p>","protected":false},"excerpt":{"rendered":"<table>\n<thead>\n<tr>\n<th>Item<\/th>\n<th>Valor<\/th>\n<th>Item<\/th>\n<th>Valor<\/th>\n<\/tr>\n<\/thead>\n<tbody>\n<tr>\n<td>Sectores aplic\u00e1veis<\/td>\n<td>Hot\u00e9is; F\u00e1brica de alimentos e bebidas; Quintas; Restaurante; Loja de alimentos; Energia e minas; Lojas de alimentos e bebidas<\/td>\n<td>Servi\u00e7o p\u00f3s-garantia<\/td>\n<td>Suporte t\u00e9cnico de v\u00eddeo<\/td>\n<\/tr>\n<tr>\n<td>Localiza\u00e7\u00e3o do servi\u00e7o local<\/td>\n<td>nenhum<\/td>\n<td>Localiza\u00e7\u00e3o da sala de exposi\u00e7\u00f5es<\/td>\n<td>nenhum<\/td>\n<\/tr>\n<tr>\n<td>Inspe\u00e7\u00e3o de sa\u00edda de v\u00eddeo<\/td>\n<td>Fornecido<\/td>\n<td>Relat\u00f3rio de ensaio de m\u00e1quinas<\/td>\n<td>N\u00e3o dispon\u00edvel<\/td>\n<\/tr>\n<tr>\n<td>Tipo de marketing<\/td>\n<td>Produto quente 2019<\/td>\n<td>Garantia dos componentes principais<\/td>\n<td>1 ano<\/td>\n<\/tr>\n<tr>\n<td>Local de origem<\/td>\n<td>Guangdong, China<\/td>\n<td>Nome da marca<\/td>\n<td>Guangzhou Lvyuan<\/td>\n<\/tr>\n<tr>\n<td>Garantia<\/td>\n<td>1 ano<\/td>\n<td>Servi\u00e7o p\u00f3s-venda prestado<\/td>\n<td>Suporte t\u00e9cnico de v\u00eddeo<\/td>\n<\/tr>\n<tr>\n<td>Item<\/td>\n<td>Esta\u00e7\u00e3o de tratamento de \u00e1guas residuais MBR<\/td>\n<td>Garantia<\/td>\n<td>Parte el\u00e9trica por um ano<\/td>\n<\/tr>\n<tr>\n<td>certifica\u00e7\u00e3o<\/td>\n<td>BV<\/td>\n<td>tecnologia 1<\/td>\n<td>tecnologia de separa\u00e7\u00e3o por membranas<\/td>\n<\/tr>\n<tr>\n<td>tecnologia 2<\/td>\n<td>tecnologia de tratamento biol\u00f3gico<\/td>\n<td>tecnologia 3<\/td>\n<td>M\u00f3dulo de membrana alfa<\/td>\n<\/tr>\n<tr>\n<td>duradouro<\/td>\n<td>Longa vida \u00fatil<\/td>\n<td>funcionamento<\/td>\n<td>Simples<\/td>\n<\/tr>\n<tr>\n<td>manuten\u00e7\u00e3o<\/td>\n<td>conveniente<\/td>\n<td>qualidade<\/td>\n<td>n\u00edvel elevado<\/td>\n<\/tr>\n<tr>\n<td>Componentes principais<\/td>\n<td>Pe\u00e7a eletr\u00f3nica<\/td>\n<td>Capacidade de fornecimento<\/td>\n<td>5 pe\u00e7as\/pe\u00e7as por m\u00eas<\/td>\n<\/tr>\n<\/tbody>\n<\/table>","protected":false},"featured_media":4086,"comment_status":"open","ping_status":"closed","template":"","meta":{"_gspb_post_css":""},"product_brand":[],"product_cat":[1147],"product_tag":[636,1423,1420,1424,1422,1421],"class_list":{"0":"post-4084","1":"product","2":"type-product","3":"status-publish","4":"has-post-thumbnail","6":"product_cat-waste-water-treatment-plant","7":"product_tag-industrial-water-treatment","8":"product_tag-purification-system-machine","9":"product_tag-sewage-equipment-machine","10":"product_tag-sewage-treatment-machine","11":"product_tag-wastewater-treatment-equipment","12":"product_tag-water-purification-systems","14":"first","15":"instock","16":"shipping-taxable","17":"product-type-simple"},"_links":{"self":[{"href":"https:\/\/lyfilter.com\/pt\/wp-json\/wp\/v2\/product\/4084","targetHints":{"allow":["GET"]}}],"collection":[{"href":"https:\/\/lyfilter.com\/pt\/wp-json\/wp\/v2\/product"}],"about":[{"href":"https:\/\/lyfilter.com\/pt\/wp-json\/wp\/v2\/types\/product"}],"replies":[{"embeddable":true,"href":"https:\/\/lyfilter.com\/pt\/wp-json\/wp\/v2\/comments?post=4084"}],"wp:featuredmedia":[{"embeddable":true,"href":"https:\/\/lyfilter.com\/pt\/wp-json\/wp\/v2\/media\/4086"}],"wp:attachment":[{"href":"https:\/\/lyfilter.com\/pt\/wp-json\/wp\/v2\/media?parent=4084"}],"wp:term":[{"taxonomy":"product_brand","embeddable":true,"href":"https:\/\/lyfilter.com\/pt\/wp-json\/wp\/v2\/product_brand?post=4084"},{"taxonomy":"product_cat","embeddable":true,"href":"https:\/\/lyfilter.com\/pt\/wp-json\/wp\/v2\/product_cat?post=4084"},{"taxonomy":"product_tag","embeddable":true,"href":"https:\/\/lyfilter.com\/pt\/wp-json\/wp\/v2\/product_tag?post=4084"}],"curies":[{"name":"wp","href":"https:\/\/api.w.org\/{rel}","templated":true}]}}