{"id":4070,"date":"2026-04-03T08:20:09","date_gmt":"2026-04-03T08:20:09","guid":{"rendered":"https:\/\/lyfilter.com\/"},"modified":"2026-04-03T08:20:09","modified_gmt":"2026-04-03T08:20:09","slug":"0-2-0-45-1-micron-titanium-filter-cartridge-for-water-filter-plant","status":"publish","type":"product","link":"https:\/\/lyfilter.com\/pt\/0-2-0-45-1-micron-titanium-filter-cartridge-for-water-filter-plant\/","title":{"rendered":"0.2 0.45 1 Micron Cartucho de filtro de tit\u00e2nio para planta de filtro de \u00e1gua"},"content":{"rendered":"<p>1. A mat\u00e9ria-prima \u00e9 tit\u00e2nio de alta qualidade, estruturado por sinteriza\u00e7\u00e3o a alta temperatura.<\/p>\n<p>2. estrutura uniforme, alta densidade de poros, baixa resist\u00eancia quando a filtra\u00e7\u00e3o, boa permeabilidade<\/p>\n<p>3. excelente resist\u00eancia a altas e baixas temperaturas, resist\u00eancia \u00e0 corros\u00e3o, longa vida \u00fatil, f\u00e1cil regenera\u00e7\u00e3o.<\/p>\n<p>4. resist\u00eancia a \u00e1cidos fortes, \u00e1lcalis fortes e altas temperaturas.<\/p>","protected":false},"excerpt":{"rendered":"<table>\n<thead>\n<tr>\n<th>Item<\/th>\n<th>Valor<\/th>\n<th>Item<\/th>\n<th>Valor<\/th>\n<\/tr>\n<\/thead>\n<tbody>\n<tr>\n<td>Micron de filtragem<\/td>\n<td>0,2 - 100um<\/td>\n<td>Comprimento<\/td>\n<td>5\u201d (125mm); 10\u201d (250mm); 20\u201d (500mm); 30\u201d (750mm); 40\u201d (1000mm)<\/td>\n<\/tr>\n<tr>\n<td>Di\u00e2metro exterior<\/td>\n<td>50mm; 60mm; 70mm<\/td>\n<td>Tipo de conetor<\/td>\n<td>Tipo plano; 215\/222\/226\/M20\/M30\/M42<\/td>\n<\/tr>\n<tr>\n<td>Material de veda\u00e7\u00e3o<\/td>\n<td>Borracha de silicone; NBR; EPDM; Borracha fluorada<\/td>\n<td>Porosidade<\/td>\n<td>28 - 50%<\/td>\n<\/tr>\n<tr>\n<td>Di\u00e2metro exterior<\/td>\n<td>60mm; 70mm<\/td>\n<td>Toler\u00e2ncia de temperatura<\/td>\n<td>\u2264300\u2103<\/td>\n<\/tr>\n<tr>\n<td>Diferencial m\u00e1ximo de press\u00e3o de funcionamento<\/td>\n<td>0,6Mpa<\/td>\n<td>Di\u00e2metro<\/td>\n<td>\u03a622mm; \u03a630mm; \u03a650mm; \u03a660mm; \u03a680mm; \u03a6100mm; \u03a6120mm<\/td>\n<\/tr>\n<tr>\n<td>Caudal (L\/H)<\/td>\n<td>180; 200; 250; 280; 300; 350; 500; 800; 1000; 1500; 1600<\/td>\n<td><\/td>\n<td><\/td>\n<\/tr>\n<\/tbody>\n<\/table>","protected":false},"featured_media":4071,"comment_status":"open","ping_status":"closed","template":"","meta":{"_gspb_post_css":""},"product_brand":[],"product_cat":[1141],"product_tag":[1414,1415,644,743,1413,1416],"class_list":{"0":"post-4070","1":"product","2":"type-product","3":"status-publish","4":"has-post-thumbnail","6":"product_cat-titanium-filter-cartridge","7":"product_tag-0-2-micron-filter-cartridge","8":"product_tag-0-45-micron-filter-cartridge","9":"product_tag-1-micron-filter-cartridge","10":"product_tag-industrial-water-filter-cartridge","11":"product_tag-titanium-filter-cartridge","12":"product_tag-water-filter-plant-cartridge","14":"first","15":"instock","16":"shipping-taxable","17":"product-type-simple"},"_links":{"self":[{"href":"https:\/\/lyfilter.com\/pt\/wp-json\/wp\/v2\/product\/4070","targetHints":{"allow":["GET"]}}],"collection":[{"href":"https:\/\/lyfilter.com\/pt\/wp-json\/wp\/v2\/product"}],"about":[{"href":"https:\/\/lyfilter.com\/pt\/wp-json\/wp\/v2\/types\/product"}],"replies":[{"embeddable":true,"href":"https:\/\/lyfilter.com\/pt\/wp-json\/wp\/v2\/comments?post=4070"}],"wp:featuredmedia":[{"embeddable":true,"href":"https:\/\/lyfilter.com\/pt\/wp-json\/wp\/v2\/media\/4071"}],"wp:attachment":[{"href":"https:\/\/lyfilter.com\/pt\/wp-json\/wp\/v2\/media?parent=4070"}],"wp:term":[{"taxonomy":"product_brand","embeddable":true,"href":"https:\/\/lyfilter.com\/pt\/wp-json\/wp\/v2\/product_brand?post=4070"},{"taxonomy":"product_cat","embeddable":true,"href":"https:\/\/lyfilter.com\/pt\/wp-json\/wp\/v2\/product_cat?post=4070"},{"taxonomy":"product_tag","embeddable":true,"href":"https:\/\/lyfilter.com\/pt\/wp-json\/wp\/v2\/product_tag?post=4070"}],"curies":[{"name":"wp","href":"https:\/\/api.w.org\/{rel}","templated":true}]}}