{"id":4053,"date":"2026-04-03T08:09:52","date_gmt":"2026-04-03T08:09:52","guid":{"rendered":"https:\/\/lyfilter.com\/"},"modified":"2026-04-24T23:46:37","modified_gmt":"2026-04-24T23:46:37","slug":"sintered-stainless-steel-filter-oem-by-lvyuan-filter","status":"publish","type":"product","link":"https:\/\/lyfilter.com\/pt\/sintered-stainless-steel-filter-oem-by-lvyuan-filter\/","title":{"rendered":"Filtro de a\u00e7o inoxid\u00e1vel sinterizado OEM por Lvyuan Filter"},"content":{"rendered":"<div class=\"J_module\">\n<div class=\"detail-decorate-json-renderer-container\">\n<div class=\"magic-0\">\n<h3 class=\"magic-1\" data-id=\"title0\">Filtro de Cartucho de L\u00edquido Sinterizado de Pl\u00e1stico Tratamento de Ar de G\u00e1s de \u00c1gua Residual Industrial<\/h3>\n<\/div>\n<\/div>\n<\/div>\n<div class=\"J_module\">\n<div class=\"detail-decorate-json-renderer-container\">\n<div class=\"magic-0\">\n<div class=\"magic-2\">\n<div class=\"magic-3\">\n<div class=\"magic-4\" data-id=\"paragraph0\">A Lvyuan produz uma vasta gama de\u00a0<a href=\"https:\/\/lyfilter.com\/pt\/sintered-porous-plastic.html\/\">pl\u00e1stico poroso sinterizado<\/a>\u00a0produtos de filtragem, incluindo PE poroso, HDPE, PTFE, PVDF, PA, Nylon 6, fibra de vidro com formas de tubo, haste, vela, folha, placa, disco, bast\u00e3o, etc. Com v\u00e1rias taxas de filtragem, formas e carater\u00edsticas, os cartuchos de filtro de pl\u00e1stico poroso sinterizado s\u00e3o amplamente utilizados no tratamento de \u00e1gua, engenharia qu\u00edmica, tratamento m\u00e9dico, autom\u00f3vel, prote\u00e7\u00e3o ambiental e outras ind\u00fastrias, tais como separador de \u00e1gua de \u00f3leo e silenciador, testador de condu\u00e7\u00e3o embriagado, tamp\u00e3o cego para tratamento m\u00e9dico, xarope e dispositivo de filtro de gordura, fatias anti-explos\u00e3o para bateria industrial, fatias \u00e0 prova de \u00e1cido para bateria de autom\u00f3vel, tratamento de \u00e1guas residuais, sistema de filtro de purifica\u00e7\u00e3o de \u00e1gua e muito mais. Os filtros de pl\u00e1sticos porosos sinterizados Lvyuan podem atender aos requisitos de diferentes clientes. Formas moldadas personalizadas est\u00e3o dispon\u00edveis.<\/div>\n<\/div>\n<\/div>\n<\/div>\n<\/div>\n<\/div>\n<p>&nbsp;<\/p>\n<div class=\"J_module\">\n<div id=\"ali-anchor-AliMagic-9dmlpd\" class=\"magic-5\" data-section=\"AliMagic-9dmlpd\" data-section-title=\"Product Feature\">Carater\u00edstica do produto<\/div>\n<\/div>\n<div class=\"J_module\">\n<div class=\"detail-decorate-json-renderer-container\">\n<div class=\"magic-0\">\n<div class=\"magic-2\">\n<div class=\"magic-3\">\n<div class=\"magic-4\">1. Elevada porosidade para garantir um maior fluxo por unidade de \u00e1rea; 2. superf\u00edcie exterior lisa, as impurezas n\u00e3o s\u00e3o f\u00e1ceis de aderir, a lavagem das costas \u00e9 f\u00e1cil e completa; 3. capacidade anti-incrustante: a pequena dimens\u00e3o do filtro faz com que as impurezas n\u00e3o possam ser retidas no corpo do filtro; 4. resist\u00eancia a \u00e1cidos fortes, corros\u00e3o alcalina, resist\u00eancia a solventes org\u00e2nicos; 5. excelentes propriedades mec\u00e2nicas; 6. sem liberta\u00e7\u00e3o de part\u00edculas. 7. Ampla gama de produtos e vasto \u00e2mbito de aplica\u00e7\u00e3o<\/div>\n<\/div>\n<\/div>\n<\/div>\n<\/div>\n<\/div>","protected":false},"excerpt":{"rendered":"<table>\n<thead>\n<tr>\n<th>Item<\/th>\n<th>Valor<\/th>\n<th>Item<\/th>\n<th>Valor<\/th>\n<\/tr>\n<\/thead>\n<tbody>\n<tr>\n<td>Porto de in\u00edcio<\/td>\n<td>Guangzhou<\/td>\n<td>Pagamento<\/td>\n<td>T\/T; Garantia de com\u00e9rcio de Alibaba; PayPal (<a title=\"A Garantia Comercial protege as suas encomendas em Alibaba.com\" href=\"https:\/\/tradeassurance.alibaba.com\/?utm_source=chatgpt.com\">tradeassurance.alibaba.com<\/a>)<\/td>\n<\/tr>\n<tr>\n<td>Prazo de entrega<\/td>\n<td>No prazo de 7 dias \u00fateis<\/td>\n<td>Marca<\/td>\n<td>OEM\/Lvyuan<\/td>\n<\/tr>\n<\/tbody>\n<\/table>\n<table>\n<thead>\n<tr>\n<th>Item<\/th>\n<th>Valor<\/th>\n<th>Item<\/th>\n<th>Valor<\/th>\n<\/tr>\n<\/thead>\n<tbody>\n<tr>\n<td>Meios filtrantes<\/td>\n<td>PE; HDPE; PTFE; PVDF; PA\/Nylon, etc.<\/td>\n<td>Taxa de microns<\/td>\n<td>0,2um; 0,5um; 1um; 3um; 5um; 10um; 25um; 30um; 50um; 75um; 100um; etc<\/td>\n<\/tr>\n<tr>\n<td>Dimens\u00e3o de refer\u00eancia (mm)<\/td>\n<td>31x12x1000; 31x20x1000; 38x20x1000; 38x18x1000; 38x20x1200; 38x20x1300; 38x20x150; 38x20x400; 38x20x250; 38x20x200; 38x20x180; 38x20x150; 50x20x1000; 50x31x1000; 50x38x1000; 65x31x1000; 65x38x1000; 64x44x1000; 78x62x750mm; etc<\/td>\n<td>Tipo de conetor<\/td>\n<td>DOE; SOE; plano; inserto; rosca; 226; 222; 215; M36; M30; M27; M25; M22; M14; M12; ou conforme pedido<\/td>\n<\/tr>\n<tr>\n<td>Temperatura m\u00e1xima de funcionamento<\/td>\n<td>PE \u226482\u2103; PTFE \u2265200\u2103; PA \u2264120\u2103<\/td>\n<td><\/td>\n<td><\/td>\n<\/tr>\n<\/tbody>\n<\/table>","protected":false},"featured_media":4054,"comment_status":"open","ping_status":"closed","template":"","meta":{"_gspb_post_css":""},"product_brand":[],"product_cat":[24],"product_tag":[1071,1402,1399,1401,1403,1400],"class_list":{"0":"post-4053","1":"product","2":"type-product","3":"status-publish","4":"has-post-thumbnail","6":"product_cat-sintered-porous-plastic","7":"product_tag-corrosion-resistant-filter","8":"product_tag-industrial-metal-filter","9":"product_tag-lvyuan-sintered-stainless-steel-filter","10":"product_tag-oem-stainless-steel-filter","11":"product_tag-reusable-filtration-filter","12":"product_tag-sintered-stainless-steel-filter","14":"first","15":"instock","16":"shipping-taxable","17":"product-type-simple"},"_links":{"self":[{"href":"https:\/\/lyfilter.com\/pt\/wp-json\/wp\/v2\/product\/4053","targetHints":{"allow":["GET"]}}],"collection":[{"href":"https:\/\/lyfilter.com\/pt\/wp-json\/wp\/v2\/product"}],"about":[{"href":"https:\/\/lyfilter.com\/pt\/wp-json\/wp\/v2\/types\/product"}],"replies":[{"embeddable":true,"href":"https:\/\/lyfilter.com\/pt\/wp-json\/wp\/v2\/comments?post=4053"}],"wp:featuredmedia":[{"embeddable":true,"href":"https:\/\/lyfilter.com\/pt\/wp-json\/wp\/v2\/media\/4054"}],"wp:attachment":[{"href":"https:\/\/lyfilter.com\/pt\/wp-json\/wp\/v2\/media?parent=4053"}],"wp:term":[{"taxonomy":"product_brand","embeddable":true,"href":"https:\/\/lyfilter.com\/pt\/wp-json\/wp\/v2\/product_brand?post=4053"},{"taxonomy":"product_cat","embeddable":true,"href":"https:\/\/lyfilter.com\/pt\/wp-json\/wp\/v2\/product_cat?post=4053"},{"taxonomy":"product_tag","embeddable":true,"href":"https:\/\/lyfilter.com\/pt\/wp-json\/wp\/v2\/product_tag?post=4053"}],"curies":[{"name":"wp","href":"https:\/\/api.w.org\/{rel}","templated":true}]}}