{"id":4046,"date":"2026-04-03T08:04:43","date_gmt":"2026-04-03T08:04:43","guid":{"rendered":"https:\/\/lyfilter.com\/"},"modified":"2026-04-03T08:04:43","modified_gmt":"2026-04-03T08:04:43","slug":"factory-price-solid-perfume-tablet-car-perfume-tablet-parfum-tablets","status":"publish","type":"product","link":"https:\/\/lyfilter.com\/pt\/factory-price-solid-perfume-tablet-car-perfume-tablet-parfum-tablets\/","title":{"rendered":"Pre\u00e7o de F\u00e1brica Pastilha de Perfume S\u00f3lido Pastilha de Perfume para Carro Pastilhas de Perfume"},"content":{"rendered":"<p>Concebidas para os condutores que pretendem uma simples atualiza\u00e7\u00e3o do aroma, estas pastilhas de perfume s\u00f3lidas libertam uma fragr\u00e2ncia agrad\u00e1vel sem sujidade. Cabem facilmente no autom\u00f3vel e ajudam a manter o habit\u00e1culo fresco, acolhedor e confort\u00e1vel nas viagens di\u00e1rias.<\/p>","protected":false},"excerpt":{"rendered":"<table>\n<thead>\n<tr>\n<th>Item<\/th>\n<th>Valor<\/th>\n<th>Item<\/th>\n<th>Valor<\/th>\n<\/tr>\n<\/thead>\n<tbody>\n<tr>\n<td>Tamanho<\/td>\n<td>Tamanho personalizado<\/td>\n<td>Tipo<\/td>\n<td>Spray de aerossol<\/td>\n<\/tr>\n<tr>\n<td>Local de origem<\/td>\n<td>Guangdong, China<\/td>\n<td>Nome da marca<\/td>\n<td>OEM<\/td>\n<\/tr>\n<tr>\n<td>N\u00famero do modelo<\/td>\n<td>LV01<\/td>\n<td>Nome<\/td>\n<td>ambientador para autom\u00f3veis<\/td>\n<\/tr>\n<tr>\n<td>Material<\/td>\n<td>Pl\u00e1stico PE<\/td>\n<td>Utiliza\u00e7\u00e3o<\/td>\n<td>Ambientador<\/td>\n<\/tr>\n<tr>\n<td>Cor<\/td>\n<td>Branco<\/td>\n<td>Embalagem<\/td>\n<td>1 unidade por saco<\/td>\n<\/tr>\n<tr>\n<td>Carater\u00edstica<\/td>\n<td>Ambientador para autom\u00f3vel amigo do ambiente<\/td>\n<td>Perfume<\/td>\n<td>lavanda; oceano; lim\u00e3o; \u00e1gua de col\u00f3nia; mang\u00e9tico<\/td>\n<\/tr>\n<tr>\n<td>QUANTIDADE M\u00c1XIMA DE ENCOMENDA<\/td>\n<td>1 conjunto<\/td>\n<td>CONDI\u00c7\u00d5ES DE PAGAMENTO<\/td>\n<td>Garantia de com\u00e9rcio; PayPal; T\/T<\/td>\n<\/tr>\n<tr>\n<td>Prazo de execu\u00e7\u00e3o<\/td>\n<td>3-10 dias<\/td>\n<td>Unidades de venda<\/td>\n<td>Artigo \u00fanico<\/td>\n<\/tr>\n<tr>\n<td>Tamanho da embalagem individual<\/td>\n<td>35X15X15 cm<\/td>\n<td>Peso bruto \u00fanico<\/td>\n<td>2.000 kg<\/td>\n<\/tr>\n<tr>\n<td>Tipo de embalagem<\/td>\n<td>End ca\/p 334 single oring 131mm diameter 10 inch Jumbo high flow activated carbon block water filter cartridge for cto filter poly bag and carton box Caro amigo, podemos fazer diferentes tamanhos de filtro de carv\u00e3o ativado, por favor envie inqu\u00e9rito para o melhor pre\u00e7o. Obrigado.<\/td>\n<td>Prazo de execu\u00e7\u00e3o (embalagem e entrega)<\/td>\n<td>1 - 10000: 15 dias; &gt;10000: A negociar<\/td>\n<\/tr>\n<tr>\n<td>T\u00edtulo do produto<\/td>\n<td>Pre\u00e7o de f\u00e1brica pastilha de perfume s\u00f3lido pastilha de perfume para autom\u00f3vel pastilhas de perfume<\/td>\n<td><\/td>\n<td><\/td>\n<\/tr>\n<\/tbody>\n<\/table>","protected":false},"featured_media":4052,"comment_status":"open","ping_status":"closed","template":"","meta":{"_gspb_post_css":""},"product_brand":[],"product_cat":[15],"product_tag":[1396,1394,1397,1398,1395,1393],"class_list":{"0":"post-4046","1":"product","2":"type-product","3":"status-publish","4":"has-post-thumbnail","6":"product_cat-stainless-steel-filter-housing","7":"product_tag-car-air-freshener-tablet","8":"product_tag-car-perfume-tablet","9":"product_tag-factory-price-perfume-tablet","10":"product_tag-long-lasting-car-fragrance","11":"product_tag-parfum-tablets","12":"product_tag-solid-perfume-tablet","14":"first","15":"instock","16":"shipping-taxable","17":"product-type-simple"},"_links":{"self":[{"href":"https:\/\/lyfilter.com\/pt\/wp-json\/wp\/v2\/product\/4046","targetHints":{"allow":["GET"]}}],"collection":[{"href":"https:\/\/lyfilter.com\/pt\/wp-json\/wp\/v2\/product"}],"about":[{"href":"https:\/\/lyfilter.com\/pt\/wp-json\/wp\/v2\/types\/product"}],"replies":[{"embeddable":true,"href":"https:\/\/lyfilter.com\/pt\/wp-json\/wp\/v2\/comments?post=4046"}],"wp:featuredmedia":[{"embeddable":true,"href":"https:\/\/lyfilter.com\/pt\/wp-json\/wp\/v2\/media\/4052"}],"wp:attachment":[{"href":"https:\/\/lyfilter.com\/pt\/wp-json\/wp\/v2\/media?parent=4046"}],"wp:term":[{"taxonomy":"product_brand","embeddable":true,"href":"https:\/\/lyfilter.com\/pt\/wp-json\/wp\/v2\/product_brand?post=4046"},{"taxonomy":"product_cat","embeddable":true,"href":"https:\/\/lyfilter.com\/pt\/wp-json\/wp\/v2\/product_cat?post=4046"},{"taxonomy":"product_tag","embeddable":true,"href":"https:\/\/lyfilter.com\/pt\/wp-json\/wp\/v2\/product_tag?post=4046"}],"curies":[{"name":"wp","href":"https:\/\/api.w.org\/{rel}","templated":true}]}}