{"id":4028,"date":"2026-04-03T07:49:31","date_gmt":"2026-04-03T07:49:31","guid":{"rendered":"https:\/\/lyfilter.com\/"},"modified":"2026-04-03T07:49:31","modified_gmt":"2026-04-03T07:49:31","slug":"absolute-microns-pes-material-2-5-5-inch-0-1-micron-filter-cartridge-with-pes-pleated-membrane","status":"publish","type":"product","link":"https:\/\/lyfilter.com\/pt\/absolute-microns-pes-material-2-5-5-inch-0-1-micron-filter-cartridge-with-pes-pleated-membrane\/","title":{"rendered":"Absolute Microns Pes Material 2.5\/5 Inch 0.1 Micron Cartucho de filtro com membrana plissada Pes"},"content":{"rendered":"<p>Concebido para uma filtragem precisa, este cartucho de membrana plissada PES proporciona um desempenho absoluto de 0,1 m\u00edcron nos formatos de 2,5 e 5 polegadas. Ajuda a manter um fluxo limpo, uma reten\u00e7\u00e3o fi\u00e1vel e resultados est\u00e1veis na aplica\u00e7\u00e3o de l\u00edquidos.<\/p>","protected":false},"excerpt":{"rendered":"<table>\n<thead>\n<tr>\n<th>Item<\/th>\n<th>Valor<\/th>\n<th>Item<\/th>\n<th>Valor<\/th>\n<\/tr>\n<\/thead>\n<tbody>\n<tr>\n<td>Sectores aplic\u00e1veis<\/td>\n<td>Hot\u00e9is; Lojas de vestu\u00e1rio; Lojas de materiais de constru\u00e7\u00e3o; F\u00e1brica; Lojas de repara\u00e7\u00e3o de m\u00e1quinas; F\u00e1brica de alimentos e bebidas; Quintas; Restaurante; Uso dom\u00e9stico; Retalho; Loja de alimentos; Gr\u00e1ficas; Obras de constru\u00e7\u00e3o; Energia e minas; Lojas de alimentos e bebidas; Empresa de publicidade<\/td>\n<td>Local de origem<\/td>\n<td>Guangdong, China<\/td>\n<\/tr>\n<tr>\n<td>Nome da marca<\/td>\n<td>Personalizado<\/td>\n<td>Material<\/td>\n<td>Personalizado<\/td>\n<\/tr>\n<tr>\n<td>Peso<\/td>\n<td>Personalizado<\/td>\n<td>Tamanho<\/td>\n<td>Personalizado<\/td>\n<\/tr>\n<tr>\n<td>Pot\u00eancia<\/td>\n<td>0<\/td>\n<td>Garantia<\/td>\n<td>N\u00e3o dispon\u00edvel<\/td>\n<\/tr>\n<tr>\n<td>Nome<\/td>\n<td>Material PES de m\u00edcrones absolutos Cartucho de filtro de 0,1 m\u00edcron de 2,5\/5 polegadas<\/td>\n<td>Material da membrana filtrante<\/td>\n<td>PP\/PVDF\/PTFE\/PES\/Nylon<\/td>\n<\/tr>\n<tr>\n<td>Comprimento<\/td>\n<td>5 \/ 10 \/ 20 \/ 30 \/ 40 \/ 50 \/ 60 polegadas<\/td>\n<td>Conector<\/td>\n<td>Fin\/222\/226\/215\/DOE\/Thread<\/td>\n<\/tr>\n<tr>\n<td>Micron<\/td>\n<td>0.22\/0.5\/1\/3\/5\/10\/25\/50\/75\/100\/150<\/td>\n<td>Material da junta t\u00f3rica<\/td>\n<td>EPDM\/Viton\/Silicone\/Te-flon<\/td>\n<\/tr>\n<tr>\n<td>M\u00e9todo de selagem<\/td>\n<td>Soldadura por fus\u00e3o a quente<\/td>\n<td>Di\u00e2metro<\/td>\n<td>70mm\/OEM<\/td>\n<\/tr>\n<tr>\n<td>N\u00facleo interno<\/td>\n<td>PP\/SS\/OEM<\/td>\n<td>QUANTIDADE M\u00c1XIMA DE ENCOMENDA<\/td>\n<td>Atualmente, n\u00e3o h\u00e1<\/td>\n<\/tr>\n<tr>\n<td>Servi\u00e7o p\u00f3s-venda prestado<\/td>\n<td>Apoio em linha<\/td>\n<td>Unidades de venda<\/td>\n<td>Artigo \u00fanico<\/td>\n<\/tr>\n<tr>\n<td>Tamanho da embalagem individual<\/td>\n<td>68X40X40 cm<\/td>\n<td>Peso bruto \u00fanico<\/td>\n<td>23.000 kg<\/td>\n<\/tr>\n<tr>\n<td>Tipo de embalagem<\/td>\n<td>Material PES de m\u00edcrones absolutos Cartucho de filtro de 2,5\/5 polegadas de 0,1 m\u00edcron com membrana plissada PES: 10 \u2033 50PCS \/ CTN, 20 \u2033 25PCS \/ CTN, 30 \u2033 25PCS \/ CTN, 40 \u2033 25PCS \/ CTN.<\/td>\n<td>Prazo de execu\u00e7\u00e3o<\/td>\n<td>1 - 100: 2 dias; 101 - 500: 5 dias; 501 - 1000: 7 dias; &gt;1000: A negociar<\/td>\n<\/tr>\n<\/tbody>\n<\/table>","protected":false},"featured_media":4030,"comment_status":"open","ping_status":"closed","template":"","meta":{"_gspb_post_css":""},"product_brand":[],"product_cat":[21],"product_tag":[1380,1383,1384,1382,1379,1381],"class_list":{"0":"post-4028","1":"product","2":"type-product","3":"status-publish","4":"has-post-thumbnail","6":"product_cat-pleated-filter-cartridge","7":"product_tag-0-1-micron-filter-cartridge","8":"product_tag-2-5-inch-filter-cartridge","9":"product_tag-5-inch-filter-cartridge","10":"product_tag-absolute-micron-filter","11":"product_tag-pes-filter-cartridge","12":"product_tag-pes-pleated-membrane","14":"first","15":"instock","16":"shipping-taxable","17":"product-type-simple"},"_links":{"self":[{"href":"https:\/\/lyfilter.com\/pt\/wp-json\/wp\/v2\/product\/4028","targetHints":{"allow":["GET"]}}],"collection":[{"href":"https:\/\/lyfilter.com\/pt\/wp-json\/wp\/v2\/product"}],"about":[{"href":"https:\/\/lyfilter.com\/pt\/wp-json\/wp\/v2\/types\/product"}],"replies":[{"embeddable":true,"href":"https:\/\/lyfilter.com\/pt\/wp-json\/wp\/v2\/comments?post=4028"}],"wp:featuredmedia":[{"embeddable":true,"href":"https:\/\/lyfilter.com\/pt\/wp-json\/wp\/v2\/media\/4030"}],"wp:attachment":[{"href":"https:\/\/lyfilter.com\/pt\/wp-json\/wp\/v2\/media?parent=4028"}],"wp:term":[{"taxonomy":"product_brand","embeddable":true,"href":"https:\/\/lyfilter.com\/pt\/wp-json\/wp\/v2\/product_brand?post=4028"},{"taxonomy":"product_cat","embeddable":true,"href":"https:\/\/lyfilter.com\/pt\/wp-json\/wp\/v2\/product_cat?post=4028"},{"taxonomy":"product_tag","embeddable":true,"href":"https:\/\/lyfilter.com\/pt\/wp-json\/wp\/v2\/product_tag?post=4028"}],"curies":[{"name":"wp","href":"https:\/\/api.w.org\/{rel}","templated":true}]}}