{"id":4019,"date":"2026-04-03T07:41:22","date_gmt":"2026-04-03T07:41:22","guid":{"rendered":"https:\/\/lyfilter.com\/"},"modified":"2026-04-03T07:41:22","modified_gmt":"2026-04-03T07:41:22","slug":"5-10-micron-sus304-40-inch-single-cartridge-filter-housing","status":"publish","type":"product","link":"https:\/\/lyfilter.com\/pt\/5-10-micron-sus304-40-inch-single-cartridge-filter-housing\/","title":{"rendered":"Carca\u00e7a de filtro de cartucho \u00fanico de 5 10 m\u00edcrons SUS304 40 polegadas"},"content":{"rendered":"<div class=\"icbu-pc-images magic-1\">\n<div class=\"flex-layout-v\">\n<div class=\"flex-layout-h magic-1\">\n<div class=\"magic-2\"><strong>Caixa de filtro de cartucho simples de 10 20 30 40 polegadas em a\u00e7o inoxid\u00e1vel 304 316L<\/strong><\/div>\n<div class=\"magic-2\"><\/div>\n<div class=\"magic-2\">SS a\u00e7o inoxid\u00e1vel 304 316L 10 20 30 40 polegadas caixa de filtro simples com filtro de cartucho enrolado em cadeia 5 10 microns<\/div>\n<\/div>\n<\/div>\n<\/div>\n<div class=\"detail-decorate-json-renderer-container\">\n<div class=\"magic-4\">\n<div class=\"magic-8\">\n<div class=\"magic-9\">\n<div class=\"magic-10\">\n<p class=\"magic-11\">A caixa de filtro de cartucho de a\u00e7o inoxid\u00e1vel LVYUAN oferece uma vasta gama de capacidades de fluxo e de reten\u00e7\u00e3o de contaminantes.<\/p>\n<p class=\"magic-11\">Os filtros de cartucho s\u00e3o normalmente utilizados como filtros de polimento em quase todas as ind\u00fastrias de transforma\u00e7\u00e3o. O filtro de cartucho \u00e9 constitu\u00eddo por uma caixa de filtro,<\/p>\n<p class=\"magic-11\">cartuchos de filtro, folha de tubo, disposi\u00e7\u00e3o de veda\u00e7\u00e3o positiva para o cartucho, dependendo do tipo de cartucho e da escolha das liga\u00e7\u00f5es finais. A disposi\u00e7\u00e3o de veda\u00e7\u00e3o positiva para o filtro de cartucho assegura a n\u00e3o migra\u00e7\u00e3o de part\u00edculas ou fibras, mesmo ap\u00f3s press\u00f5es diferenciais elevadas.<\/p>\n<\/div>\n<\/div>\n<\/div>\n<\/div>\n<\/div>\n<div class=\"detail-decorate-json-renderer-container\">\n<div class=\"magic-4\">\n<h3 class=\"magic-26\">Carater\u00edsticas:<\/h3>\n<div class=\"magic-8\">\n<div class=\"magic-9\">\n<div class=\"magic-10\">\n<p class=\"magic-11\">1. O tamanho da entrada e da sa\u00edda \u00e9 1\/2\u2033, 3\/4\u2033. 1\u2033 para uma instala\u00e7\u00e3o f\u00e1cil.<\/p>\n<p class=\"magic-11\">2. Press\u00e3o de trabalho 8kg\/0.8Mpa, 10kg\/1Mpa \u00e9 suportada.<\/p>\n<p class=\"magic-11\">3. Utiliza a press\u00e3o da \u00e1gua da torneira para fornecer energia, sem consumo de energia.<\/p>\n<p class=\"magic-11\">4. Montagem na parede ou na bancada, instala\u00e7\u00e3o muito simples.<\/p>\n<p class=\"magic-11\">5. \u00c9 adequado para utiliza\u00e7\u00e3o no interrutor de \u00e1gua mater, para o sistema de pr\u00e9-filtragem e prote\u00e7\u00e3o do sistema RO.<\/p>\n<p class=\"magic-11\">6. Resist\u00eancia a \u00e1cidos e \u00e1lcalis fortes.<\/p>\n<p class=\"magic-11\">7. Baixo custo, adapta-se a diferentes tipos de\u00a0<a href=\"https:\/\/lyfilter.com\/pt\/products.html\/\">elemento filtrante<\/a>s.<\/p>\n<\/div>\n<\/div>\n<\/div>\n<\/div>\n<\/div>","protected":false},"excerpt":{"rendered":"<table>\n<thead>\n<tr>\n<th>Item<\/th>\n<th>Valor<\/th>\n<th>Item<\/th>\n<th>Valor<\/th>\n<\/tr>\n<\/thead>\n<tbody>\n<tr>\n<td>Porto de in\u00edcio<\/td>\n<td>Guangzhou<\/td>\n<td>Local de origem<\/td>\n<td>Guangdong, China<\/td>\n<\/tr>\n<tr>\n<td>Pagamento<\/td>\n<td>T\/T, Garantia de com\u00e9rcio de Alibaba<\/td>\n<td>QUANTIDADE M\u00c1XIMA DE ENCOMENDA<\/td>\n<td>1 unidade<\/td>\n<\/tr>\n<tr>\n<td>Modelo<\/td>\n<td>LY-HFPL<\/td>\n<td>Prazo de entrega<\/td>\n<td>No prazo de 7 dias \u00fateis<\/td>\n<\/tr>\n<tr>\n<td>Certifica\u00e7\u00e3o<\/td>\n<td>ISO 9001<\/td>\n<td>Marca<\/td>\n<td>OEM\/Lvyuan<\/td>\n<\/tr>\n<\/tbody>\n<\/table>","protected":false},"featured_media":4021,"comment_status":"open","ping_status":"closed","template":"","meta":{"_gspb_post_css":""},"product_brand":[],"product_cat":[15],"product_tag":[1372,1374,42,1375,1373,1257],"class_list":{"0":"post-4019","1":"product","2":"type-product","3":"status-publish","4":"has-post-thumbnail","6":"product_cat-stainless-steel-filter-housing","7":"product_tag-50-micron-cartridge-filter","8":"product_tag-glue-liquid-filter","9":"product_tag-industrial-liquid-filtration","10":"product_tag-ss-pneumatic-diaphragm-pump","11":"product_tag-ss304-316l-filter-machine","12":"product_tag-stainless-steel-cartridge-filter","14":"first","15":"instock","16":"shipping-taxable","17":"product-type-simple"},"_links":{"self":[{"href":"https:\/\/lyfilter.com\/pt\/wp-json\/wp\/v2\/product\/4019","targetHints":{"allow":["GET"]}}],"collection":[{"href":"https:\/\/lyfilter.com\/pt\/wp-json\/wp\/v2\/product"}],"about":[{"href":"https:\/\/lyfilter.com\/pt\/wp-json\/wp\/v2\/types\/product"}],"replies":[{"embeddable":true,"href":"https:\/\/lyfilter.com\/pt\/wp-json\/wp\/v2\/comments?post=4019"}],"wp:featuredmedia":[{"embeddable":true,"href":"https:\/\/lyfilter.com\/pt\/wp-json\/wp\/v2\/media\/4021"}],"wp:attachment":[{"href":"https:\/\/lyfilter.com\/pt\/wp-json\/wp\/v2\/media?parent=4019"}],"wp:term":[{"taxonomy":"product_brand","embeddable":true,"href":"https:\/\/lyfilter.com\/pt\/wp-json\/wp\/v2\/product_brand?post=4019"},{"taxonomy":"product_cat","embeddable":true,"href":"https:\/\/lyfilter.com\/pt\/wp-json\/wp\/v2\/product_cat?post=4019"},{"taxonomy":"product_tag","embeddable":true,"href":"https:\/\/lyfilter.com\/pt\/wp-json\/wp\/v2\/product_tag?post=4019"}],"curies":[{"name":"wp","href":"https:\/\/api.w.org\/{rel}","templated":true}]}}