{"id":4013,"date":"2026-04-03T07:38:19","date_gmt":"2026-04-03T07:38:19","guid":{"rendered":"https:\/\/lyfilter.com\/"},"modified":"2026-04-03T07:38:19","modified_gmt":"2026-04-03T07:38:19","slug":"50-microns-ss304-316l-industrial-glue-liquid-filter-stainless-steel-cartridge-filter-machine-with-ss-pneumatic-diaphragm-pump","status":"publish","type":"product","link":"https:\/\/lyfilter.com\/pt\/50-microns-ss304-316l-industrial-glue-liquid-filter-stainless-steel-cartridge-filter-machine-with-ss-pneumatic-diaphragm-pump\/","title":{"rendered":"50 Microns SS304 316L Filtro de cola industrial para l\u00edquidos M\u00e1quina de filtro de cartucho de a\u00e7o inoxid\u00e1vel com bomba de diafragma pneum\u00e1tica Ss"},"content":{"rendered":"<p>Concebida para a filtragem de cola e l\u00edquidos, esta m\u00e1quina de filtragem de cartucho de 50 m\u00edcrones utiliza SS304 e 316L com uma bomba de diafragma pneum\u00e1tica SS para proporcionar um fluxo constante, um processamento mais limpo e um desempenho industrial fi\u00e1vel em cada turno.<\/p>","protected":false},"excerpt":{"rendered":"<table>\n<thead>\n<tr>\n<th>Item<\/th>\n<th>Valor<\/th>\n<th>Item<\/th>\n<th>Valor<\/th>\n<\/tr>\n<\/thead>\n<tbody>\n<tr>\n<td>Sectores aplic\u00e1veis<\/td>\n<td>Hot\u00e9is; Lojas de vestu\u00e1rio; Lojas de materiais de constru\u00e7\u00e3o; F\u00e1brica; Lojas de repara\u00e7\u00e3o de m\u00e1quinas; F\u00e1brica de alimentos e bebidas; Quintas; Restaurante; Uso dom\u00e9stico; Retalho; Loja de alimentos; Gr\u00e1ficas; Obras de constru\u00e7\u00e3o; Energia e minas; Lojas de alimentos e bebidas; Empresa de publicidade<\/td>\n<td>Local de origem<\/td>\n<td>Guangdong, China<\/td>\n<\/tr>\n<tr>\n<td>Nome da marca<\/td>\n<td>LVYUAN\/OEM<\/td>\n<td>Garantia<\/td>\n<td>1 ano<\/td>\n<\/tr>\n<tr>\n<td>Servi\u00e7o p\u00f3s-venda prestado<\/td>\n<td>Apoio em linha<\/td>\n<td>Nome do artigo<\/td>\n<td>Industrial 1 2 3 4 5 fases de tratamento da caixa do cartucho do filtro<\/td>\n<\/tr>\n<tr>\n<td>Material<\/td>\n<td>SS304 \/ SS316L<\/td>\n<td>Material do saco de filtro<\/td>\n<td>SACO PE\/SACO PP<\/td>\n<\/tr>\n<tr>\n<td>Quantidade de filtros de mangas<\/td>\n<td>Caixa de filtro de saco \u00fanico<\/td>\n<td>Tratamento de superf\u00edcie<\/td>\n<td>Polido e jato de areia<\/td>\n<\/tr>\n<tr>\n<td>Anel o-ring de veda\u00e7\u00e3o<\/td>\n<td>Sil\u00e1stico\/NBR\/EPDM\/Viton<\/td>\n<td>Tipo de tampa superior instalada<\/td>\n<td>Tipo de grampo\/tipo de parafuso<\/td>\n<\/tr>\n<tr>\n<td>Tipo de entrada e de sa\u00edda<\/td>\n<td>Rosca interna\/Flange<\/td>\n<td>Tipo de conetor<\/td>\n<td>222\/226\/DOE<\/td>\n<\/tr>\n<tr>\n<td>M\u00e9todo de acondicionamento<\/td>\n<td>Caixa normalizada para exporta\u00e7\u00e3o<\/td>\n<td>Unidades de venda<\/td>\n<td>Artigo \u00fanico<\/td>\n<\/tr>\n<tr>\n<td>Tamanho da embalagem individual<\/td>\n<td>75X50X75 cm<\/td>\n<td>Peso bruto \u00fanico<\/td>\n<td>30.000 kg<\/td>\n<\/tr>\n<tr>\n<td>Tipo de embalagem<\/td>\n<td>50 microns SS304 316L filtro de l\u00edquido de cola industrial m\u00e1quina de filtro de cartucho de a\u00e7o inoxid\u00e1vel com bomba de diafragma pneum\u00e1tica SS: Embalagem: Caixa padr\u00e3o de exporta\u00e7\u00e3o \/ Conforme necess\u00e1rio<\/td>\n<td>Prazo de execu\u00e7\u00e3o<\/td>\n<td>1 - 10: 5 dias; 11 - 100: 10 dias; &gt;100: A negociar<\/td>\n<\/tr>\n<\/tbody>\n<\/table>","protected":false},"featured_media":4016,"comment_status":"open","ping_status":"closed","template":"","meta":{"_gspb_post_css":""},"product_brand":[],"product_cat":[1205],"product_tag":[1372,1374,42,1375,1373,1257],"class_list":{"0":"post-4013","1":"product","2":"type-product","3":"status-publish","4":"has-post-thumbnail","6":"product_cat-stainless-steel-sintered-filter-cartridge","7":"product_tag-50-micron-cartridge-filter","8":"product_tag-glue-liquid-filter","9":"product_tag-industrial-liquid-filtration","10":"product_tag-ss-pneumatic-diaphragm-pump","11":"product_tag-ss304-316l-filter-machine","12":"product_tag-stainless-steel-cartridge-filter","14":"first","15":"instock","16":"shipping-taxable","17":"product-type-simple"},"_links":{"self":[{"href":"https:\/\/lyfilter.com\/pt\/wp-json\/wp\/v2\/product\/4013","targetHints":{"allow":["GET"]}}],"collection":[{"href":"https:\/\/lyfilter.com\/pt\/wp-json\/wp\/v2\/product"}],"about":[{"href":"https:\/\/lyfilter.com\/pt\/wp-json\/wp\/v2\/types\/product"}],"replies":[{"embeddable":true,"href":"https:\/\/lyfilter.com\/pt\/wp-json\/wp\/v2\/comments?post=4013"}],"wp:featuredmedia":[{"embeddable":true,"href":"https:\/\/lyfilter.com\/pt\/wp-json\/wp\/v2\/media\/4016"}],"wp:attachment":[{"href":"https:\/\/lyfilter.com\/pt\/wp-json\/wp\/v2\/media?parent=4013"}],"wp:term":[{"taxonomy":"product_brand","embeddable":true,"href":"https:\/\/lyfilter.com\/pt\/wp-json\/wp\/v2\/product_brand?post=4013"},{"taxonomy":"product_cat","embeddable":true,"href":"https:\/\/lyfilter.com\/pt\/wp-json\/wp\/v2\/product_cat?post=4013"},{"taxonomy":"product_tag","embeddable":true,"href":"https:\/\/lyfilter.com\/pt\/wp-json\/wp\/v2\/product_tag?post=4013"}],"curies":[{"name":"wp","href":"https:\/\/api.w.org\/{rel}","templated":true}]}}