{"id":4011,"date":"2026-04-03T07:34:57","date_gmt":"2026-04-03T07:34:57","guid":{"rendered":"https:\/\/lyfilter.com\/"},"modified":"2026-04-03T07:34:57","modified_gmt":"2026-04-03T07:34:57","slug":"lvyuan-wound-filter-cartridge-wholesaler-for-industry","status":"publish","type":"product","link":"https:\/\/lyfilter.com\/pt\/lvyuan-wound-filter-cartridge-wholesaler-for-industry\/","title":{"rendered":"Lvyuan Wound Filter Cartridge Atacadista para a ind\u00fastria"},"content":{"rendered":"<p>Concebido para a filtragem industrial, o cartucho de filtro enrolado Lvyuan capta sedimentos e part\u00edculas finas, mantendo o fluxo est\u00e1vel. \u00c9 uma escolha pr\u00e1tica por grosso para f\u00e1bricas que necessitam de um desempenho fi\u00e1vel dia ap\u00f3s dia.<\/p>","protected":false},"excerpt":{"rendered":"<table>\n<thead>\n<tr>\n<th>Item<\/th>\n<th>Valor<\/th>\n<th>Item<\/th>\n<th>Valor<\/th>\n<\/tr>\n<\/thead>\n<tbody>\n<tr>\n<td>Estado<\/td>\n<td>Novo<\/td>\n<td>Sectores aplic\u00e1veis<\/td>\n<td>Hot\u00e9is; Lojas de vestu\u00e1rio; Lojas de materiais de constru\u00e7\u00e3o; F\u00e1brica; Lojas de repara\u00e7\u00e3o de m\u00e1quinas; F\u00e1brica de alimentos e bebidas; Quintas; Restaurante; Uso dom\u00e9stico; Retalho; Loja de alimentos; Gr\u00e1ficas; Obras de constru\u00e7\u00e3o; Energia e minas; Lojas de alimentos e bebidas; Empresa de publicidade<\/td>\n<\/tr>\n<tr>\n<td>Local de origem<\/td>\n<td>Guangdong, China<\/td>\n<td>Nome da marca<\/td>\n<td>Personalizado<\/td>\n<\/tr>\n<tr>\n<td>Material<\/td>\n<td>Personalizado; fibra de polipropileno; algod\u00e3o absorvente; fibra de vidro<\/td>\n<td>Peso<\/td>\n<td>Personalizado<\/td>\n<\/tr>\n<tr>\n<td>Tamanho<\/td>\n<td>Personalizado<\/td>\n<td>Pot\u00eancia<\/td>\n<td>0<\/td>\n<\/tr>\n<tr>\n<td>Garantia<\/td>\n<td>N\u00e3o dispon\u00edvel<\/td>\n<td>Item<\/td>\n<td>Cartucho de filtro enrolado em rosca pp de 10 m\u00edcrons para equipamento eletr\u00f3nico<\/td>\n<\/tr>\n<tr>\n<td>N\u00facleo<\/td>\n<td>PP\/SS<\/td>\n<td>Micron<\/td>\n<td>1\/5\/10\/20\/30\/50\/75\/100<\/td>\n<\/tr>\n<tr>\n<td>Di\u00e2metro interno<\/td>\n<td>28mm \/ 30mm \/ OEM<\/td>\n<td>Comprimento<\/td>\n<td>5\u2033 \/ 10\u2033 \/ 20\u2033 \/ 30\u2033 \/ 40\u2033 \/ 50\u2033 \/ 60\u2033<\/td>\n<\/tr>\n<tr>\n<td>Filtro enrolado em PP + n\u00facleo em PP<\/td>\n<td>60\u2103<\/td>\n<td>Filtro enrolado PP+SS<\/td>\n<td>100\u2103<\/td>\n<\/tr>\n<tr>\n<td>Filtro de algod\u00e3o+SS<\/td>\n<td>120\u2103<\/td>\n<td>Fibra de vidro+SS<\/td>\n<td>180 - 300\u2103<\/td>\n<\/tr>\n<tr>\n<td>Servi\u00e7o p\u00f3s-venda prestado<\/td>\n<td>Apoio em linha<\/td>\n<td>Unidades de venda<\/td>\n<td>Artigo \u00fanico<\/td>\n<\/tr>\n<tr>\n<td>Tamanho da embalagem individual<\/td>\n<td>104X5X5 cm<\/td>\n<td>Peso bruto \u00fanico<\/td>\n<td>0,200 kg<\/td>\n<\/tr>\n<tr>\n<td>Tipo de embalagem<\/td>\n<td>China filtro de fio de polipropileno puro 10 micron pp thread wound cartucho de filtro para f\u00e1brica de equipamentos eletr\u00f4nicos: 51x31x33cm- 10\u2033 25pcs\/20\u2033 25pcs<\/td>\n<td>Prazo de execu\u00e7\u00e3o<\/td>\n<td>1 - 500: 2 dias; 501 - 1000: 5 dias; 1001 - 5000: 7 dias; &gt;5000: A negociar<\/td>\n<\/tr>\n<\/tbody>\n<\/table>","protected":false},"featured_media":4012,"comment_status":"open","ping_status":"closed","template":"","meta":{"_gspb_post_css":""},"product_brand":[],"product_cat":[1095],"product_tag":[1371,743,1370,1369,325,1098],"class_list":{"0":"post-4011","1":"product","2":"type-product","3":"status-publish","4":"has-post-thumbnail","6":"product_cat-string-wound-filter-cartridge","7":"product_tag-filter-cartridge-wholesaler","8":"product_tag-industrial-water-filter-cartridge","9":"product_tag-industrial-wound-filter","10":"product_tag-lvyuan-wound-filter-cartridge","11":"product_tag-sediment-filter-cartridge","12":"product_tag-string-wound-filter-cartridge","14":"first","15":"instock","16":"shipping-taxable","17":"product-type-simple"},"_links":{"self":[{"href":"https:\/\/lyfilter.com\/pt\/wp-json\/wp\/v2\/product\/4011","targetHints":{"allow":["GET"]}}],"collection":[{"href":"https:\/\/lyfilter.com\/pt\/wp-json\/wp\/v2\/product"}],"about":[{"href":"https:\/\/lyfilter.com\/pt\/wp-json\/wp\/v2\/types\/product"}],"replies":[{"embeddable":true,"href":"https:\/\/lyfilter.com\/pt\/wp-json\/wp\/v2\/comments?post=4011"}],"wp:featuredmedia":[{"embeddable":true,"href":"https:\/\/lyfilter.com\/pt\/wp-json\/wp\/v2\/media\/4012"}],"wp:attachment":[{"href":"https:\/\/lyfilter.com\/pt\/wp-json\/wp\/v2\/media?parent=4011"}],"wp:term":[{"taxonomy":"product_brand","embeddable":true,"href":"https:\/\/lyfilter.com\/pt\/wp-json\/wp\/v2\/product_brand?post=4011"},{"taxonomy":"product_cat","embeddable":true,"href":"https:\/\/lyfilter.com\/pt\/wp-json\/wp\/v2\/product_cat?post=4011"},{"taxonomy":"product_tag","embeddable":true,"href":"https:\/\/lyfilter.com\/pt\/wp-json\/wp\/v2\/product_tag?post=4011"}],"curies":[{"name":"wp","href":"https:\/\/api.w.org\/{rel}","templated":true}]}}