{"id":4000,"date":"2026-04-03T07:25:15","date_gmt":"2026-04-03T07:25:15","guid":{"rendered":"https:\/\/lyfilter.com\/"},"modified":"2026-04-03T07:25:15","modified_gmt":"2026-04-03T07:25:15","slug":"standard-carbon-filter-manufacturers-for-purify","status":"publish","type":"product","link":"https:\/\/lyfilter.com\/pt\/standard-carbon-filter-manufacturers-for-purify\/","title":{"rendered":"Fabricantes de filtros de carbono padr\u00e3o para purifica\u00e7\u00e3o"},"content":{"rendered":"<p>Constru\u00eddo para as necessidades pr\u00e1ticas de purifica\u00e7\u00e3o, este filtro de carv\u00e3o padr\u00e3o ajuda a reduzir as impurezas indesejadas, mantendo o fluxo est\u00e1vel. A sua estrutura fi\u00e1vel permite uma sa\u00edda mais limpa, uma substitui\u00e7\u00e3o simples e um desempenho di\u00e1rio fi\u00e1vel.<\/p>","protected":false},"excerpt":{"rendered":"<table>\n<thead>\n<tr>\n<th>Campo<\/th>\n<th>Valor<\/th>\n<\/tr>\n<\/thead>\n<tbody>\n<tr>\n<td>Tipo<\/td>\n<td>Pe\u00e7as para filtros de \u00e1gua<\/td>\n<\/tr>\n<tr>\n<td>Servi\u00e7o p\u00f3s-venda prestado<\/td>\n<td>Centros de atendimento no estrangeiro<\/td>\n<\/tr>\n<tr>\n<td>Garantia<\/td>\n<td>nenhum<\/td>\n<\/tr>\n<tr>\n<td>Aplica\u00e7\u00e3o<\/td>\n<td>Autom\u00f3vel, caravana, exterior, hotel, garagem, comercial, dom\u00e9stico<\/td>\n<\/tr>\n<tr>\n<td>Fonte de energia<\/td>\n<td>Manual<\/td>\n<\/tr>\n<tr>\n<td>Local de origem<\/td>\n<td>Guangdong, China<\/td>\n<\/tr>\n<tr>\n<td>Nome da marca<\/td>\n<td>Lvyuan \/ OEM<\/td>\n<\/tr>\n<tr>\n<td>N\u00famero do modelo<\/td>\n<td>LY-AC-DF<\/td>\n<\/tr>\n<tr>\n<td>Nome do produto<\/td>\n<td>filtro de garrafa de disco de carbono<\/td>\n<\/tr>\n<tr>\n<td>Tamanho<\/td>\n<td>Personalizado<\/td>\n<\/tr>\n<tr>\n<td>Taxa de microns<\/td>\n<td>1, 3, 5, 10, 20, 50, 100um<\/td>\n<\/tr>\n<tr>\n<td>Material<\/td>\n<td>carv\u00e3o ativado, casca de coco<\/td>\n<\/tr>\n<tr>\n<td>Comprimento<\/td>\n<td>OEM, 5\u2033, 10\u2033, 20\u2033, 30\u2033, 40\u2033<\/td>\n<\/tr>\n<tr>\n<td>Di\u00e2metro exterior<\/td>\n<td>OEM, 50, 60, 70, 80 mm<\/td>\n<\/tr>\n<tr>\n<td>Tampa da extremidade<\/td>\n<td>Interface de rosca DOE, SOE, 222, 226, 215, M36, M24, M22, M20<\/td>\n<\/tr>\n<tr>\n<td>Certifica\u00e7\u00e3o<\/td>\n<td>SGS\/ISO9001<\/td>\n<\/tr>\n<tr>\n<td>Utiliza\u00e7\u00e3o<\/td>\n<td>Purifica\u00e7\u00e3o do ar ou da \u00e1gua<\/td>\n<\/tr>\n<tr>\n<td>Press\u00e3o de trabalho<\/td>\n<td>0,1 a 30Mpa<\/td>\n<\/tr>\n<tr>\n<td>Capacidade de fornecimento<\/td>\n<td>5000 unidades\/pe\u00e7as por dia de placa de filtro de carbono<\/td>\n<\/tr>\n<tr>\n<td>Descri\u00e7\u00e3o<\/td>\n<td>China Fabrica\u00e7\u00e3o de alta qualidade de carbono ativo disco de carbono filtro garrafa de \u00e1gua para purifica\u00e7\u00e3o de \u00e1gua do filtro<\/td>\n<\/tr>\n<\/tbody>\n<\/table>","protected":false},"featured_media":4002,"comment_status":"open","ping_status":"closed","template":"","meta":{"_gspb_post_css":""},"product_brand":[],"product_cat":[1339],"product_tag":[1360,1363,1362,1359,1136,1361],"class_list":{"0":"post-4000","1":"product","2":"type-product","3":"status-publish","4":"has-post-thumbnail","6":"product_cat-carbon-filter","7":"product_tag-carbon-filter-for-purification","8":"product_tag-filtration-carbon-element","9":"product_tag-replacement-carbon-filter","10":"product_tag-standard-carbon-filter","11":"product_tag-water-filter-locks","12":"product_tag-water-treatment-carbon-filter","14":"first","15":"instock","16":"shipping-taxable","17":"product-type-simple"},"_links":{"self":[{"href":"https:\/\/lyfilter.com\/pt\/wp-json\/wp\/v2\/product\/4000","targetHints":{"allow":["GET"]}}],"collection":[{"href":"https:\/\/lyfilter.com\/pt\/wp-json\/wp\/v2\/product"}],"about":[{"href":"https:\/\/lyfilter.com\/pt\/wp-json\/wp\/v2\/types\/product"}],"replies":[{"embeddable":true,"href":"https:\/\/lyfilter.com\/pt\/wp-json\/wp\/v2\/comments?post=4000"}],"wp:featuredmedia":[{"embeddable":true,"href":"https:\/\/lyfilter.com\/pt\/wp-json\/wp\/v2\/media\/4002"}],"wp:attachment":[{"href":"https:\/\/lyfilter.com\/pt\/wp-json\/wp\/v2\/media?parent=4000"}],"wp:term":[{"taxonomy":"product_brand","embeddable":true,"href":"https:\/\/lyfilter.com\/pt\/wp-json\/wp\/v2\/product_brand?post=4000"},{"taxonomy":"product_cat","embeddable":true,"href":"https:\/\/lyfilter.com\/pt\/wp-json\/wp\/v2\/product_cat?post=4000"},{"taxonomy":"product_tag","embeddable":true,"href":"https:\/\/lyfilter.com\/pt\/wp-json\/wp\/v2\/product_tag?post=4000"}],"curies":[{"name":"wp","href":"https:\/\/api.w.org\/{rel}","templated":true}]}}