{"id":3985,"date":"2026-04-03T07:18:19","date_gmt":"2026-04-03T07:18:19","guid":{"rendered":"https:\/\/lyfilter.com\/"},"modified":"2026-04-03T07:18:19","modified_gmt":"2026-04-03T07:18:19","slug":"20-inch-5-micron-jumbo-pp-membrane-pleated-water-filter-cartridge-with-net-end-code-connection-227-fin-flat-doe","status":"publish","type":"product","link":"https:\/\/lyfilter.com\/pt\/20-inch-5-micron-jumbo-pp-membrane-pleated-water-filter-cartridge-with-net-end-code-connection-227-fin-flat-doe\/","title":{"rendered":"Cartucho de filtro de \u00e1gua plissado de membrana PP Jumbo de 20 polegadas e 5 m\u00edcrons com conex\u00e3o de c\u00f3digo de extremidade l\u00edquida 227\/Fin\/Flat\/Doe"},"content":{"rendered":"<p>Constru\u00eddo para uma filtragem de \u00e1gua fi\u00e1vel, este cartucho plissado de membrana PP jumbo de 20 polegadas capta part\u00edculas finas com uma precis\u00e3o de 5 microns. As suas op\u00e7\u00f5es de liga\u00e7\u00e3o 227, aleta, plana e DOE permitem uma adapta\u00e7\u00e3o flex\u00edvel e um desempenho di\u00e1rio est\u00e1vel.<\/p>","protected":false},"excerpt":{"rendered":"<table>\n<thead>\n<tr>\n<th>Campo<\/th>\n<th>Valor<\/th>\n<\/tr>\n<\/thead>\n<tbody>\n<tr>\n<td>Estado<\/td>\n<td>Novo<\/td>\n<\/tr>\n<tr>\n<td>Sectores aplic\u00e1veis<\/td>\n<td>Hot\u00e9is, lojas de vestu\u00e1rio, lojas de materiais de constru\u00e7\u00e3o, f\u00e1bricas, lojas de repara\u00e7\u00e3o de m\u00e1quinas, f\u00e1bricas de alimentos e bebidas, quintas, restaurantes, uso dom\u00e9stico, com\u00e9rcio a retalho, lojas de alimentos, gr\u00e1ficas, obras de constru\u00e7\u00e3o, energia e minas, lojas de alimentos e bebidas, empresas de publicidade<\/td>\n<\/tr>\n<tr>\n<td>Servi\u00e7o p\u00f3s-garantia<\/td>\n<td>Apoio em linha<\/td>\n<\/tr>\n<tr>\n<td>Localiza\u00e7\u00e3o do servi\u00e7o local<\/td>\n<td>nenhum<\/td>\n<\/tr>\n<tr>\n<td>Localiza\u00e7\u00e3o da sala de exposi\u00e7\u00f5es<\/td>\n<td>nenhum<\/td>\n<\/tr>\n<tr>\n<td>Inspe\u00e7\u00e3o de sa\u00edda de v\u00eddeo<\/td>\n<td>Fornecido<\/td>\n<\/tr>\n<tr>\n<td>Relat\u00f3rio de ensaio de m\u00e1quinas<\/td>\n<td>N\u00e3o dispon\u00edvel<\/td>\n<\/tr>\n<tr>\n<td>Tipo de marketing<\/td>\n<td>Produto normal<\/td>\n<\/tr>\n<tr>\n<td>Garantia dos componentes principais<\/td>\n<td>N\u00e3o dispon\u00edvel<\/td>\n<\/tr>\n<tr>\n<td>Local de origem<\/td>\n<td>Guangdong, China<\/td>\n<\/tr>\n<tr>\n<td>Nome da marca<\/td>\n<td>Lvyuan \/ OEM<\/td>\n<\/tr>\n<tr>\n<td>Material<\/td>\n<td>Elemento de filtro plissado<\/td>\n<\/tr>\n<tr>\n<td>Peso<\/td>\n<td>depende<\/td>\n<\/tr>\n<tr>\n<td>Tamanho<\/td>\n<td>padr\u00e3o, personaliza\u00e7\u00e3o<\/td>\n<\/tr>\n<tr>\n<td>Pot\u00eancia<\/td>\n<td>0<\/td>\n<\/tr>\n<tr>\n<td>Garantia<\/td>\n<td>N\u00e3o dispon\u00edvel<\/td>\n<\/tr>\n<tr>\n<td>Nome do produto<\/td>\n<td>cartucho de filtro pp<\/td>\n<\/tr>\n<tr>\n<td>Taxa de microns<\/td>\n<td>0,1, 0,5, 1, 5, 10 ~60um<\/td>\n<\/tr>\n<tr>\n<td>Material do cartucho plissado<\/td>\n<td>PP\/PTFE\/PES \/Nylon 6 \/PVDF<\/td>\n<\/tr>\n<tr>\n<td>Comprimento<\/td>\n<td>5\u2033, 10\u2033, 20\u2033, 30\u2033, 40\u2033, OEM<\/td>\n<\/tr>\n<tr>\n<td>Meios filtrantes<\/td>\n<td>Membrana de polipropileno<\/td>\n<\/tr>\n<tr>\n<td>Tampa da extremidade<\/td>\n<td>DOE, 222+Fin, 222+Flat, 226+Fin, 226+Flat<\/td>\n<\/tr>\n<tr>\n<td>Material da junta\/anel<\/td>\n<td>Sil\u00edcio\/EPDM\/NBR\/Viton\/Telfon<\/td>\n<\/tr>\n<tr>\n<td>Utiliza\u00e7\u00e3o<\/td>\n<td>elementos filtrantes para l\u00edquidos, pe\u00e7as para filtros de \u00e1gua<\/td>\n<\/tr>\n<tr>\n<td>N\u00facleo interno<\/td>\n<td>PP \/ a\u00e7o inoxid\u00e1vel<\/td>\n<\/tr>\n<tr>\n<td>Certifica\u00e7\u00e3o<\/td>\n<td>SG\/S\/ISO9001<\/td>\n<\/tr>\n<tr>\n<td>Componentes principais<\/td>\n<td>cartuchos de filtro de l\u00edquidos<\/td>\n<\/tr>\n<tr>\n<td>Capacidade de fornecimento<\/td>\n<td>5000 unidades\/pe\u00e7as por dia Filtro pp de 5 m\u00edcrons<\/td>\n<\/tr>\n<\/tbody>\n<\/table>","protected":false},"featured_media":3989,"comment_status":"open","ping_status":"closed","template":"","meta":{"_gspb_post_css":""},"product_brand":[],"product_cat":[1339],"product_tag":[691,1353,1351,1352,1350,1136],"class_list":{"0":"post-3985","1":"product","2":"type-product","3":"status-publish","4":"has-post-thumbnail","6":"product_cat-carbon-filter","7":"product_tag-20-inch-water-filter-cartridge","8":"product_tag-227-fin-flat-connection-filter","9":"product_tag-5-micron-pleated-filter","10":"product_tag-doe-end-code-filter","11":"product_tag-jumbo-pp-pleated-filter-cartridge","12":"product_tag-water-filter-locks","14":"first","15":"instock","16":"shipping-taxable","17":"product-type-simple"},"_links":{"self":[{"href":"https:\/\/lyfilter.com\/pt\/wp-json\/wp\/v2\/product\/3985","targetHints":{"allow":["GET"]}}],"collection":[{"href":"https:\/\/lyfilter.com\/pt\/wp-json\/wp\/v2\/product"}],"about":[{"href":"https:\/\/lyfilter.com\/pt\/wp-json\/wp\/v2\/types\/product"}],"replies":[{"embeddable":true,"href":"https:\/\/lyfilter.com\/pt\/wp-json\/wp\/v2\/comments?post=3985"}],"wp:featuredmedia":[{"embeddable":true,"href":"https:\/\/lyfilter.com\/pt\/wp-json\/wp\/v2\/media\/3989"}],"wp:attachment":[{"href":"https:\/\/lyfilter.com\/pt\/wp-json\/wp\/v2\/media?parent=3985"}],"wp:term":[{"taxonomy":"product_brand","embeddable":true,"href":"https:\/\/lyfilter.com\/pt\/wp-json\/wp\/v2\/product_brand?post=3985"},{"taxonomy":"product_cat","embeddable":true,"href":"https:\/\/lyfilter.com\/pt\/wp-json\/wp\/v2\/product_cat?post=3985"},{"taxonomy":"product_tag","embeddable":true,"href":"https:\/\/lyfilter.com\/pt\/wp-json\/wp\/v2\/product_tag?post=3985"}],"curies":[{"name":"wp","href":"https:\/\/api.w.org\/{rel}","templated":true}]}}