{"id":3949,"date":"2026-04-03T07:00:04","date_gmt":"2026-04-03T07:00:04","guid":{"rendered":"https:\/\/lyfilter.com\/"},"modified":"2026-04-03T07:00:04","modified_gmt":"2026-04-03T07:00:04","slug":"20-30-inch-100-polypropylene-pp-yarn-wire-wound-water-filter-for-water-treatment-5-micron-cartridge-filter-replaced","status":"publish","type":"product","link":"https:\/\/lyfilter.com\/pt\/20-30-inch-100-polypropylene-pp-yarn-wire-wound-water-filter-for-water-treatment-5-micron-cartridge-filter-replaced\/","title":{"rendered":"20 30 polegadas 100% Filtro de \u00e1gua enrolado em fio de polipropileno PP para tratamento de \u00e1gua Filtro de cartucho de 5 m\u00edcrons substitu\u00eddo"},"content":{"rendered":"<p>Concebido para o tratamento de \u00e1gua, este filtro de fio enrolado de polipropileno PP 100% ajuda a captar sedimentos com uma precis\u00e3o de 5 m\u00edcrones. As suas op\u00e7\u00f5es de 20 e 30 polegadas suportam um fluxo constante, uma filtragem fi\u00e1vel e uma utiliza\u00e7\u00e3o pr\u00e1tica de substitui\u00e7\u00e3o di\u00e1ria.<\/p>","protected":false},"excerpt":{"rendered":"<table>\n<thead>\n<tr>\n<th>Campo<\/th>\n<th>Valor<\/th>\n<\/tr>\n<\/thead>\n<tbody>\n<tr>\n<td>Sectores aplic\u00e1veis<\/td>\n<td>F\u00e1brica de alimentos e bebidas, restaurante, uso dom\u00e9stico, loja de alimentos, gr\u00e1ficas, obras de constru\u00e7\u00e3o, energia e minas, lojas de alimentos e bebidas, empresa de publicidade<\/td>\n<\/tr>\n<tr>\n<td>Local de origem<\/td>\n<td>Guangdong, China<\/td>\n<\/tr>\n<tr>\n<td>Nome da marca<\/td>\n<td>LVYUAN\/OEM<\/td>\n<\/tr>\n<tr>\n<td>Material<\/td>\n<td>Polipropileno\/Fibra de vidro\/Algod\u00e3o, fibra de polipropileno, algod\u00e3o absorvente, fibra de vidro<\/td>\n<\/tr>\n<tr>\n<td>Peso<\/td>\n<td>Refer\u00eancia<\/td>\n<\/tr>\n<tr>\n<td>Tamanho<\/td>\n<td>10\u2033\/20\u2033\/30\u2033\/40\u2033\/50\u2033<\/td>\n<\/tr>\n<tr>\n<td>Pot\u00eancia<\/td>\n<td>0<\/td>\n<\/tr>\n<tr>\n<td>Garantia<\/td>\n<td>N\u00e3o dispon\u00edvel<\/td>\n<\/tr>\n<tr>\n<td>Item<\/td>\n<td>10 20 30 polegadas 100% filtro de \u00e1gua com fio de polipropileno PP<\/td>\n<\/tr>\n<tr>\n<td>N\u00facleo<\/td>\n<td>PP\/SS<\/td>\n<\/tr>\n<tr>\n<td>Micron<\/td>\n<td>1\/5\/10\/20\/30\/50\/75\/100<\/td>\n<\/tr>\n<tr>\n<td>Di\u00e2metro interno<\/td>\n<td>28mm \/ 30mm \/ OEM<\/td>\n<\/tr>\n<tr>\n<td>Comprimento<\/td>\n<td>5\u2033 \/ 10\u2033 \/ 20\u2033 \/ 30\u2033 \/ 40\u2033 \/ 50\u2033 \/ 60\u2033<\/td>\n<\/tr>\n<tr>\n<td>Filtro enrolado em PP + n\u00facleo em PP<\/td>\n<td>65\u2103<\/td>\n<\/tr>\n<tr>\n<td>Filtro enrolado PP+SS<\/td>\n<td>120\u2103<\/td>\n<\/tr>\n<tr>\n<td>Filtro de algod\u00e3o+SS<\/td>\n<td>180\u2103<\/td>\n<\/tr>\n<tr>\n<td>Fibra de vidro+SS<\/td>\n<td>180 - 300\u2103<\/td>\n<\/tr>\n<tr>\n<td>Servi\u00e7o p\u00f3s-venda prestado<\/td>\n<td>Apoio em linha<\/td>\n<\/tr>\n<tr>\n<td>Capacidade de fornecimento<\/td>\n<td>1000 unidades\/pe\u00e7as por dia<\/td>\n<\/tr>\n<\/tbody>\n<\/table>","protected":false},"featured_media":3953,"comment_status":"open","ping_status":"closed","template":"","meta":{"_gspb_post_css":""},"product_brand":[],"product_cat":[1095],"product_tag":[1172,1333,1296,1136,878,1334],"class_list":{"0":"post-3949","1":"product","2":"type-product","3":"status-publish","4":"has-post-thumbnail","6":"product_cat-string-wound-filter-cartridge","7":"product_tag-5-micron-cartridge-filter","8":"product_tag-polypropylene-pp-yarn-filter","9":"product_tag-sediment-water-filter","10":"product_tag-water-filter-locks","11":"product_tag-water-treatment-filter-cartridge","12":"product_tag-wire-wound-water-filter","14":"first","15":"instock","16":"shipping-taxable","17":"product-type-simple"},"_links":{"self":[{"href":"https:\/\/lyfilter.com\/pt\/wp-json\/wp\/v2\/product\/3949","targetHints":{"allow":["GET"]}}],"collection":[{"href":"https:\/\/lyfilter.com\/pt\/wp-json\/wp\/v2\/product"}],"about":[{"href":"https:\/\/lyfilter.com\/pt\/wp-json\/wp\/v2\/types\/product"}],"replies":[{"embeddable":true,"href":"https:\/\/lyfilter.com\/pt\/wp-json\/wp\/v2\/comments?post=3949"}],"wp:featuredmedia":[{"embeddable":true,"href":"https:\/\/lyfilter.com\/pt\/wp-json\/wp\/v2\/media\/3953"}],"wp:attachment":[{"href":"https:\/\/lyfilter.com\/pt\/wp-json\/wp\/v2\/media?parent=3949"}],"wp:term":[{"taxonomy":"product_brand","embeddable":true,"href":"https:\/\/lyfilter.com\/pt\/wp-json\/wp\/v2\/product_brand?post=3949"},{"taxonomy":"product_cat","embeddable":true,"href":"https:\/\/lyfilter.com\/pt\/wp-json\/wp\/v2\/product_cat?post=3949"},{"taxonomy":"product_tag","embeddable":true,"href":"https:\/\/lyfilter.com\/pt\/wp-json\/wp\/v2\/product_tag?post=3949"}],"curies":[{"name":"wp","href":"https:\/\/api.w.org\/{rel}","templated":true}]}}