{"id":3934,"date":"2026-04-03T06:52:08","date_gmt":"2026-04-03T06:52:08","guid":{"rendered":"https:\/\/lyfilter.com\/"},"modified":"2026-04-03T06:52:08","modified_gmt":"2026-04-03T06:52:08","slug":"0-45um-5-inch-10-inch-industrial-ptfe-membrane-replacement-filter-element-pleated-filter-for-gas-air-filtration","status":"publish","type":"product","link":"https:\/\/lyfilter.com\/pt\/0-45um-5-inch-10-inch-industrial-ptfe-membrane-replacement-filter-element-pleated-filter-for-gas-air-filtration\/","title":{"rendered":"0.45Um 5 Polegadas 10 Polegadas Industrial Ptfe Membrana Substitui\u00e7\u00e3o Filtro Elemento Filtro Plissado Para Filtra\u00e7\u00e3o de G\u00e1s\/Ar"},"content":{"rendered":"<p>Concebido para a filtragem de g\u00e1s e ar limpo, este elemento filtrante de substitui\u00e7\u00e3o plissado de PTFE de 0,45um est\u00e1 dispon\u00edvel em tamanhos de 5 e 10 polegadas. Suporta um controlo fi\u00e1vel das part\u00edculas, um fluxo suave e um desempenho est\u00e1vel em sistemas exigentes.<\/p>","protected":false},"excerpt":{"rendered":"<table>\n<thead>\n<tr>\n<th>Campo<\/th>\n<th>Valor<\/th>\n<\/tr>\n<\/thead>\n<tbody>\n<tr>\n<td>Sectores aplic\u00e1veis<\/td>\n<td>F\u00e1brica de produ\u00e7\u00e3o, F\u00e1brica de alimentos e bebidas, tratamento de \u00e1gua<\/td>\n<\/tr>\n<tr>\n<td>Local de origem<\/td>\n<td>Guangdong, China<\/td>\n<\/tr>\n<tr>\n<td>Nome da marca<\/td>\n<td>Lvyuan, OEM, ODM<\/td>\n<\/tr>\n<tr>\n<td>Material<\/td>\n<td>Membrana PTFE<\/td>\n<\/tr>\n<tr>\n<td>Peso<\/td>\n<td>personalizado<\/td>\n<\/tr>\n<tr>\n<td>Tamanho<\/td>\n<td>personalizado<\/td>\n<\/tr>\n<tr>\n<td>Pot\u00eancia<\/td>\n<td>personalizado<\/td>\n<\/tr>\n<tr>\n<td>Garantia<\/td>\n<td>N\u00e3o dispon\u00edvel<\/td>\n<\/tr>\n<tr>\n<td>Carater\u00edstica<\/td>\n<td>aumento da \u00e1rea de filtragem<\/td>\n<\/tr>\n<tr>\n<td>comprimento<\/td>\n<td>10\/20\/30\/40 Polegadas<\/td>\n<\/tr>\n<tr>\n<td>Certifica\u00e7\u00e3o<\/td>\n<td>SGS<\/td>\n<\/tr>\n<tr>\n<td>Forma<\/td>\n<td>cilindro<\/td>\n<\/tr>\n<tr>\n<td>Utiliza\u00e7\u00e3o<\/td>\n<td>tratamento da \u00e1gua<\/td>\n<\/tr>\n<tr>\n<td>Aplica\u00e7\u00e3o<\/td>\n<td>setorial<\/td>\n<\/tr>\n<tr>\n<td>Cor<\/td>\n<td>branco<\/td>\n<\/tr>\n<tr>\n<td>Embalagem<\/td>\n<td>caixa de papel<\/td>\n<\/tr>\n<tr>\n<td>Outro nome<\/td>\n<td>cartucho de filtro dobr\u00e1vel<\/td>\n<\/tr>\n<tr>\n<td>Meios filtrantes<\/td>\n<td>PP\/PES\/PTFE\/PVDF\/Nylon<\/td>\n<\/tr>\n<tr>\n<td>Servi\u00e7o p\u00f3s-venda prestado<\/td>\n<td>Apoio em linha<\/td>\n<\/tr>\n<tr>\n<td>Capacidade de fornecimento<\/td>\n<td>500 pe\u00e7as\/pe\u00e7as por m\u00eas<\/td>\n<\/tr>\n<\/tbody>\n<\/table>","protected":false},"featured_media":3937,"comment_status":"open","ping_status":"closed","template":"","meta":{"_gspb_post_css":""},"product_brand":[],"product_cat":[15],"product_tag":[1327,1329,1328,1326,1325,1136],"class_list":{"0":"post-3934","1":"product","2":"type-product","3":"status-publish","4":"has-post-thumbnail","6":"product_cat-stainless-steel-filter-housing","7":"product_tag-0-45um-filter-element","8":"product_tag-5-inch-10-inch-filter","9":"product_tag-gas-air-filtration-filter","10":"product_tag-pleated-replacement-filter","11":"product_tag-ptfe-membrane-filter","12":"product_tag-water-filter-locks","14":"first","15":"instock","16":"shipping-taxable","17":"product-type-simple"},"_links":{"self":[{"href":"https:\/\/lyfilter.com\/pt\/wp-json\/wp\/v2\/product\/3934","targetHints":{"allow":["GET"]}}],"collection":[{"href":"https:\/\/lyfilter.com\/pt\/wp-json\/wp\/v2\/product"}],"about":[{"href":"https:\/\/lyfilter.com\/pt\/wp-json\/wp\/v2\/types\/product"}],"replies":[{"embeddable":true,"href":"https:\/\/lyfilter.com\/pt\/wp-json\/wp\/v2\/comments?post=3934"}],"wp:featuredmedia":[{"embeddable":true,"href":"https:\/\/lyfilter.com\/pt\/wp-json\/wp\/v2\/media\/3937"}],"wp:attachment":[{"href":"https:\/\/lyfilter.com\/pt\/wp-json\/wp\/v2\/media?parent=3934"}],"wp:term":[{"taxonomy":"product_brand","embeddable":true,"href":"https:\/\/lyfilter.com\/pt\/wp-json\/wp\/v2\/product_brand?post=3934"},{"taxonomy":"product_cat","embeddable":true,"href":"https:\/\/lyfilter.com\/pt\/wp-json\/wp\/v2\/product_cat?post=3934"},{"taxonomy":"product_tag","embeddable":true,"href":"https:\/\/lyfilter.com\/pt\/wp-json\/wp\/v2\/product_tag?post=3934"}],"curies":[{"name":"wp","href":"https:\/\/api.w.org\/{rel}","templated":true}]}}