{"id":3920,"date":"2026-04-03T06:36:02","date_gmt":"2026-04-03T06:36:02","guid":{"rendered":"https:\/\/lyfilter.com\/"},"modified":"2026-04-03T06:36:03","modified_gmt":"2026-04-03T06:36:03","slug":"ss-single-bag-filter-housing-316-stainless-steel-filter-strainer-for-industrial-liquid-filtration","status":"publish","type":"product","link":"https:\/\/lyfilter.com\/pt\/ss-single-bag-filter-housing-316-stainless-steel-filter-strainer-for-industrial-liquid-filtration\/","title":{"rendered":"Caixa de filtro de saco \u00fanico SS \/ Filtro de filtro de a\u00e7o inoxid\u00e1vel 316 para filtra\u00e7\u00e3o de l\u00edquidos industriais"},"content":{"rendered":"<p>Constru\u00edda para a filtragem de l\u00edquidos industriais, esta caixa de filtro de saco \u00fanico SS utiliza a\u00e7o inoxid\u00e1vel 316 para suportar uma filtragem duradoura, um fluxo constante e uma manuten\u00e7\u00e3o f\u00e1cil. O seu design robusto ajuda a melhorar a efici\u00eancia e o funcionamento di\u00e1rio fi\u00e1vel.<\/p>","protected":false},"excerpt":{"rendered":"<table>\n<thead>\n<tr>\n<th>Campo<\/th>\n<th>Valor<\/th>\n<\/tr>\n<\/thead>\n<tbody>\n<tr>\n<td>Sectores aplic\u00e1veis<\/td>\n<td>F\u00e1brica de produ\u00e7\u00e3o, F\u00e1brica de alimentos e bebidas, tratamento de \u00e1gua<\/td>\n<\/tr>\n<tr>\n<td>Local de origem<\/td>\n<td>Guangdong, China<\/td>\n<\/tr>\n<tr>\n<td>Nome da marca<\/td>\n<td>Lvyuan, OEM, ODM<\/td>\n<\/tr>\n<tr>\n<td>Material<\/td>\n<td>a\u00e7o inoxid\u00e1vel 304<\/td>\n<\/tr>\n<tr>\n<td>Peso<\/td>\n<td>personalizado<\/td>\n<\/tr>\n<tr>\n<td>Tamanho<\/td>\n<td>personalizado<\/td>\n<\/tr>\n<tr>\n<td>Pot\u00eancia<\/td>\n<td>0<\/td>\n<\/tr>\n<tr>\n<td>Garantia<\/td>\n<td>1 ano<\/td>\n<\/tr>\n<tr>\n<td>Servi\u00e7o p\u00f3s-venda prestado<\/td>\n<td>Apoio em linha<\/td>\n<\/tr>\n<tr>\n<td>Carater\u00edstica<\/td>\n<td>Boa veda\u00e7\u00e3o<\/td>\n<\/tr>\n<tr>\n<td>tamanho do saco de filtro<\/td>\n<td>180*810mm<\/td>\n<\/tr>\n<tr>\n<td>Certifica\u00e7\u00e3o<\/td>\n<td>SGS<\/td>\n<\/tr>\n<tr>\n<td>Utiliza\u00e7\u00e3o<\/td>\n<td>filtragem de \u00e1gua<\/td>\n<\/tr>\n<tr>\n<td>Aplica\u00e7\u00e3o<\/td>\n<td>setorial<\/td>\n<\/tr>\n<tr>\n<td>superf\u00edcie<\/td>\n<td>polido\/espelhado<\/td>\n<\/tr>\n<tr>\n<td>Mat\u00e9ria-prima<\/td>\n<td>a\u00e7o inoxid\u00e1vel<\/td>\n<\/tr>\n<tr>\n<td>Press\u00e3o de trabalho<\/td>\n<td>300 psi<\/td>\n<\/tr>\n<tr>\n<td>Palavras-chave<\/td>\n<td>filtro de saco<\/td>\n<\/tr>\n<tr>\n<td>Meios filtrantes<\/td>\n<td>PP\/PE\/SS<\/td>\n<\/tr>\n<tr>\n<td>Unidades de venda<\/td>\n<td>Artigo \u00fanico<\/td>\n<\/tr>\n<tr>\n<td>Tamanho da embalagem individual<\/td>\n<td>150X40X45 cm<\/td>\n<\/tr>\n<tr>\n<td>Peso bruto \u00fanico<\/td>\n<td>26.000 kg<\/td>\n<\/tr>\n<tr>\n<td>Prazo de execu\u00e7\u00e3o<\/td>\n<td>Quantidade(pe\u00e7as): 1 - 500, Est. Tempo(dias): 7; Quantidade(Pe\u00e7as): &gt;500, Est. Tempo(dias): A ser negociado<\/td>\n<\/tr>\n<\/tbody>\n<\/table>","protected":false},"featured_media":3926,"comment_status":"open","ping_status":"closed","template":"","meta":{"_gspb_post_css":""},"product_brand":[],"product_cat":[15],"product_tag":[1319,42,68,1318,1320,1136],"class_list":{"0":"post-3920","1":"product","2":"type-product","3":"status-publish","4":"has-post-thumbnail","6":"product_cat-stainless-steel-filter-housing","7":"product_tag-316-stainless-steel-filter-strainer","8":"product_tag-industrial-liquid-filtration","9":"product_tag-liquid-filter-housing","10":"product_tag-ss-single-bag-filter-housing","11":"product_tag-stainless-steel-bag-filter","12":"product_tag-water-filter-locks","14":"first","15":"instock","16":"shipping-taxable","17":"product-type-simple"},"_links":{"self":[{"href":"https:\/\/lyfilter.com\/pt\/wp-json\/wp\/v2\/product\/3920","targetHints":{"allow":["GET"]}}],"collection":[{"href":"https:\/\/lyfilter.com\/pt\/wp-json\/wp\/v2\/product"}],"about":[{"href":"https:\/\/lyfilter.com\/pt\/wp-json\/wp\/v2\/types\/product"}],"replies":[{"embeddable":true,"href":"https:\/\/lyfilter.com\/pt\/wp-json\/wp\/v2\/comments?post=3920"}],"wp:featuredmedia":[{"embeddable":true,"href":"https:\/\/lyfilter.com\/pt\/wp-json\/wp\/v2\/media\/3926"}],"wp:attachment":[{"href":"https:\/\/lyfilter.com\/pt\/wp-json\/wp\/v2\/media?parent=3920"}],"wp:term":[{"taxonomy":"product_brand","embeddable":true,"href":"https:\/\/lyfilter.com\/pt\/wp-json\/wp\/v2\/product_brand?post=3920"},{"taxonomy":"product_cat","embeddable":true,"href":"https:\/\/lyfilter.com\/pt\/wp-json\/wp\/v2\/product_cat?post=3920"},{"taxonomy":"product_tag","embeddable":true,"href":"https:\/\/lyfilter.com\/pt\/wp-json\/wp\/v2\/product_tag?post=3920"}],"curies":[{"name":"wp","href":"https:\/\/api.w.org\/{rel}","templated":true}]}}