{"id":3915,"date":"2026-04-03T06:26:10","date_gmt":"2026-04-03T06:26:10","guid":{"rendered":"https:\/\/lyfilter.com\/"},"modified":"2026-05-08T01:22:03","modified_gmt":"2026-05-08T01:22:03","slug":"lvyuan-hot-sale-commercial-ro-plant-supplier-wholesale-for-industry","status":"publish","type":"product","link":"https:\/\/lyfilter.com\/pt\/lvyuan-hot-sale-commercial-ro-plant-supplier-wholesale-for-industry\/","title":{"rendered":"Lvyuan Venda a quente Fornecedor comercial de plantas RO por atacado para a ind\u00fastria"},"content":{"rendered":"<p>1. t\u00eaxtil, ind\u00fastria qu\u00edmica, \u00e1gua de processo \/ \u00e1gua reciclada qu\u00edmica, produtos qu\u00edmicos<\/p>\n<p>&nbsp;<\/p>\n<p>fabrico, purifica\u00e7\u00e3o e prepara\u00e7\u00e3o da \u00e1gua ;<\/p>\n<p>&nbsp;<\/p>\n<p>2. \u00e1gua industrial para alimentos e bebidas, \u00e1gua pot\u00e1vel purificada, bebidas, cerveja,<\/p>\n<p>&nbsp;<\/p>\n<p>bebidas alco\u00f3licas, produtos de sa\u00fade como a purifica\u00e7\u00e3o e prepara\u00e7\u00e3o de \u00e1gua;<\/p>\n<p>&nbsp;<\/p>\n<p>3. \u00e1gua do mar, ilhas de dessaliniza\u00e7\u00e3o de \u00e1gua salobra, navios, plataformas de perfura\u00e7\u00e3o offshore,<\/p>\n<p>&nbsp;<\/p>\n<p>zonas de \u00e1gua salobra<\/p>\n<p>&nbsp;<\/p>\n<p>4. comunidade maior, bens imobili\u00e1rios, escolas, f\u00e1bricas, hospitais e restaurantes,<\/p>\n<p>&nbsp;<\/p>\n<p>hot\u00e9is, sal\u00f5es de beleza, cantinas e outros tipos de empresas e institui\u00e7\u00f5es.<\/p>\n<p>&nbsp;<\/p>\n<p>5.Circuitos integrados, bolachas de sil\u00edcio, tubos de visualiza\u00e7\u00e3o e outros componentes electr\u00f3nicos de<\/p>\n<p>&nbsp;<\/p>\n<p>\u00e1gua industrial eletr\u00f3nica \u00e1gua de enxaguamento<\/p>\n<p>&nbsp;<\/p>\n<p>6. pode ser utilizado para encher garrafas de \u00e1gua, \u00e1gua mineral e outros trabalhos de prepara\u00e7\u00e3o<\/p>\n<p>&nbsp;<\/p>","protected":false},"excerpt":{"rendered":"<table>\n<thead>\n<tr>\n<th>Campo<\/th>\n<th>Valor<\/th>\n<\/tr>\n<\/thead>\n<tbody>\n<tr>\n<td>Sectores aplic\u00e1veis<\/td>\n<td>Explora\u00e7\u00f5es agr\u00edcolas, obras de constru\u00e7\u00e3o, lojas de produtos alimentares e bebidas<\/td>\n<\/tr>\n<tr>\n<td>Servi\u00e7o p\u00f3s-garantia<\/td>\n<td>Apoio em linha<\/td>\n<\/tr>\n<tr>\n<td>Localiza\u00e7\u00e3o do servi\u00e7o local<\/td>\n<td>nenhum<\/td>\n<\/tr>\n<tr>\n<td>Localiza\u00e7\u00e3o da sala de exposi\u00e7\u00f5es<\/td>\n<td>nenhum<\/td>\n<\/tr>\n<tr>\n<td>Inspe\u00e7\u00e3o de sa\u00edda de v\u00eddeo<\/td>\n<td>Fornecido<\/td>\n<\/tr>\n<tr>\n<td>Relat\u00f3rio de ensaio de m\u00e1quinas<\/td>\n<td>N\u00e3o dispon\u00edvel<\/td>\n<\/tr>\n<tr>\n<td>Tipo de marketing<\/td>\n<td>Produto normal<\/td>\n<\/tr>\n<tr>\n<td>Garantia dos componentes principais<\/td>\n<td>1 ano<\/td>\n<\/tr>\n<tr>\n<td>Componentes principais<\/td>\n<td>Recipiente sob press\u00e3o, bomba, motor<\/td>\n<\/tr>\n<tr>\n<td>Local de origem<\/td>\n<td>Guangdong, China<\/td>\n<\/tr>\n<tr>\n<td>Nome da marca<\/td>\n<td>Guangzhou Lvyuan<\/td>\n<\/tr>\n<tr>\n<td>Garantia<\/td>\n<td>1 ano<\/td>\n<\/tr>\n<tr>\n<td>Servi\u00e7o p\u00f3s-venda prestado<\/td>\n<td>Apoio em linha<\/td>\n<\/tr>\n<tr>\n<td>Item 1<\/td>\n<td>sistema de tratamento de \u00e1gua do mar<\/td>\n<\/tr>\n<tr>\n<td>N\u00famero 2<\/td>\n<td>V\u00e1lvula de controlo autom\u00e1tica ou manual<\/td>\n<\/tr>\n<tr>\n<td>N\u00famero 3<\/td>\n<td>Dep\u00f3sito em PRFV ou a\u00e7o inoxid\u00e1vel<\/td>\n<\/tr>\n<tr>\n<td>N\u00famero 4<\/td>\n<td>Membrana RO de boa qualidade<\/td>\n<\/tr>\n<tr>\n<td>N\u00famero 5<\/td>\n<td>Caudal 1000LPH<\/td>\n<\/tr>\n<tr>\n<td>N\u00famero 6<\/td>\n<td>esta\u00e7\u00e3o de tratamento de \u00e1gua pot\u00e1vel<\/td>\n<\/tr>\n<tr>\n<td>N\u00famero 7<\/td>\n<td>L\u00e2mpada UV<\/td>\n<\/tr>\n<tr>\n<td>N\u00famero 8<\/td>\n<td>Sistema EDI<\/td>\n<\/tr>\n<tr>\n<td>N\u00famero 9<\/td>\n<td>Material da tubagem: a\u00e7o inoxid\u00e1vel<\/td>\n<\/tr>\n<tr>\n<td>pacote<\/td>\n<td>caixa de madeira ou moldura de madeira<\/td>\n<\/tr>\n<tr>\n<td>Capacidade de fornecimento<\/td>\n<td>5 pe\u00e7as\/pe\u00e7as por m\u00eas<\/td>\n<\/tr>\n<\/tbody>\n<\/table>","protected":false},"featured_media":3916,"comment_status":"open","ping_status":"closed","template":"","meta":{"_gspb_post_css":""},"product_brand":[],"product_cat":[15],"product_tag":[1312,1310,1309,1313,1136,1311],"class_list":{"0":"post-3915","1":"product","2":"type-product","3":"status-publish","4":"has-post-thumbnail","6":"product_cat-stainless-steel-filter-housing","7":"product_tag-commercial-water-purification-plant","8":"product_tag-industrial-ro-water-system","9":"product_tag-lvyuan-commercial-ro-plant","10":"product_tag-reverse-osmosis-treatment-system","11":"product_tag-water-filter-locks","12":"product_tag-wholesale-ro-plant-supplier","14":"first","15":"instock","16":"shipping-taxable","17":"product-type-simple"},"_links":{"self":[{"href":"https:\/\/lyfilter.com\/pt\/wp-json\/wp\/v2\/product\/3915","targetHints":{"allow":["GET"]}}],"collection":[{"href":"https:\/\/lyfilter.com\/pt\/wp-json\/wp\/v2\/product"}],"about":[{"href":"https:\/\/lyfilter.com\/pt\/wp-json\/wp\/v2\/types\/product"}],"replies":[{"embeddable":true,"href":"https:\/\/lyfilter.com\/pt\/wp-json\/wp\/v2\/comments?post=3915"}],"wp:featuredmedia":[{"embeddable":true,"href":"https:\/\/lyfilter.com\/pt\/wp-json\/wp\/v2\/media\/3916"}],"wp:attachment":[{"href":"https:\/\/lyfilter.com\/pt\/wp-json\/wp\/v2\/media?parent=3915"}],"wp:term":[{"taxonomy":"product_brand","embeddable":true,"href":"https:\/\/lyfilter.com\/pt\/wp-json\/wp\/v2\/product_brand?post=3915"},{"taxonomy":"product_cat","embeddable":true,"href":"https:\/\/lyfilter.com\/pt\/wp-json\/wp\/v2\/product_cat?post=3915"},{"taxonomy":"product_tag","embeddable":true,"href":"https:\/\/lyfilter.com\/pt\/wp-json\/wp\/v2\/product_tag?post=3915"}],"curies":[{"name":"wp","href":"https:\/\/api.w.org\/{rel}","templated":true}]}}