{"id":3882,"date":"2026-04-03T06:03:47","date_gmt":"2026-04-03T06:03:47","guid":{"rendered":"https:\/\/lyfilter.com\/"},"modified":"2026-04-03T06:03:47","modified_gmt":"2026-04-03T06:03:47","slug":"lvyuan-filter-activated-carbon-block-filter-made-in-china-for-sea-water","status":"publish","type":"product","link":"https:\/\/lyfilter.com\/pt\/lvyuan-filter-activated-carbon-block-filter-made-in-china-for-sea-water\/","title":{"rendered":"Filtro de bloco de carv\u00e3o ativado Lvyuan Filter fabricado na China para \u00e1gua do mar"},"content":{"rendered":"<p><b>Vantagens da empresa<\/b><br \/>\n<b>1.<\/b>\u00a0<a href=\"https:\/\/lyfilter.com\/pt\/\">Filtro Lvyuan<\/a>\u00a0\u00e9 fabricado com materiais de boa qualidade e trabalhado com perfei\u00e7\u00e3o por trabalhadores qualificados. Tem encontrado uma variedade de aplica\u00e7\u00f5es que v\u00e3o desde a ind\u00fastria, processos qu\u00edmicos, alimentos e bebidas, cosm\u00e9ticos e \u00e1gua<br \/>\n<b>2.<\/b> A produ\u00e7\u00e3o normalizada da Lvyuan \u00e9 realizada em estrita conformidade com as normas nacionais e foi criado um sistema completo de controlo de qualidade para realizar uma supervis\u00e3o rigorosa da qualidade e testes em todas as liga\u00e7\u00f5es importantes da produ\u00e7\u00e3o do produto, de modo a garantir que o filtro de bloco de carv\u00e3o ativado final que sai da f\u00e1brica \u00e9 um produto de alta qualidade que cumpre as normas nacionais.<br \/>\n<b>3.<\/b>\u00a0O produto tem a vantagem de ser resistente ao envelhecimento. Os problemas de envelhecimento por oxida\u00e7\u00e3o t\u00e9rmica foram resolvidos atrav\u00e9s da ado\u00e7\u00e3o de v\u00e1rios modificadores e agentes de processo de forma\u00e7\u00e3o. Pode fornecer an\u00e1lises e resultados precisos para aplica\u00e7\u00f5es sens\u00edveis de cromatografia i\u00f3nica<\/p>\n<div class=\"pro_aliData\">\n<div class=\"detail-box\">\n<div class=\"scc-wrapper detail-module module-cspu\" data-module=\"cspu\"><\/div>\n<div class=\"scc-wrapper detail-module module-productPackagingAndQuickDetail\" data-spm=\"prilinga1e\">\n<div class=\"widget-detail-overview\">\n<div class=\"do-title\">Vis\u00e3o geral<\/div>\n<div id=\"car-parts-model\"><\/div>\n<div class=\"do-content\">\n<div class=\"do-overview\">\n<div class=\"do-entry do-entry-separate\">\n<div class=\"do-entry-title\">Detalhes r\u00e1pidos<\/div>\n<div class=\"do-entry-list\">\n<dl id=\"224439040\" class=\"do-entry-item\">\n<dt class=\"do-entry-item\"><span class=\"attr-name J-attr-name\" title=\"Sectores aplic\u00e1veis\">Sectores aplic\u00e1veis:<\/span><\/dt>\n<dd class=\"do-entry-item-val\">\n<div class=\"ellipsis\" title=\"Hot\u00e9is, lojas de vestu\u00e1rio, lojas de materiais de constru\u00e7\u00e3o, f\u00e1bricas, lojas de repara\u00e7\u00e3o de m\u00e1quinas, f\u00e1bricas de alimentos e bebidas, quintas, restaurantes, uso dom\u00e9stico, com\u00e9rcio a retalho, lojas de alimentos, gr\u00e1ficas, obras de constru\u00e7\u00e3o, energia e minas, lojas de alimentos e bebidas, empresas de publicidade\">Hot\u00e9is, lojas de vestu\u00e1rio, lojas de materiais de constru\u00e7\u00e3o, f\u00e1bricas, lojas de repara\u00e7\u00e3o de m\u00e1quinas, f\u00e1bricas de alimentos e bebidas, quintas, restaurantes, uso dom\u00e9stico, com\u00e9rcio a retalho, lojas de alimentos, gr\u00e1ficas, obras de constru\u00e7\u00e3o, energia e minas, lojas de alimentos e bebidas, empresas de publicidade<\/div>\n<\/dd>\n<\/dl>\n<\/div>\n<\/div>\n<\/div>\n<\/div>\n<\/div>\n<\/div>\n<\/div>\n<\/div>","protected":false},"excerpt":{"rendered":"<table>\n<thead>\n<tr>\n<th>Local de origem<\/th>\n<th>Guangdong, China<\/th>\n<\/tr>\n<\/thead>\n<tbody>\n<tr>\n<td>Nome da marca<\/td>\n<td>LVYUAN\/OEM<\/td>\n<\/tr>\n<tr>\n<td>Material<\/td>\n<td>SINTERIZADO, Carv\u00e3o de coco ativado sinterizado<\/td>\n<\/tr>\n<tr>\n<td>Peso<\/td>\n<td>OEM<\/td>\n<\/tr>\n<tr>\n<td>Tamanho<\/td>\n<td>OEM<\/td>\n<\/tr>\n<tr>\n<td>Pot\u00eancia<\/td>\n<td>0<\/td>\n<\/tr>\n<tr>\n<td>Garantia<\/td>\n<td>N\u00e3o dispon\u00edvel<\/td>\n<\/tr>\n<tr>\n<td>Nome do produto<\/td>\n<td>Melhor pre\u00e7o cartucho de filtro de \u00e1gua de carbono de 5 m\u00edcrons de sinteriza\u00e7\u00e3o comprimida<\/td>\n<\/tr>\n<tr>\n<td>Certifica\u00e7\u00e3o<\/td>\n<td>SGS<\/td>\n<\/tr>\n<tr>\n<td>Comprimento<\/td>\n<td>10-1050mm<\/td>\n<\/tr>\n<tr>\n<td>OD<\/td>\n<td>14-121 mm<\/td>\n<\/tr>\n<tr>\n<td>ID<\/td>\n<td>6-50 mm<\/td>\n<\/tr>\n<tr>\n<td>Taxa de microns<\/td>\n<td>0,5-20um<\/td>\n<\/tr>\n<tr>\n<td>Valor de iodo<\/td>\n<td>at\u00e9 1000<\/td>\n<\/tr>\n<tr>\n<td>Caudal<\/td>\n<td>\u2264300L\/h<\/td>\n<\/tr>\n<tr>\n<td>Servi\u00e7o p\u00f3s-venda prestado<\/td>\n<td>Apoio em linha<\/td>\n<\/tr>\n<tr>\n<td>Unidades de venda<\/td>\n<td>Artigo \u00fanico<\/td>\n<\/tr>\n<tr>\n<td>Tamanho da embalagem individual<\/td>\n<td>30X5X5 cm<\/td>\n<\/tr>\n<tr>\n<td>Peso bruto \u00fanico<\/td>\n<td>2.000 kg<\/td>\n<\/tr>\n<tr>\n<td>Tipo de embalagem<\/td>\n<td>53x33x33cm, 64x33x33cm<\/td>\n<\/tr>\n<tr>\n<td>Prazo de execu\u00e7\u00e3o<\/td>\n<td>1 - 100 pe\u00e7as: 3 dias; 101 - 500 Pe\u00e7as: 5 dias; 501 - 1000 Pe\u00e7as: 7 dias; &gt;1000 Pe\u00e7as: A negociar<\/td>\n<\/tr>\n<\/tbody>\n<\/table>","protected":false},"featured_media":3883,"comment_status":"open","ping_status":"closed","template":"","meta":{"_gspb_post_css":""},"product_brand":[],"product_cat":[17],"product_tag":[1292,1294,1295,1291,1293,1136],"class_list":{"0":"post-3882","1":"product","2":"type-product","3":"status-publish","4":"has-post-thumbnail","6":"product_cat-sediment-filter","7":"product_tag-activated-carbon-water-filter","8":"product_tag-china-made-water-filter","9":"product_tag-desalination-filter-element","10":"product_tag-lvyuan-carbon-block-filter","11":"product_tag-sea-water-filter-cartridge","12":"product_tag-water-filter-locks","14":"first","15":"instock","16":"shipping-taxable","17":"product-type-simple"},"_links":{"self":[{"href":"https:\/\/lyfilter.com\/pt\/wp-json\/wp\/v2\/product\/3882","targetHints":{"allow":["GET"]}}],"collection":[{"href":"https:\/\/lyfilter.com\/pt\/wp-json\/wp\/v2\/product"}],"about":[{"href":"https:\/\/lyfilter.com\/pt\/wp-json\/wp\/v2\/types\/product"}],"replies":[{"embeddable":true,"href":"https:\/\/lyfilter.com\/pt\/wp-json\/wp\/v2\/comments?post=3882"}],"wp:featuredmedia":[{"embeddable":true,"href":"https:\/\/lyfilter.com\/pt\/wp-json\/wp\/v2\/media\/3883"}],"wp:attachment":[{"href":"https:\/\/lyfilter.com\/pt\/wp-json\/wp\/v2\/media?parent=3882"}],"wp:term":[{"taxonomy":"product_brand","embeddable":true,"href":"https:\/\/lyfilter.com\/pt\/wp-json\/wp\/v2\/product_brand?post=3882"},{"taxonomy":"product_cat","embeddable":true,"href":"https:\/\/lyfilter.com\/pt\/wp-json\/wp\/v2\/product_cat?post=3882"},{"taxonomy":"product_tag","embeddable":true,"href":"https:\/\/lyfilter.com\/pt\/wp-json\/wp\/v2\/product_tag?post=3882"}],"curies":[{"name":"wp","href":"https:\/\/api.w.org\/{rel}","templated":true}]}}