{"id":3872,"date":"2026-04-03T04:02:47","date_gmt":"2026-04-03T04:02:47","guid":{"rendered":"https:\/\/lyfilter.com\/"},"modified":"2026-04-03T04:02:47","modified_gmt":"2026-04-03T04:02:47","slug":"safe-ro-water-filtration-plant-wholesale-for-water-purification","status":"publish","type":"product","link":"https:\/\/lyfilter.com\/pt\/safe-ro-water-filtration-plant-wholesale-for-water-purification\/","title":{"rendered":"Planta de filtragem de \u00e1gua segura Ro por atacado para purifica\u00e7\u00e3o de \u00e1gua"},"content":{"rendered":"<p><b>Vantagens da empresa<\/b><br \/>\n<b>1.<\/b>\u00a0ro sistema de filtragem de \u00e1gua \u00e9 concebido por designers profissionais com uma vasta experi\u00eancia no sector. Todos os seus elementos s\u00e3o feitos com material compat\u00edvel com a FDA para contacto com alimentos e bebidas<br \/>\n<b>2.<\/b>\u00a0A Lvyuan tenta manter os seus pre\u00e7os t\u00e3o baixos quanto poss\u00edvel. \u00c9 fornecida com uma vasta gama de comprimentos para caixas standard e de fluxo total<br \/>\n<b>3.<\/b>\u00a0O produto tem uma veda\u00e7\u00e3o eficaz. O vedante hidr\u00e1ulico e outro vedante de mola funcionam em conjunto de forma eficaz para melhorar a estanquidade ao ar. Tamb\u00e9m pode filtrar part\u00edculas, organismos microbianos, \u00f3xido f\u00e9rrico e outras impurezas<br \/>\n<b>4.<\/b>\u00a0O produto n\u00e3o \u00e9 suscet\u00edvel de deforma\u00e7\u00e3o permanente. A sua estrutura met\u00e1lica robusta garante que n\u00e3o se deforma devido a movimentos mec\u00e2nicos muito sens\u00edveis. O meio filtrante \u00e9 ligado termicamente para evitar a liberta\u00e7\u00e3o de fibras, ao mesmo tempo que proporciona taxas de fluxo consistentes<br \/>\n<b>5.<\/b>\u00a0O produto pode resistir a um certo desgaste. A sua a\u00e7\u00e3o mec\u00e2nica n\u00e3o conduzir\u00e1 facilmente \u00e0 perda de materiais da superf\u00edcie. Est\u00e3o dispon\u00edveis configura\u00e7\u00f5es de tampas personalizadas para satisfazer requisitos espec\u00edficos<\/p>\n<div class=\"pro_aliData\">\n<div class=\"detail-box\">\n<div class=\"scc-wrapper detail-module module-cspu\" data-module=\"cspu\"><\/div>\n<\/div>\n<\/div>","protected":false},"excerpt":{"rendered":"<table>\n<thead>\n<tr>\n<th>Tipo<\/th>\n<th>M\u00e1quina de enchimento, M\u00e1quina de embalagem de l\u00edquidos<\/th>\n<\/tr>\n<\/thead>\n<tbody>\n<tr>\n<td>Estado<\/td>\n<td>Novo<\/td>\n<\/tr>\n<tr>\n<td>Aplica\u00e7\u00e3o<\/td>\n<td>Bebida, \u00c1gua<\/td>\n<\/tr>\n<tr>\n<td>Tipo de embalagem<\/td>\n<td>Sacos, bolsas, saquetas de pel\u00edcula<\/td>\n<\/tr>\n<tr>\n<td>Material de embalagem<\/td>\n<td>pl\u00e1stico<\/td>\n<\/tr>\n<tr>\n<td>Classifica\u00e7\u00e3o autom\u00e1tica<\/td>\n<td>Autom\u00e1tico<\/td>\n<\/tr>\n<tr>\n<td>Tipo de acionamento<\/td>\n<td>El\u00e9trico<\/td>\n<\/tr>\n<tr>\n<td>Tens\u00e3o<\/td>\n<td>220V\/50Hz<\/td>\n<\/tr>\n<tr>\n<td>Local de origem<\/td>\n<td>Guangdong, China<\/td>\n<\/tr>\n<tr>\n<td>Nome da marca<\/td>\n<td>OEM\/Lvyuan<\/td>\n<\/tr>\n<tr>\n<td>Dimens\u00e3o (L<em>W<\/em>H)<\/td>\n<td>depende<\/td>\n<\/tr>\n<tr>\n<td>Peso<\/td>\n<td>depende<\/td>\n<\/tr>\n<tr>\n<td>Certifica\u00e7\u00e3o<\/td>\n<td>ISO9001, CE<\/td>\n<\/tr>\n<tr>\n<td>Garantia<\/td>\n<td>1 ano<\/td>\n<\/tr>\n<tr>\n<td>Servi\u00e7o p\u00f3s-venda prestado<\/td>\n<td>Apoio em linha<\/td>\n<\/tr>\n<tr>\n<td>Nome do produto<\/td>\n<td>pre\u00e7o da m\u00e1quina de embalagem de bolsas de \u00e1gua<\/td>\n<\/tr>\n<tr>\n<td>Volume de enchimento<\/td>\n<td>100 - 6000ml, conforme pedido<\/td>\n<\/tr>\n<tr>\n<td>Fun\u00e7\u00e3o<\/td>\n<td>Enchimento Selagem Forma\u00e7\u00e3o<\/td>\n<\/tr>\n<tr>\n<td>Sistema de \u00e1gua pura RO<\/td>\n<td>dispon\u00edvel para op\u00e7\u00e3o<\/td>\n<\/tr>\n<tr>\n<td>pot\u00eancia<\/td>\n<td>360W<\/td>\n<\/tr>\n<tr>\n<td>Material da m\u00e1quina<\/td>\n<td>A\u00e7o inoxid\u00e1vel<\/td>\n<\/tr>\n<tr>\n<td>Capacidade de produ\u00e7\u00e3o<\/td>\n<td>300- 2200 sacos por hora<\/td>\n<\/tr>\n<tr>\n<td>Personaliza\u00e7\u00e3o<\/td>\n<td>Aceitar<\/td>\n<\/tr>\n<tr>\n<td>Material do saco de pl\u00e1stico<\/td>\n<td>Pel\u00edcula PE<\/td>\n<\/tr>\n<tr>\n<td>Capacidade de fornecimento<\/td>\n<td>100 pe\u00e7as\/pe\u00e7as por m\u00eas de m\u00e1quina de enchimento de \u00e1gua para saquetas<\/td>\n<\/tr>\n<\/tbody>\n<\/table>","protected":false},"featured_media":3874,"comment_status":"open","ping_status":"closed","template":"","meta":{"_gspb_post_css":""},"product_brand":[],"product_cat":[1284],"product_tag":[636,1288,1285,1136,1286,1287],"class_list":{"0":"post-3872","1":"product","2":"type-product","3":"status-publish","4":"has-post-thumbnail","6":"product_cat-dust-cover-ro-water-purifier","7":"product_tag-industrial-water-treatment","8":"product_tag-reverse-osmosis-filtration","9":"product_tag-ro-water-filtration-plant","10":"product_tag-water-filter-locks","11":"product_tag-water-purification-system","12":"product_tag-wholesale-water-filter-plant","14":"first","15":"instock","16":"shipping-taxable","17":"product-type-simple"},"_links":{"self":[{"href":"https:\/\/lyfilter.com\/pt\/wp-json\/wp\/v2\/product\/3872","targetHints":{"allow":["GET"]}}],"collection":[{"href":"https:\/\/lyfilter.com\/pt\/wp-json\/wp\/v2\/product"}],"about":[{"href":"https:\/\/lyfilter.com\/pt\/wp-json\/wp\/v2\/types\/product"}],"replies":[{"embeddable":true,"href":"https:\/\/lyfilter.com\/pt\/wp-json\/wp\/v2\/comments?post=3872"}],"wp:featuredmedia":[{"embeddable":true,"href":"https:\/\/lyfilter.com\/pt\/wp-json\/wp\/v2\/media\/3874"}],"wp:attachment":[{"href":"https:\/\/lyfilter.com\/pt\/wp-json\/wp\/v2\/media?parent=3872"}],"wp:term":[{"taxonomy":"product_brand","embeddable":true,"href":"https:\/\/lyfilter.com\/pt\/wp-json\/wp\/v2\/product_brand?post=3872"},{"taxonomy":"product_cat","embeddable":true,"href":"https:\/\/lyfilter.com\/pt\/wp-json\/wp\/v2\/product_cat?post=3872"},{"taxonomy":"product_tag","embeddable":true,"href":"https:\/\/lyfilter.com\/pt\/wp-json\/wp\/v2\/product_tag?post=3872"}],"curies":[{"name":"wp","href":"https:\/\/api.w.org\/{rel}","templated":true}]}}