{"id":3847,"date":"2026-04-03T03:52:28","date_gmt":"2026-04-03T03:52:28","guid":{"rendered":"https:\/\/lyfilter.com\/"},"modified":"2026-04-03T03:52:28","modified_gmt":"2026-04-03T03:52:28","slug":"high-flow-stainless-steel-single-filter-sus304-316-material-1-micron-bag-filter-housing-for-water-pre-treatment-system","status":"publish","type":"product","link":"https:\/\/lyfilter.com\/pt\/high-flow-stainless-steel-single-filter-sus304-316-material-1-micron-bag-filter-housing-for-water-pre-treatment-system\/","title":{"rendered":"Filtro \u00fanico de a\u00e7o inoxid\u00e1vel de alto fluxo Sus304 316 Material 1 Micron Caixa de filtro de saco para sistema de pr\u00e9-tratamento de \u00e1gua"},"content":{"rendered":"<dl id=\"224439040\" class=\"do-entry-item\">\n<dt class=\"do-entry-item\"><span class=\"attr-name J-attr-name\" title=\"Sectores aplic\u00e1veis\">Sectores aplic\u00e1veis:<\/span><\/dt>\n<dd class=\"do-entry-item-val\">\n<div class=\"ellipsis\" title=\"Hot\u00e9is, lojas de vestu\u00e1rio, lojas de materiais de constru\u00e7\u00e3o, f\u00e1bricas, lojas de repara\u00e7\u00e3o de m\u00e1quinas, f\u00e1bricas de alimentos e bebidas, quintas, restaurantes, uso dom\u00e9stico, com\u00e9rcio a retalho, lojas de alimentos, gr\u00e1ficas, obras de constru\u00e7\u00e3o, energia e minas, lojas de alimentos e bebidas, empresas de publicidade\">Hot\u00e9is, lojas de vestu\u00e1rio, lojas de materiais de constru\u00e7\u00e3o, f\u00e1bricas, lojas de repara\u00e7\u00e3o de m\u00e1quinas, f\u00e1bricas de alimentos e bebidas, quintas, restaurantes, uso dom\u00e9stico, com\u00e9rcio a retalho, lojas de alimentos, gr\u00e1ficas, obras de constru\u00e7\u00e3o, energia e minas, lojas de alimentos e bebidas, empresas de publicidade<\/div>\n<\/dd>\n<\/dl>\n<div title=\"Hot\u00e9is, lojas de vestu\u00e1rio, lojas de materiais de constru\u00e7\u00e3o, f\u00e1bricas, lojas de repara\u00e7\u00e3o de m\u00e1quinas, f\u00e1bricas de alimentos e bebidas, quintas, restaurantes, uso dom\u00e9stico, com\u00e9rcio a retalho, lojas de alimentos, gr\u00e1ficas, obras de constru\u00e7\u00e3o, energia e minas, lojas de alimentos e bebidas, empresas de publicidade\">Constru\u00edda para um pr\u00e9-tratamento est\u00e1vel, esta caixa de filtro de saco de a\u00e7o inoxid\u00e1vel de elevado caudal utiliza SUS304 e 316 com filtragem de 1 m\u00edcron para suportar \u00e1gua mais limpa, desempenho duradouro e funcionamento suave em sistemas de tratamento de \u00e1gua no local.<\/div>","protected":false},"excerpt":{"rendered":"<table>\n<thead>\n<tr>\n<th>Servi\u00e7o p\u00f3s-garantia<\/th>\n<th>Apoio em linha<\/th>\n<\/tr>\n<\/thead>\n<tbody>\n<tr>\n<td>Localiza\u00e7\u00e3o do servi\u00e7o local<\/td>\n<td>nenhum<\/td>\n<\/tr>\n<tr>\n<td>Localiza\u00e7\u00e3o da sala de exposi\u00e7\u00f5es<\/td>\n<td>nenhum<\/td>\n<\/tr>\n<tr>\n<td>Local de origem<\/td>\n<td>Guangdong, China<\/td>\n<\/tr>\n<tr>\n<td>Nome da marca<\/td>\n<td>Personalizado<\/td>\n<\/tr>\n<tr>\n<td>Material<\/td>\n<td>Personalizado, SS304 \/ SS316L<\/td>\n<\/tr>\n<tr>\n<td>Peso<\/td>\n<td>Personalizado<\/td>\n<\/tr>\n<tr>\n<td>Tamanho<\/td>\n<td>Personalizado<\/td>\n<\/tr>\n<tr>\n<td>Pot\u00eancia<\/td>\n<td>Personalizado<\/td>\n<\/tr>\n<tr>\n<td>Garantia<\/td>\n<td>1 ano<\/td>\n<\/tr>\n<tr>\n<td>Servi\u00e7o p\u00f3s-venda prestado<\/td>\n<td>Apoio em linha<\/td>\n<\/tr>\n<tr>\n<td>Nome do artigo<\/td>\n<td>Caixa de filtro de saco de 1 m\u00edcron em material SUS304 316<\/td>\n<\/tr>\n<tr>\n<td>Material do saco de filtro<\/td>\n<td>REDE MET\u00c1LICA DE PE\/PP\/NYLON\/SS<\/td>\n<\/tr>\n<tr>\n<td>Quantidade de filtros de mangas<\/td>\n<td>Caixa de filtro de saco \u00fanico<\/td>\n<\/tr>\n<tr>\n<td>Tratamento de superf\u00edcie<\/td>\n<td>Polido e jato de areia<\/td>\n<\/tr>\n<tr>\n<td>Anel o-ring de veda\u00e7\u00e3o<\/td>\n<td>Sil\u00e1stico\/NBR\/EPDM\/Viton<\/td>\n<\/tr>\n<tr>\n<td>Tipo de tampa superior instalada<\/td>\n<td>Tipo de grampo\/tipo de parafuso<\/td>\n<\/tr>\n<tr>\n<td>Tipo de entrada e de sa\u00edda<\/td>\n<td>Rosca interna\/Flange<\/td>\n<\/tr>\n<tr>\n<td>Tipo de conetor<\/td>\n<td>222\/226\/DOE<\/td>\n<\/tr>\n<tr>\n<td>M\u00e9todo de acondicionamento<\/td>\n<td>Caixa normalizada para exporta\u00e7\u00e3o<\/td>\n<\/tr>\n<tr>\n<td>Unidades de venda<\/td>\n<td>Artigo \u00fanico<\/td>\n<\/tr>\n<tr>\n<td>Tamanho da embalagem individual<\/td>\n<td>145X45X45 cm<\/td>\n<\/tr>\n<tr>\n<td>Peso bruto \u00fanico<\/td>\n<td>30.000 kg<\/td>\n<\/tr>\n<tr>\n<td>Tipo de embalagem<\/td>\n<td>Filtro \u00fanico de a\u00e7o inoxid\u00e1vel de alto fluxo SUS304 316 material 1 micron caixa de filtro de saco para sistema de pr\u00e9-tratamento de \u00e1gua: Embalagem: Caixa padr\u00e3o de exporta\u00e7\u00e3o \/ Conforme necess\u00e1rio<\/td>\n<\/tr>\n<tr>\n<td>Prazo de execu\u00e7\u00e3o<\/td>\n<td>1 - 10 conjuntos: 5 dias; 11 - 100 Sets: 10 dias; &gt;100 conjuntos: A negociar<\/td>\n<\/tr>\n<\/tbody>\n<\/table>","protected":false},"featured_media":3854,"comment_status":"open","ping_status":"closed","template":"","meta":{"_gspb_post_css":""},"product_brand":[],"product_cat":[1135],"product_tag":[1275,1273,34,1274,1136,1276],"class_list":{"0":"post-3847","1":"product","2":"type-product","3":"status-publish","4":"has-post-thumbnail","6":"product_cat-stainless-steel-bag-filter-housing","7":"product_tag-1-micron-bag-filter","8":"product_tag-high-flow-bag-filter-housing","9":"product_tag-stainless-steel-filter-housing","10":"product_tag-sus304-316-filter-housing","11":"product_tag-water-filter-locks","12":"product_tag-water-pre-treatment-filter","14":"first","15":"instock","16":"shipping-taxable","17":"product-type-simple"},"_links":{"self":[{"href":"https:\/\/lyfilter.com\/pt\/wp-json\/wp\/v2\/product\/3847","targetHints":{"allow":["GET"]}}],"collection":[{"href":"https:\/\/lyfilter.com\/pt\/wp-json\/wp\/v2\/product"}],"about":[{"href":"https:\/\/lyfilter.com\/pt\/wp-json\/wp\/v2\/types\/product"}],"replies":[{"embeddable":true,"href":"https:\/\/lyfilter.com\/pt\/wp-json\/wp\/v2\/comments?post=3847"}],"wp:featuredmedia":[{"embeddable":true,"href":"https:\/\/lyfilter.com\/pt\/wp-json\/wp\/v2\/media\/3854"}],"wp:attachment":[{"href":"https:\/\/lyfilter.com\/pt\/wp-json\/wp\/v2\/media?parent=3847"}],"wp:term":[{"taxonomy":"product_brand","embeddable":true,"href":"https:\/\/lyfilter.com\/pt\/wp-json\/wp\/v2\/product_brand?post=3847"},{"taxonomy":"product_cat","embeddable":true,"href":"https:\/\/lyfilter.com\/pt\/wp-json\/wp\/v2\/product_cat?post=3847"},{"taxonomy":"product_tag","embeddable":true,"href":"https:\/\/lyfilter.com\/pt\/wp-json\/wp\/v2\/product_tag?post=3847"}],"curies":[{"name":"wp","href":"https:\/\/api.w.org\/{rel}","templated":true}]}}