{"id":3845,"date":"2026-04-03T03:44:29","date_gmt":"2026-04-03T03:44:29","guid":{"rendered":"https:\/\/lyfilter.com\/"},"modified":"2026-04-03T03:44:29","modified_gmt":"2026-04-03T03:44:29","slug":"lvyuan-filter-fine-quality-seawater-reverse-osmosis-plant-manufacturers-for-desalination","status":"publish","type":"product","link":"https:\/\/lyfilter.com\/pt\/lvyuan-filter-fine-quality-seawater-reverse-osmosis-plant-manufacturers-for-desalination\/","title":{"rendered":"Lvyuan Filtro de qualidade fina de \u00e1gua do mar Osmose reversa Fabricantes de plantas para dessaliniza\u00e7\u00e3o"},"content":{"rendered":"<p>Constru\u00edda para a dessaliniza\u00e7\u00e3o da \u00e1gua do mar, esta instala\u00e7\u00e3o de osmose inversa da Lvyuan ajuda a reduzir o sal e as impurezas, apoiando simultaneamente a produ\u00e7\u00e3o. \u00c9 uma escolha pr\u00e1tica para opera\u00e7\u00f5es que necessitam de filtragem fi\u00e1vel, efici\u00eancia e utiliza\u00e7\u00e3o prolongada<\/p>","protected":false},"excerpt":{"rendered":"<table>\n<thead>\n<tr>\n<th>Local de origem<\/th>\n<th>Guangdong, China<\/th>\n<\/tr>\n<\/thead>\n<tbody>\n<tr>\n<td>Nome da marca<\/td>\n<td>Lvyuan \/ Kang Yang KYsearo<\/td>\n<\/tr>\n<tr>\n<td>Material<\/td>\n<td>depende<\/td>\n<\/tr>\n<tr>\n<td>Peso<\/td>\n<td>depende<\/td>\n<\/tr>\n<tr>\n<td>Tamanho<\/td>\n<td>depende<\/td>\n<\/tr>\n<tr>\n<td>Pot\u00eancia<\/td>\n<td>depende<\/td>\n<\/tr>\n<tr>\n<td>Garantia<\/td>\n<td>1 ano<\/td>\n<\/tr>\n<tr>\n<td>Servi\u00e7o p\u00f3s-venda prestado<\/td>\n<td>Apoio em linha<\/td>\n<\/tr>\n<tr>\n<td>Nome<\/td>\n<td>pequena instala\u00e7\u00e3o de dessaliniza\u00e7\u00e3o<\/td>\n<\/tr>\n<tr>\n<td>tens\u00e3o<\/td>\n<td>220V\/50Hz<\/td>\n<\/tr>\n<tr>\n<td>Capacidade<\/td>\n<td>1000, 2000, 3000 litros por dia<\/td>\n<\/tr>\n<tr>\n<td>Marca de membrana RO<\/td>\n<td>DOW<\/td>\n<\/tr>\n<tr>\n<td>Bomba HP<\/td>\n<td>It\u00e1lia AR, CNP, Danfoss<\/td>\n<\/tr>\n<tr>\n<td>TDS da \u00e1gua de alimenta\u00e7\u00e3o<\/td>\n<td>&lt;45000ppm<\/td>\n<\/tr>\n<tr>\n<td>TDS da \u00e1gua doce<\/td>\n<td>&lt;600ppm<\/td>\n<\/tr>\n<tr>\n<td>Moldura<\/td>\n<td>A\u00e7o sem costura<\/td>\n<\/tr>\n<tr>\n<td>Roda m\u00f3vel<\/td>\n<td>sim<\/td>\n<\/tr>\n<tr>\n<td>Aplica\u00e7\u00e3o<\/td>\n<td>dessaliniza\u00e7\u00e3o da \u00e1gua do mar<\/td>\n<\/tr>\n<tr>\n<td>Unidades de venda<\/td>\n<td>Artigo \u00fanico<\/td>\n<\/tr>\n<tr>\n<td>Tamanho da embalagem individual<\/td>\n<td>75X65X75 cm<\/td>\n<\/tr>\n<tr>\n<td>Peso bruto \u00fanico<\/td>\n<td>82.000 kg<\/td>\n<\/tr>\n<tr>\n<td>Tipo de embalagem<\/td>\n<td>1000 litros por dia ro f\u00e1brica de dessaliniza\u00e7\u00e3o de \u00e1gua do mar. caixa de madeira para exporta\u00e7\u00e3o<\/td>\n<\/tr>\n<tr>\n<td>Exemplo de imagem<\/td>\n<td>imagem de pacote<\/td>\n<\/tr>\n<tr>\n<td>Prazo de execu\u00e7\u00e3o<\/td>\n<td>1 - 20 conjuntos: 25 dias; &gt;20 conjuntos: A negociar<\/td>\n<\/tr>\n<\/tbody>\n<\/table>","protected":false},"featured_media":3846,"comment_status":"open","ping_status":"closed","template":"","meta":{"_gspb_post_css":""},"product_brand":[],"product_cat":[1202],"product_tag":[1271,1268,1270,1269,1272,1136],"class_list":{"0":"post-3845","1":"product","2":"type-product","3":"status-publish","4":"has-post-thumbnail","6":"product_cat-filter-cartridge","7":"product_tag-industrial-desalination-plant","8":"product_tag-lvyuan-reverse-osmosis-plant","9":"product_tag-reverse-osmosis-water-treatment","10":"product_tag-seawater-desalination-system","11":"product_tag-seawater-filtration-equipment","12":"product_tag-water-filter-locks","14":"first","15":"instock","16":"shipping-taxable","17":"product-type-simple"},"_links":{"self":[{"href":"https:\/\/lyfilter.com\/pt\/wp-json\/wp\/v2\/product\/3845","targetHints":{"allow":["GET"]}}],"collection":[{"href":"https:\/\/lyfilter.com\/pt\/wp-json\/wp\/v2\/product"}],"about":[{"href":"https:\/\/lyfilter.com\/pt\/wp-json\/wp\/v2\/types\/product"}],"replies":[{"embeddable":true,"href":"https:\/\/lyfilter.com\/pt\/wp-json\/wp\/v2\/comments?post=3845"}],"wp:featuredmedia":[{"embeddable":true,"href":"https:\/\/lyfilter.com\/pt\/wp-json\/wp\/v2\/media\/3846"}],"wp:attachment":[{"href":"https:\/\/lyfilter.com\/pt\/wp-json\/wp\/v2\/media?parent=3845"}],"wp:term":[{"taxonomy":"product_brand","embeddable":true,"href":"https:\/\/lyfilter.com\/pt\/wp-json\/wp\/v2\/product_brand?post=3845"},{"taxonomy":"product_cat","embeddable":true,"href":"https:\/\/lyfilter.com\/pt\/wp-json\/wp\/v2\/product_cat?post=3845"},{"taxonomy":"product_tag","embeddable":true,"href":"https:\/\/lyfilter.com\/pt\/wp-json\/wp\/v2\/product_tag?post=3845"}],"curies":[{"name":"wp","href":"https:\/\/api.w.org\/{rel}","templated":true}]}}