{"id":3837,"date":"2026-04-03T03:41:17","date_gmt":"2026-04-03T03:41:17","guid":{"rendered":"https:\/\/lyfilter.com\/"},"modified":"2026-04-03T03:41:17","modified_gmt":"2026-04-03T03:41:17","slug":"industrial-water-ss304-316l-stainless-steel-liquid-security-filter-housing-with-10-20-30-40-inch-replacement-filter-cartridge","status":"publish","type":"product","link":"https:\/\/lyfilter.com\/pt\/industrial-water-ss304-316l-stainless-steel-liquid-security-filter-housing-with-10-20-30-40-inch-replacement-filter-cartridge\/","title":{"rendered":"\u00c1gua industrial Ss304 316L Caixa de filtro de seguran\u00e7a l\u00edquida em a\u00e7o inoxid\u00e1vel com cartucho de filtro de substitui\u00e7\u00e3o de 10\/20\/30\/40 polegadas"},"content":{"rendered":"<p>Constru\u00edda para a filtragem de l\u00edquidos, esta caixa em a\u00e7o inoxid\u00e1vel SS304 e 316L suporta cartuchos de substitui\u00e7\u00e3o de 10, 20, 30 e 40 polegadas. Ajuda a manter um fluxo constante, um desempenho duradouro e um processamento mais limpo em sistemas industriais.<\/p>","protected":false},"excerpt":{"rendered":"<table>\n<thead>\n<tr>\n<th>Estado<\/th>\n<th>Novo<\/th>\n<\/tr>\n<\/thead>\n<tbody>\n<tr>\n<td>Sectores aplic\u00e1veis<\/td>\n<td>Hot\u00e9is, lojas de vestu\u00e1rio, lojas de materiais de constru\u00e7\u00e3o, f\u00e1bricas, lojas de repara\u00e7\u00e3o de m\u00e1quinas, f\u00e1bricas de alimentos e bebidas, quintas, restaurantes, uso dom\u00e9stico, com\u00e9rcio a retalho, lojas de alimentos, gr\u00e1ficas, obras de constru\u00e7\u00e3o, energia e minas, lojas de alimentos e bebidas, empresas de publicidade<\/td>\n<\/tr>\n<tr>\n<td>Local de origem<\/td>\n<td>Guangdong, China<\/td>\n<\/tr>\n<tr>\n<td>Nome da marca<\/td>\n<td>Personalizado<\/td>\n<\/tr>\n<tr>\n<td>Material<\/td>\n<td>Personalizado, SS304 \/ SS316L<\/td>\n<\/tr>\n<tr>\n<td>Peso<\/td>\n<td>Personalizado<\/td>\n<\/tr>\n<tr>\n<td>Tamanho<\/td>\n<td>Personalizado<\/td>\n<\/tr>\n<tr>\n<td>Pot\u00eancia<\/td>\n<td>0<\/td>\n<\/tr>\n<tr>\n<td>Garantia<\/td>\n<td>1 ano<\/td>\n<\/tr>\n<tr>\n<td>Servi\u00e7o p\u00f3s-venda prestado<\/td>\n<td>Apoio em linha<\/td>\n<\/tr>\n<tr>\n<td>Nome do artigo<\/td>\n<td>Caixa de filtro de seguran\u00e7a para l\u00edquidos em a\u00e7o inoxid\u00e1vel para \u00e1gua industrial<\/td>\n<\/tr>\n<tr>\n<td>Comprimento do cartucho do filtro<\/td>\n<td>10\u2033 20\u2033 30\u2033 40\u2033<\/td>\n<\/tr>\n<tr>\n<td>Quantidade de filtros de cartucho<\/td>\n<td>N\u00facleo \u00fanico<\/td>\n<\/tr>\n<tr>\n<td>Tratamento de superf\u00edcie<\/td>\n<td>Polido e jato de areia<\/td>\n<\/tr>\n<tr>\n<td>Anel o-ring de veda\u00e7\u00e3o<\/td>\n<td>Sil\u00e1stico\/NBR\/EPDM\/Viton<\/td>\n<\/tr>\n<tr>\n<td>Tipo de tampa superior instalada<\/td>\n<td>Tipo de bra\u00e7adeira<\/td>\n<\/tr>\n<tr>\n<td>Tipo de entrada e de sa\u00edda<\/td>\n<td>Rosca interna<\/td>\n<\/tr>\n<tr>\n<td>Tipo de conetor<\/td>\n<td>222\/226\/DOE<\/td>\n<\/tr>\n<tr>\n<td>M\u00e9todo de acondicionamento<\/td>\n<td>Caixa normalizada para exporta\u00e7\u00e3o<\/td>\n<\/tr>\n<tr>\n<td>Unidades de venda<\/td>\n<td>Artigo \u00fanico<\/td>\n<\/tr>\n<tr>\n<td>Tamanho da embalagem individual<\/td>\n<td>35X18X25 cm<\/td>\n<\/tr>\n<tr>\n<td>Peso bruto \u00fanico<\/td>\n<td>3.000 kg<\/td>\n<\/tr>\n<tr>\n<td>Tipo de embalagem<\/td>\n<td>Caixa de filtro de seguran\u00e7a para l\u00edquidos de \u00e1gua industrial em a\u00e7o inoxid\u00e1vel SS304 316L com cartucho de filtro de substitui\u00e7\u00e3o de 10\/20\/30\/40 polegadas: Embalagem: Caixa padr\u00e3o de exporta\u00e7\u00e3o \/ Conforme necess\u00e1rio<\/td>\n<\/tr>\n<tr>\n<td>Prazo de execu\u00e7\u00e3o<\/td>\n<td>1 - 10 pe\u00e7as: 5 dias; 11 - 100 pe\u00e7as: 10 dias; &gt;100 pe\u00e7as: A negociar<\/td>\n<\/tr>\n<\/tbody>\n<\/table>","protected":false},"featured_media":3840,"comment_status":"open","ping_status":"closed","template":"","meta":{"_gspb_post_css":""},"product_brand":[],"product_cat":[15],"product_tag":[1266,1264,1267,1215,1265,1136],"class_list":{"0":"post-3837","1":"product","2":"type-product","3":"status-publish","4":"has-post-thumbnail","6":"product_cat-stainless-steel-filter-housing","7":"product_tag-316l-stainless-steel-filter","8":"product_tag-industrial-water-filter-housing","9":"product_tag-liquid-security-filter-housing","10":"product_tag-replacement-filter-cartridge","11":"product_tag-ss304-filter-housing","12":"product_tag-water-filter-locks","14":"first","15":"instock","16":"shipping-taxable","17":"product-type-simple"},"_links":{"self":[{"href":"https:\/\/lyfilter.com\/pt\/wp-json\/wp\/v2\/product\/3837","targetHints":{"allow":["GET"]}}],"collection":[{"href":"https:\/\/lyfilter.com\/pt\/wp-json\/wp\/v2\/product"}],"about":[{"href":"https:\/\/lyfilter.com\/pt\/wp-json\/wp\/v2\/types\/product"}],"replies":[{"embeddable":true,"href":"https:\/\/lyfilter.com\/pt\/wp-json\/wp\/v2\/comments?post=3837"}],"wp:featuredmedia":[{"embeddable":true,"href":"https:\/\/lyfilter.com\/pt\/wp-json\/wp\/v2\/media\/3840"}],"wp:attachment":[{"href":"https:\/\/lyfilter.com\/pt\/wp-json\/wp\/v2\/media?parent=3837"}],"wp:term":[{"taxonomy":"product_brand","embeddable":true,"href":"https:\/\/lyfilter.com\/pt\/wp-json\/wp\/v2\/product_brand?post=3837"},{"taxonomy":"product_cat","embeddable":true,"href":"https:\/\/lyfilter.com\/pt\/wp-json\/wp\/v2\/product_cat?post=3837"},{"taxonomy":"product_tag","embeddable":true,"href":"https:\/\/lyfilter.com\/pt\/wp-json\/wp\/v2\/product_tag?post=3837"}],"curies":[{"name":"wp","href":"https:\/\/api.w.org\/{rel}","templated":true}]}}