{"id":3822,"date":"2026-04-03T03:32:07","date_gmt":"2026-04-03T03:32:07","guid":{"rendered":"https:\/\/lyfilter.com\/"},"modified":"2026-04-03T03:32:07","modified_gmt":"2026-04-03T03:32:07","slug":"lvyuan-carbon-block-filter-cartridge-factory-for-desalination","status":"publish","type":"product","link":"https:\/\/lyfilter.com\/pt\/lvyuan-carbon-block-filter-cartridge-factory-for-desalination\/","title":{"rendered":"F\u00e1brica de cartucho de filtro de bloco de carbono Lvyuan para dessaliniza\u00e7\u00e3o"},"content":{"rendered":"<p><b>Vantagens da empresa<\/b><br \/>\n<b>1.<\/b>\u00a0Com o apoio de uma equipa t\u00e9cnica profissional, o nosso cartucho de filtro de bloco de carbono tem uma reputa\u00e7\u00e3o muito mais elevada do que antes. \u00c9 adequado para uso com amostras de solventes aquosos e org\u00e2nicos devido \u00e0 sua ampla compatibilidade qu\u00edmica<br \/>\n<b>2.<\/b>\u00a0As pessoas sens\u00edveis aos metais n\u00e3o ter\u00e3o qualquer problema com este produto, uma vez que n\u00e3o \u00e9 irritante. Pode controlar eficazmente a precis\u00e3o da filtragem<br \/>\n<b>3.<\/b>\u00a0Como resultado da implementa\u00e7\u00e3o de um sistema de gest\u00e3o de qualidade rigoroso, a qualidade do produto foi melhorada. Capturar\u00e1 part\u00edculas maiores nas camadas exteriores e capturar\u00e1 part\u00edculas mais pequenas na camada profunda<br \/>\n<b>4.<\/b>\u00a0Este produto \u00e9 o produto de primeira escolha do cliente, a vida \u00fatil \u00e9 longa, o car\u00e1cter pr\u00e1tico \u00e9 forte. Sendo termicamente soldadas, as suas tampas n\u00e3o s\u00e3o suscept\u00edveis de rachar ou cair<br \/>\n<b>5.<\/b>\u00a0O desempenho est\u00e1vel a longo prazo do produto na ind\u00fastria tem uma grande vantagem. O seu meio filtrante \u00e9 personaliz\u00e1vel de acordo com as diferentes qualidades da \u00e1gua na aplica\u00e7\u00e3o<\/p>","protected":false},"excerpt":{"rendered":"<table>\n<thead>\n<tr>\n<th>Sectores aplic\u00e1veis<\/th>\n<th>F\u00e1brica de produ\u00e7\u00e3o, F\u00e1brica de alimentos e bebidas, tratamento de \u00e1gua<\/th>\n<\/tr>\n<\/thead>\n<tbody>\n<tr>\n<td>Servi\u00e7o p\u00f3s-garantia<\/td>\n<td>Apoio em linha<\/td>\n<\/tr>\n<tr>\n<td>Localiza\u00e7\u00e3o do servi\u00e7o local<\/td>\n<td>nenhum<\/td>\n<\/tr>\n<tr>\n<td>Localiza\u00e7\u00e3o da sala de exposi\u00e7\u00f5es<\/td>\n<td>nenhum<\/td>\n<\/tr>\n<tr>\n<td>Local de origem<\/td>\n<td>Guangdong, China<\/td>\n<\/tr>\n<tr>\n<td>Nome da marca<\/td>\n<td>Lvyuan ou OEM\/ ODM<\/td>\n<\/tr>\n<tr>\n<td>Material<\/td>\n<td>carv\u00e3o de coco, carv\u00e3o de coco, carv\u00e3o de carv\u00e3o<\/td>\n<\/tr>\n<tr>\n<td>Peso<\/td>\n<td>personalizado<\/td>\n<\/tr>\n<tr>\n<td>Tamanho<\/td>\n<td>personalizado, personalizado<\/td>\n<\/tr>\n<tr>\n<td>Pot\u00eancia<\/td>\n<td>0<\/td>\n<\/tr>\n<tr>\n<td>Garantia<\/td>\n<td>N\u00e3o dispon\u00edvel<\/td>\n<\/tr>\n<tr>\n<td>Palavras-chave<\/td>\n<td>pr\u00e9-filtro de carv\u00e3o<\/td>\n<\/tr>\n<tr>\n<td>Servi\u00e7o p\u00f3s-venda prestado<\/td>\n<td>Apoio em linha<\/td>\n<\/tr>\n<tr>\n<td>Carater\u00edstica<\/td>\n<td>remover odores, sedimentos, cheiros, etc<\/td>\n<\/tr>\n<tr>\n<td>Aplica\u00e7\u00e3o<\/td>\n<td>Pr\u00e9-filtragem<\/td>\n<\/tr>\n<tr>\n<td>Cor<\/td>\n<td>Preto\/cinzento<\/td>\n<\/tr>\n<tr>\n<td>Tipo<\/td>\n<td>Pe\u00e7as para filtros de \u00e1gua<\/td>\n<\/tr>\n<tr>\n<td>Di\u00e2metro<\/td>\n<td>personalizado<\/td>\n<\/tr>\n<tr>\n<td>taxa de microns<\/td>\n<td>5\/10\/25 m\u00edcrones<\/td>\n<\/tr>\n<tr>\n<td>Capacidade de fornecimento<\/td>\n<td>500 pe\u00e7as\/pe\u00e7as por semana<\/td>\n<\/tr>\n<\/tbody>\n<\/table>","protected":false},"featured_media":3826,"comment_status":"open","ping_status":"closed","template":"","meta":{"_gspb_post_css":""},"product_brand":[],"product_cat":[1202],"product_tag":[1259,1244,1260,1258,1136,1182],"class_list":{"0":"post-3822","1":"product","2":"type-product","3":"status-publish","4":"has-post-thumbnail","6":"product_cat-filter-cartridge","7":"product_tag-carbon-block-water-filter","8":"product_tag-desalination-filter-cartridge","9":"product_tag-factory-direct-filter-cartridge","10":"product_tag-lvyuan-carbon-block-filter-cartridge","11":"product_tag-water-filter-locks","12":"product_tag-water-purification-filter","14":"first","15":"instock","16":"shipping-taxable","17":"product-type-simple"},"_links":{"self":[{"href":"https:\/\/lyfilter.com\/pt\/wp-json\/wp\/v2\/product\/3822","targetHints":{"allow":["GET"]}}],"collection":[{"href":"https:\/\/lyfilter.com\/pt\/wp-json\/wp\/v2\/product"}],"about":[{"href":"https:\/\/lyfilter.com\/pt\/wp-json\/wp\/v2\/types\/product"}],"replies":[{"embeddable":true,"href":"https:\/\/lyfilter.com\/pt\/wp-json\/wp\/v2\/comments?post=3822"}],"wp:featuredmedia":[{"embeddable":true,"href":"https:\/\/lyfilter.com\/pt\/wp-json\/wp\/v2\/media\/3826"}],"wp:attachment":[{"href":"https:\/\/lyfilter.com\/pt\/wp-json\/wp\/v2\/media?parent=3822"}],"wp:term":[{"taxonomy":"product_brand","embeddable":true,"href":"https:\/\/lyfilter.com\/pt\/wp-json\/wp\/v2\/product_brand?post=3822"},{"taxonomy":"product_cat","embeddable":true,"href":"https:\/\/lyfilter.com\/pt\/wp-json\/wp\/v2\/product_cat?post=3822"},{"taxonomy":"product_tag","embeddable":true,"href":"https:\/\/lyfilter.com\/pt\/wp-json\/wp\/v2\/product_tag?post=3822"}],"curies":[{"name":"wp","href":"https:\/\/api.w.org\/{rel}","templated":true}]}}