{"id":3820,"date":"2026-04-03T03:26:35","date_gmt":"2026-04-03T03:26:35","guid":{"rendered":"https:\/\/lyfilter.com\/"},"modified":"2026-04-03T03:26:35","modified_gmt":"2026-04-03T03:26:35","slug":"ss-cartridge-filter-housing-for-industry-oem-lvyuan-factory-direct-supply","status":"publish","type":"product","link":"https:\/\/lyfilter.com\/pt\/ss-cartridge-filter-housing-for-industry-oem-lvyuan-factory-direct-supply\/","title":{"rendered":"Caixa de filtro de cartucho SS para a ind\u00fastria Oem\/Lvyuan Fornecimento direto da f\u00e1brica"},"content":{"rendered":"<p><b>Detalhes do produto da caixa do filtro de cartucho ss<\/b><\/p>\n<p>&nbsp;<\/p>\n<p><b>Especifica\u00e7\u00e3o do produto<\/b><\/p>\n<p>Disponibilidade: OEM<\/p>\n<p>&nbsp;<\/p>\n<p><b>Vis\u00e3o geral do produto<\/b><\/p>\n<p>A maquinaria da Lvyuan Water Purification Equipment \u00e9 profundamente favorecida pela maioria dos clientes pelas seguintes vantagens: design razo\u00e1vel e inovador, estrutura compacta, desempenho est\u00e1vel e f\u00e1cil opera\u00e7\u00e3o e instala\u00e7\u00e3o. A produ\u00e7\u00e3o de\u00a0<a href=\"https:\/\/lyfilter.com\/pt\/\">Filtro Lvyuan<\/a>\u00a0A caixa do filtro de cartucho ss \u00e9 altamente padronizada e eficiente. O produto \u00e9 testado repetidamente para ser da mais alta qualidade. O volume real de exporta\u00e7\u00e3o deste produto excedeu o planeado.<\/p>\n<p>&nbsp;<\/p>\n<p><b>Informa\u00e7\u00f5es sobre o produto<\/b><\/p>\n<p>Ap\u00f3s a melhoria, a caixa do filtro de cartucho ss produzida pela Lvyuan Water Purification Equipment \u00e9 mais brilhante nos seguintes aspectos.<\/p>\n<p><strong>Caixa do filtro de cartucho autolimpante em a\u00e7o inoxid\u00e1vel<\/strong><\/p>\n<p>O filtro de limpeza autom\u00e1tica \u00e9 um equipamento de filtragem especial que utiliza a tela do filtro para intercetar impurezas s\u00f3lidas e part\u00edculas na \u00e1gua, reduzindo assim a turbidez da \u00e1gua e melhorando a qualidade da \u00e1gua. A \u00e1gua entra no filtro atrav\u00e9s da entrada de \u00e1gua, e o ecr\u00e3 do filtro na m\u00e1quina intercepta as impurezas na \u00e1gua. Quando a sujidade no ecr\u00e3 do filtro atinge um determinado n\u00edvel, o sistema abre automaticamente a v\u00e1lvula de esgoto e o mecanismo de descarga de esgoto no corpo para limpar as impurezas no ecr\u00e3 do filtro e remov\u00ea-las do corpo. E o esgoto flui continuamente durante o per\u00edodo de descarga.<\/p>","protected":false},"excerpt":{"rendered":"<table>\n<thead>\n<tr>\n<th>Capacidade de produ\u00e7\u00e3o<\/th>\n<th>10000 unidades\/m\u00eas<\/th>\n<\/tr>\n<\/thead>\n<tbody>\n<tr>\n<td>Pagamento<\/td>\n<td>T\/T, garantia de com\u00e9rcio Alibaba, paypal<\/td>\n<\/tr>\n<tr>\n<td>Certifica\u00e7\u00e3o<\/td>\n<td>ISO 9001<\/td>\n<\/tr>\n<tr>\n<td>Marca<\/td>\n<td>OEM\/Lvyuan<\/td>\n<\/tr>\n<\/tbody>\n<\/table>","protected":false},"featured_media":3821,"comment_status":"open","ping_status":"closed","template":"","meta":{"_gspb_post_css":""},"product_brand":[],"product_cat":[1135],"product_tag":[1084,1186,1256,1255,1257,1136],"class_list":{"0":"post-3820","1":"product","2":"type-product","3":"status-publish","4":"has-post-thumbnail","6":"product_cat-stainless-steel-bag-filter-housing","7":"product_tag-industrial-filter-housing","8":"product_tag-lvyuan-filter-housing","9":"product_tag-oem-filter-supply","10":"product_tag-ss-cartridge-filter-housing","11":"product_tag-stainless-steel-cartridge-filter","12":"product_tag-water-filter-locks","14":"first","15":"instock","16":"shipping-taxable","17":"product-type-simple"},"_links":{"self":[{"href":"https:\/\/lyfilter.com\/pt\/wp-json\/wp\/v2\/product\/3820","targetHints":{"allow":["GET"]}}],"collection":[{"href":"https:\/\/lyfilter.com\/pt\/wp-json\/wp\/v2\/product"}],"about":[{"href":"https:\/\/lyfilter.com\/pt\/wp-json\/wp\/v2\/types\/product"}],"replies":[{"embeddable":true,"href":"https:\/\/lyfilter.com\/pt\/wp-json\/wp\/v2\/comments?post=3820"}],"wp:featuredmedia":[{"embeddable":true,"href":"https:\/\/lyfilter.com\/pt\/wp-json\/wp\/v2\/media\/3821"}],"wp:attachment":[{"href":"https:\/\/lyfilter.com\/pt\/wp-json\/wp\/v2\/media?parent=3820"}],"wp:term":[{"taxonomy":"product_brand","embeddable":true,"href":"https:\/\/lyfilter.com\/pt\/wp-json\/wp\/v2\/product_brand?post=3820"},{"taxonomy":"product_cat","embeddable":true,"href":"https:\/\/lyfilter.com\/pt\/wp-json\/wp\/v2\/product_cat?post=3820"},{"taxonomy":"product_tag","embeddable":true,"href":"https:\/\/lyfilter.com\/pt\/wp-json\/wp\/v2\/product_tag?post=3820"}],"curies":[{"name":"wp","href":"https:\/\/api.w.org\/{rel}","templated":true}]}}