{"id":3813,"date":"2026-04-03T03:23:25","date_gmt":"2026-04-03T03:23:25","guid":{"rendered":"https:\/\/lyfilter.com\/"},"modified":"2026-04-03T03:23:50","modified_gmt":"2026-04-03T03:23:50","slug":"reusable-and-washable-filter-bag-stainless-steel-304-ss316-bag-filters-housing-to-filter-tea-and-milk","status":"publish","type":"product","link":"https:\/\/lyfilter.com\/pt\/reusable-and-washable-filter-bag-stainless-steel-304-ss316-bag-filters-housing-to-filter-tea-and-milk\/","title":{"rendered":"Saco de filtro reutiliz\u00e1vel e lav\u00e1vel Saco de filtro de a\u00e7o inoxid\u00e1vel 304 SS316 Caixa de filtros para filtrar ch\u00e1 e leite"},"content":{"rendered":"<p>Concebida para a filtragem di\u00e1ria, esta caixa de filtro de saco reutiliz\u00e1vel em a\u00e7o inoxid\u00e1vel filtra o ch\u00e1 e o leite com um fluxo suave e uma limpeza f\u00e1cil. O seu design 304 e SS316 garante durabilidade, higiene e utiliza\u00e7\u00e3o repetida em ambientes exigentes.<\/p>","protected":false},"excerpt":{"rendered":"<table>\n<thead>\n<tr>\n<th>Sectores aplic\u00e1veis<\/th>\n<th>F\u00e1brica de produ\u00e7\u00e3o, F\u00e1brica de alimentos e bebidas, tratamento de \u00e1gua<\/th>\n<\/tr>\n<\/thead>\n<tbody>\n<tr>\n<td>Local de origem<\/td>\n<td>Guangdong, China<\/td>\n<\/tr>\n<tr>\n<td>Nome da marca<\/td>\n<td>Lvyuan,OEM,ODM<\/td>\n<\/tr>\n<tr>\n<td>Material<\/td>\n<td>a\u00e7o inoxid\u00e1vel 304\/ss304<\/td>\n<\/tr>\n<tr>\n<td>Peso<\/td>\n<td>25 kg<\/td>\n<\/tr>\n<tr>\n<td>Tamanho<\/td>\n<td>370<em>370<\/em>900 mm<\/td>\n<\/tr>\n<tr>\n<td>Pot\u00eancia<\/td>\n<td>0<\/td>\n<\/tr>\n<tr>\n<td>Garantia<\/td>\n<td>1 ano<\/td>\n<\/tr>\n<tr>\n<td>Servi\u00e7o p\u00f3s-venda prestado<\/td>\n<td>Apoio em linha<\/td>\n<\/tr>\n<tr>\n<td>Certifica\u00e7\u00e3o<\/td>\n<td>ISO9001<\/td>\n<\/tr>\n<tr>\n<td>Modelo<\/td>\n<td>BFH-1<\/td>\n<\/tr>\n<tr>\n<td>material<\/td>\n<td>sus304<\/td>\n<\/tr>\n<tr>\n<td>tamanho do saco de filtro<\/td>\n<td>180*450mm<\/td>\n<\/tr>\n<tr>\n<td>exterior\/interior<\/td>\n<td>polido<\/td>\n<\/tr>\n<tr>\n<td>Press\u00e3o de trabalho<\/td>\n<td>100 psi<\/td>\n<\/tr>\n<tr>\n<td>encerramento<\/td>\n<td>Flange<\/td>\n<\/tr>\n<tr>\n<td>selagem<\/td>\n<td>O-ring EPDM<\/td>\n<\/tr>\n<tr>\n<td>entrada\/sa\u00edda<\/td>\n<td>Flange<\/td>\n<\/tr>\n<tr>\n<td>Temperatura de projeto<\/td>\n<td>100\u2103<\/td>\n<\/tr>\n<tr>\n<td>Unidades de venda<\/td>\n<td>Artigo \u00fanico<\/td>\n<\/tr>\n<tr>\n<td>Tamanho da embalagem individual<\/td>\n<td>45X45X120 cm<\/td>\n<\/tr>\n<tr>\n<td>Peso bruto \u00fanico<\/td>\n<td>30.000 kg<\/td>\n<\/tr>\n<tr>\n<td>Tipo de embalagem<\/td>\n<td>caixa de papel e, se a quantidade for at\u00e9 10 unidades, ter\u00e1 uma caixa de madeira.<\/td>\n<\/tr>\n<tr>\n<td>Prazo de execu\u00e7\u00e3o<\/td>\n<td>1 - 10 pe\u00e7as: 15 dias; 11 - 50 Pe\u00e7as: 25 dias; 51 - 100 Pe\u00e7as: 35 dias; &gt;100 Pe\u00e7as: A negociar<\/td>\n<\/tr>\n<\/tbody>\n<\/table>","protected":false},"featured_media":3815,"comment_status":"open","ping_status":"closed","template":"","meta":{"_gspb_post_css":""},"product_brand":[],"product_cat":[1135],"product_tag":[1251,1253,1254,1250,1252,1136],"class_list":{"0":"post-3813","1":"product","2":"type-product","3":"status-publish","4":"has-post-thumbnail","6":"product_cat-stainless-steel-bag-filter-housing","7":"product_tag-304-ss316-filter-housing","8":"product_tag-milk-filter-bag-housing","9":"product_tag-reusable-washable-filter","10":"product_tag-stainless-steel-filter-bag","11":"product_tag-tea-filter-housing","12":"product_tag-water-filter-locks","14":"first","15":"instock","16":"shipping-taxable","17":"product-type-simple"},"_links":{"self":[{"href":"https:\/\/lyfilter.com\/pt\/wp-json\/wp\/v2\/product\/3813","targetHints":{"allow":["GET"]}}],"collection":[{"href":"https:\/\/lyfilter.com\/pt\/wp-json\/wp\/v2\/product"}],"about":[{"href":"https:\/\/lyfilter.com\/pt\/wp-json\/wp\/v2\/types\/product"}],"replies":[{"embeddable":true,"href":"https:\/\/lyfilter.com\/pt\/wp-json\/wp\/v2\/comments?post=3813"}],"wp:featuredmedia":[{"embeddable":true,"href":"https:\/\/lyfilter.com\/pt\/wp-json\/wp\/v2\/media\/3815"}],"wp:attachment":[{"href":"https:\/\/lyfilter.com\/pt\/wp-json\/wp\/v2\/media?parent=3813"}],"wp:term":[{"taxonomy":"product_brand","embeddable":true,"href":"https:\/\/lyfilter.com\/pt\/wp-json\/wp\/v2\/product_brand?post=3813"},{"taxonomy":"product_cat","embeddable":true,"href":"https:\/\/lyfilter.com\/pt\/wp-json\/wp\/v2\/product_cat?post=3813"},{"taxonomy":"product_tag","embeddable":true,"href":"https:\/\/lyfilter.com\/pt\/wp-json\/wp\/v2\/product_tag?post=3813"}],"curies":[{"name":"wp","href":"https:\/\/api.w.org\/{rel}","templated":true}]}}