{"id":3800,"date":"2026-04-03T03:17:23","date_gmt":"2026-04-03T03:17:23","guid":{"rendered":"https:\/\/lyfilter.com\/"},"modified":"2026-04-03T03:17:23","modified_gmt":"2026-04-03T03:17:23","slug":"factory-supply-7-cartridge-filter-element-stainless-steel-10-inch-sediment-filter-housing-with-pleated-membrane-filter-5-micron","status":"publish","type":"product","link":"https:\/\/lyfilter.com\/pt\/factory-supply-7-cartridge-filter-element-stainless-steel-10-inch-sediment-filter-housing-with-pleated-membrane-filter-5-micron\/","title":{"rendered":"Fornecimento de f\u00e1brica 7 elemento de filtro de cartucho de a\u00e7o inoxid\u00e1vel 10 polegadas caixa de filtro de sedimentos com filtro de membrana plissada 5 m\u00edcron"},"content":{"rendered":"<p>Esta caixa de filtro de sedimentos em a\u00e7o inoxid\u00e1vel de 10 polegadas foi concebida para uma capta\u00e7\u00e3o eficiente de part\u00edculas com uma membrana plissada de 5 microns e um suporte de 7 elementos de cartucho. O seu design robusto ajuda a melhorar a estabilidade, a vida \u00fatil e a filtragem.<\/p>","protected":false},"excerpt":{"rendered":"<table>\n<thead>\n<tr>\n<th>Sectores aplic\u00e1veis<\/th>\n<th>F\u00e1bricas de alimentos e bebidas, quintas, restaurantes, uso dom\u00e9stico, lojas de alimentos, energia e minas, lojas de alimentos e bebidas<\/th>\n<\/tr>\n<\/thead>\n<tbody>\n<tr>\n<td>Local de origem<\/td>\n<td>Guangdong, China<\/td>\n<\/tr>\n<tr>\n<td>Nome da marca<\/td>\n<td>LVYUAN\/OEM<\/td>\n<\/tr>\n<tr>\n<td>Garantia<\/td>\n<td>1 ano<\/td>\n<\/tr>\n<tr>\n<td>Servi\u00e7o p\u00f3s-venda prestado<\/td>\n<td>Apoio em linha<\/td>\n<\/tr>\n<tr>\n<td>Nome do artigo<\/td>\n<td>Caixa do filtro de sedimentos de 10 polegadas em a\u00e7o inoxid\u00e1vel<\/td>\n<\/tr>\n<tr>\n<td>Material da caixa<\/td>\n<td>SS304\/SS316L<\/td>\n<\/tr>\n<tr>\n<td>Comprimento do cartucho do filtro<\/td>\n<td>10\u2033 20\u2033 30\u2033 40\u2033<\/td>\n<\/tr>\n<tr>\n<td>Quantidade de filtros de cartucho<\/td>\n<td>N\u00facleo \u00fanico<\/td>\n<\/tr>\n<tr>\n<td>Tratamento de superf\u00edcie<\/td>\n<td>Polido e jato de areia<\/td>\n<\/tr>\n<tr>\n<td>Anel o-ring de veda\u00e7\u00e3o<\/td>\n<td>Sil\u00e1stico\/NBR\/EPDM\/Viton<\/td>\n<\/tr>\n<tr>\n<td>Tipo de tampa superior instalada<\/td>\n<td>Tipo de bra\u00e7adeira<\/td>\n<\/tr>\n<tr>\n<td>Tipo de conetor<\/td>\n<td>222\/226\/DOE<\/td>\n<\/tr>\n<tr>\n<td>Tipo de entrada e de sa\u00edda<\/td>\n<td>Rosca interna<\/td>\n<\/tr>\n<tr>\n<td>M\u00e9todo de acondicionamento<\/td>\n<td>Caixa normalizada para exporta\u00e7\u00e3o<\/td>\n<\/tr>\n<tr>\n<td>Unidades de venda<\/td>\n<td>Artigo \u00fanico<\/td>\n<\/tr>\n<tr>\n<td>Tamanho da embalagem individual<\/td>\n<td>35X18X25 cm<\/td>\n<\/tr>\n<tr>\n<td>Peso bruto \u00fanico<\/td>\n<td>3.000 kg<\/td>\n<\/tr>\n<tr>\n<td>Tipo de embalagem<\/td>\n<td>Micro ind\u00fastria 10 20 30 40 polegadas garrafa de filtro de seguran\u00e7a 04 316L SS caixa de \u00e1gua l\u00edquida para filtragem de filtro de l\u00edquido \/ vinho \/ cerveja: Embalagem: Caixa padr\u00e3o de exporta\u00e7\u00e3o \/ Conforme necess\u00e1rio<\/td>\n<\/tr>\n<tr>\n<td>Prazo de execu\u00e7\u00e3o<\/td>\n<td>1 - 10 pe\u00e7as: 5 dias; 11 - 100 pe\u00e7as: 10 dias; &gt;100 pe\u00e7as: A negociar<\/td>\n<\/tr>\n<\/tbody>\n<\/table>","protected":false},"featured_media":3803,"comment_status":"open","ping_status":"closed","template":"","meta":{"_gspb_post_css":""},"product_brand":[],"product_cat":[1245],"product_tag":[1246,635,1248,1247,34,1136],"class_list":{"0":"post-3800","1":"product","2":"type-product","3":"status-publish","4":"has-post-thumbnail","6":"product_cat-stainless-steel-cartridge-filter-housing","7":"product_tag-10-inch-sediment-filter","8":"product_tag-5-micron-water-filter","9":"product_tag-cartridge-filter-element","10":"product_tag-pleated-membrane-filter","11":"product_tag-stainless-steel-filter-housing","12":"product_tag-water-filter-locks","14":"first","15":"instock","16":"shipping-taxable","17":"product-type-simple"},"_links":{"self":[{"href":"https:\/\/lyfilter.com\/pt\/wp-json\/wp\/v2\/product\/3800","targetHints":{"allow":["GET"]}}],"collection":[{"href":"https:\/\/lyfilter.com\/pt\/wp-json\/wp\/v2\/product"}],"about":[{"href":"https:\/\/lyfilter.com\/pt\/wp-json\/wp\/v2\/types\/product"}],"replies":[{"embeddable":true,"href":"https:\/\/lyfilter.com\/pt\/wp-json\/wp\/v2\/comments?post=3800"}],"wp:featuredmedia":[{"embeddable":true,"href":"https:\/\/lyfilter.com\/pt\/wp-json\/wp\/v2\/media\/3803"}],"wp:attachment":[{"href":"https:\/\/lyfilter.com\/pt\/wp-json\/wp\/v2\/media?parent=3800"}],"wp:term":[{"taxonomy":"product_brand","embeddable":true,"href":"https:\/\/lyfilter.com\/pt\/wp-json\/wp\/v2\/product_brand?post=3800"},{"taxonomy":"product_cat","embeddable":true,"href":"https:\/\/lyfilter.com\/pt\/wp-json\/wp\/v2\/product_cat?post=3800"},{"taxonomy":"product_tag","embeddable":true,"href":"https:\/\/lyfilter.com\/pt\/wp-json\/wp\/v2\/product_tag?post=3800"}],"curies":[{"name":"wp","href":"https:\/\/api.w.org\/{rel}","templated":true}]}}