{"id":3795,"date":"2026-04-03T03:13:12","date_gmt":"2026-04-03T03:13:12","guid":{"rendered":"https:\/\/lyfilter.com\/"},"modified":"2026-04-03T03:13:54","modified_gmt":"2026-04-03T03:13:54","slug":"lvyuan-professional-string-wound-filter-cartridge-manufacturers-for-desalination","status":"publish","type":"product","link":"https:\/\/lyfilter.com\/pt\/lvyuan-professional-string-wound-filter-cartridge-manufacturers-for-desalination\/","title":{"rendered":"Fabricantes de cartucho de filtro de corda enrolada profissional Lvyuan para dessaliniza\u00e7\u00e3o"},"content":{"rendered":"<p>Os cartuchos de filtro enrolados em cadeia da Lvyuan foram concebidos para sistemas de dessaliniza\u00e7\u00e3o exigentes, capturando sedimentos e mantendo o fluxo de \u00e1gua est\u00e1vel. Ajudam a obter uma produ\u00e7\u00e3o mais limpa, uma vida \u00fatil mais longa do equipamento e uma filtragem fi\u00e1vel dia ap\u00f3s dia.<\/p>","protected":false},"excerpt":{"rendered":"<table>\n<thead>\n<tr>\n<th>Sectores aplic\u00e1veis<\/th>\n<th>Local de origem<\/th>\n<th>Nome da marca<\/th>\n<th>Material<\/th>\n<th>Peso<\/th>\n<\/tr>\n<\/thead>\n<tbody>\n<tr>\n<td>F\u00e1brica de produ\u00e7\u00e3o, F\u00e1brica de alimentos e bebidas, Uso dom\u00e9stico, Energia e minas, tratamento de \u00e1gua<\/td>\n<td>Guangdong, China<\/td>\n<td>Lvyuan, OEM, ODM<\/td>\n<td>pp\/algod\u00e3o\/fibra de vidro<\/td>\n<td>personalizado<\/td>\n<\/tr>\n<\/tbody>\n<\/table>\n<table>\n<thead>\n<tr>\n<th>Tamanho<\/th>\n<th>Pot\u00eancia<\/th>\n<th>Garantia<\/th>\n<th>Carater\u00edstica<\/th>\n<th>Certifica\u00e7\u00e3o<\/th>\n<\/tr>\n<\/thead>\n<tbody>\n<tr>\n<td>personalizado, slim, jumbo<\/td>\n<td>0<\/td>\n<td>N\u00e3o dispon\u00edvel<\/td>\n<td>v\u00e1rios meios filtrantes<\/td>\n<td>SGS<\/td>\n<\/tr>\n<\/tbody>\n<\/table>","protected":false},"featured_media":3798,"comment_status":"open","ping_status":"closed","template":"","meta":{"_gspb_post_css":""},"product_brand":[],"product_cat":[1095],"product_tag":[1244,38,1158,325,1098,340],"class_list":{"0":"post-3795","1":"product","2":"type-product","3":"status-publish","4":"has-post-thumbnail","6":"product_cat-string-wound-filter-cartridge","7":"product_tag-desalination-filter-cartridge","8":"product_tag-industrial-water-filtration","9":"product_tag-lvyuan-filter-cartridge","10":"product_tag-sediment-filter-cartridge","11":"product_tag-string-wound-filter-cartridge","12":"product_tag-water-treatment-filter","14":"first","15":"instock","16":"shipping-taxable","17":"product-type-simple"},"_links":{"self":[{"href":"https:\/\/lyfilter.com\/pt\/wp-json\/wp\/v2\/product\/3795","targetHints":{"allow":["GET"]}}],"collection":[{"href":"https:\/\/lyfilter.com\/pt\/wp-json\/wp\/v2\/product"}],"about":[{"href":"https:\/\/lyfilter.com\/pt\/wp-json\/wp\/v2\/types\/product"}],"replies":[{"embeddable":true,"href":"https:\/\/lyfilter.com\/pt\/wp-json\/wp\/v2\/comments?post=3795"}],"wp:featuredmedia":[{"embeddable":true,"href":"https:\/\/lyfilter.com\/pt\/wp-json\/wp\/v2\/media\/3798"}],"wp:attachment":[{"href":"https:\/\/lyfilter.com\/pt\/wp-json\/wp\/v2\/media?parent=3795"}],"wp:term":[{"taxonomy":"product_brand","embeddable":true,"href":"https:\/\/lyfilter.com\/pt\/wp-json\/wp\/v2\/product_brand?post=3795"},{"taxonomy":"product_cat","embeddable":true,"href":"https:\/\/lyfilter.com\/pt\/wp-json\/wp\/v2\/product_cat?post=3795"},{"taxonomy":"product_tag","embeddable":true,"href":"https:\/\/lyfilter.com\/pt\/wp-json\/wp\/v2\/product_tag?post=3795"}],"curies":[{"name":"wp","href":"https:\/\/api.w.org\/{rel}","templated":true}]}}