{"id":3793,"date":"2026-04-03T03:09:43","date_gmt":"2026-04-03T03:09:43","guid":{"rendered":"https:\/\/lyfilter.com\/"},"modified":"2026-04-03T03:09:43","modified_gmt":"2026-04-03T03:09:43","slug":"sintered-ss-filter-ly-hfpl-by-lvyuan-filter","status":"publish","type":"product","link":"https:\/\/lyfilter.com\/pt\/sintered-ss-filter-ly-hfpl-by-lvyuan-filter\/","title":{"rendered":"Filtro SS sinterizado LY-HFPL por Lvyuan Filter"},"content":{"rendered":"<p><b>Detalhes do produto do filtro de ss sinterizado<\/b><\/p>\n<p>&nbsp;<\/p>\n<p><b>Detalhe r\u00e1pido<\/b><\/p>\n<p>Lvyuan Water Purification Equipment \u2018s\u00a0<a href=\"https:\/\/lyfilter.com\/pt\/products.html\/\">cartuchos de filtro de \u00e1gua<\/a>,O filtro de cartucho, fabricante de filtro de cartucho, fabricante de caixa de cartucho tem estrutura razo\u00e1vel, design inovador e qualidade confi\u00e1vel. Com um pequeno ru\u00eddo, eles s\u00e3o f\u00e1ceis de operar e s\u00e3o est\u00e1veis durante a opera\u00e7\u00e3o.\u00a0<a href=\"https:\/\/lyfilter.com\/pt\/\">Filtro Lvyuan<\/a>\u00a0O filtro ss sinterizado \u00e9 desenvolvido com um processo de produ\u00e7\u00e3o eficiente. O tempo de produ\u00e7\u00e3o de cada produto \u00e9 grandemente optimizado e a perda e o desperd\u00edcio de mat\u00e9rias-primas s\u00e3o efetivamente reduzidos. O produto passou por um controlo de qualidade extremamente rigoroso e por uma inspe\u00e7\u00e3o com base num plano de controlo de qualidade. Este plano \u00e9 estritamente realizado para garantir a alta qualidade do produto. A Guangzhou Lvyuan Water Purification Equipment Co., Ltd. pode fazer uma inspe\u00e7\u00e3o completa de todo o processo de fabrico para garantir a qualidade.<\/p>\n<p>&nbsp;<\/p>\n<p><b>Introdu\u00e7\u00e3o ao produto<\/b><\/p>\n<p>Em compara\u00e7\u00e3o com o filtro ss sinterizado de seus pares, o filtro ss sinterizado da Lvyuan Water Purification Equipment tem as seguintes vantagens.<\/p>\n<div>\n<div>\n<div id=\"myybv\">\n<h3>Filtro qu\u00edmico hospitalar 0,45 5 1 10 m\u00edcrons Filtro sinterizado de polietileno em p\u00f3 PE<\/h3>\n<\/div>\n<div id=\"moyu5\">\n<p>A nossa empresa fabrica o filtro sinterizado de polietileno de peso molecular ultra-alto, o peso molecular \u00e9 superior a 3 milh\u00f5es de part\u00edculas de sinteriza\u00e7\u00e3o, utilizando um molde para utilizar a press\u00e3o no forno de sinteriza\u00e7\u00e3o. Ao adicionar materiais funcionais de v\u00e1rios tipos, por exemplo, carbono ativo, a mat\u00e9rias-primas pl\u00e1sticas convencionais, podemos remover eficazmente subst\u00e2ncias nocivas para o ambiente em gases e l\u00edquidos, tais como cheiro peculiar e mat\u00e9rias org\u00e2nicas, etc. Os whiskers de titanato de pot\u00e1ssio, por exemplo, podem trocar os i\u00f5es de metais pesados contidos nas \u00e1guas residuais, pelo que t\u00eam um excelente desempenho no tratamento de esgotos.<\/p>\n<\/div>\n<\/div>\n<\/div>","protected":false},"excerpt":{"rendered":"<table>\n<thead>\n<tr>\n<th>Porto de in\u00edcio<\/th>\n<th>Capacidade de produ\u00e7\u00e3o<\/th>\n<th>Modelo<\/th>\n<th>Prazo de entrega<\/th>\n<th>Certifica\u00e7\u00e3o<\/th>\n<\/tr>\n<\/thead>\n<tbody>\n<tr>\n<td>Guangzhou<\/td>\n<td>10000 unidades\/m\u00eas<\/td>\n<td>LY-HFPL<\/td>\n<td>No prazo de 7 dias \u00fateis<\/td>\n<td>ISO 9001<\/td>\n<\/tr>\n<\/tbody>\n<\/table>","protected":false},"featured_media":3794,"comment_status":"open","ping_status":"closed","template":"","meta":{"_gspb_post_css":""},"product_brand":[],"product_cat":[22],"product_tag":[38,1242,1241,1240,1243,1136],"class_list":{"0":"post-3793","1":"product","2":"type-product","3":"status-publish","4":"has-post-thumbnail","6":"product_cat-sintered-filter-cartridge","7":"product_tag-industrial-water-filtration","8":"product_tag-lvyuan-filter","9":"product_tag-ly-hfpl-filter","10":"product_tag-sintered-ss-filter","11":"product_tag-stainless-steel-water-filter","12":"product_tag-water-filter-locks","14":"first","15":"instock","16":"shipping-taxable","17":"product-type-simple"},"_links":{"self":[{"href":"https:\/\/lyfilter.com\/pt\/wp-json\/wp\/v2\/product\/3793","targetHints":{"allow":["GET"]}}],"collection":[{"href":"https:\/\/lyfilter.com\/pt\/wp-json\/wp\/v2\/product"}],"about":[{"href":"https:\/\/lyfilter.com\/pt\/wp-json\/wp\/v2\/types\/product"}],"replies":[{"embeddable":true,"href":"https:\/\/lyfilter.com\/pt\/wp-json\/wp\/v2\/comments?post=3793"}],"wp:featuredmedia":[{"embeddable":true,"href":"https:\/\/lyfilter.com\/pt\/wp-json\/wp\/v2\/media\/3794"}],"wp:attachment":[{"href":"https:\/\/lyfilter.com\/pt\/wp-json\/wp\/v2\/media?parent=3793"}],"wp:term":[{"taxonomy":"product_brand","embeddable":true,"href":"https:\/\/lyfilter.com\/pt\/wp-json\/wp\/v2\/product_brand?post=3793"},{"taxonomy":"product_cat","embeddable":true,"href":"https:\/\/lyfilter.com\/pt\/wp-json\/wp\/v2\/product_cat?post=3793"},{"taxonomy":"product_tag","embeddable":true,"href":"https:\/\/lyfilter.com\/pt\/wp-json\/wp\/v2\/product_tag?post=3793"}],"curies":[{"name":"wp","href":"https:\/\/api.w.org\/{rel}","templated":true}]}}