{"id":3784,"date":"2026-04-03T02:57:51","date_gmt":"2026-04-03T02:57:51","guid":{"rendered":"https:\/\/lyfilter.com\/"},"modified":"2026-04-03T02:57:51","modified_gmt":"2026-04-03T02:57:51","slug":"factory-price-pleated-water-filter-cartridge-manufacturing-for-industry","status":"publish","type":"product","link":"https:\/\/lyfilter.com\/pt\/factory-price-pleated-water-filter-cartridge-manufacturing-for-industry\/","title":{"rendered":"Pre\u00e7o de F\u00e1brica de Cartucho de Filtro de \u00c1gua Plissado para a Ind\u00fastria"},"content":{"rendered":"<p>concebido para filtragem industrial, este cartucho de filtro de \u00e1gua plissado oferece um fluxo est\u00e1vel, uma reten\u00e7\u00e3o eficaz de part\u00edculas e um valor de substitui\u00e7\u00e3o fi\u00e1vel. a sua estrutura ajuda a um processamento mais limpo e a um desempenho consistente no sistema ocupado.<\/p>","protected":false},"excerpt":{"rendered":"<table>\n<thead>\n<tr>\n<th>Estado<\/th>\n<th>Novo<\/th>\n<th>Sectores aplic\u00e1veis<\/th>\n<th>Hot\u00e9is, lojas de vestu\u00e1rio, lojas de materiais de constru\u00e7\u00e3o, f\u00e1bricas, lojas de repara\u00e7\u00e3o de m\u00e1quinas, f\u00e1bricas de alimentos e bebidas, quintas, restaurantes, uso dom\u00e9stico, com\u00e9rcio a retalho, lojas de alimentos, gr\u00e1ficas, obras de constru\u00e7\u00e3o, energia e minas, lojas de alimentos e bebidas, empresas de publicidade<\/th>\n<\/tr>\n<\/thead>\n<tbody>\n<tr>\n<td>Servi\u00e7o p\u00f3s-garantia<\/td>\n<td>Apoio em linha<\/td>\n<td>Localiza\u00e7\u00e3o do servi\u00e7o local<\/td>\n<td>nenhum<\/td>\n<\/tr>\n<tr>\n<td>Localiza\u00e7\u00e3o da sala de exposi\u00e7\u00f5es<\/td>\n<td>nenhum<\/td>\n<td>Local de origem<\/td>\n<td>Guangdong, China<\/td>\n<\/tr>\n<tr>\n<td>Nome da marca<\/td>\n<td>Lvyuan\/OEM<\/td>\n<td>Material<\/td>\n<td>Polipropileno<\/td>\n<\/tr>\n<tr>\n<td>Peso<\/td>\n<td>Padr\u00e3o<\/td>\n<td>Tamanho<\/td>\n<td>Padr\u00e3o<\/td>\n<\/tr>\n<tr>\n<td>Pot\u00eancia<\/td>\n<td>0<\/td>\n<td>Garantia<\/td>\n<td>N\u00e3o dispon\u00edvel<\/td>\n<\/tr>\n<tr>\n<td>Nome<\/td>\n<td>Membrana multicamada PP\/PTFE\/PVDF\/PES\/N66 222 filtro plissado<\/td>\n<td>Material da membrana filtrante<\/td>\n<td>PP\/PVDF\/PTFE\/PES\/Nylon<\/td>\n<\/tr>\n<tr>\n<td>Comprimento<\/td>\n<td>5 \/ 10 \/ 20 \/ 30 \/ 40 \/ 50 \/ 60 polegadas<\/td>\n<td>Conector<\/td>\n<td>Fin\/222\/226\/215\/DOE\/Thread<\/td>\n<\/tr>\n<tr>\n<td>Micron<\/td>\n<td>0.22\/0.5\/1\/3\/5\/10\/25\/50\/75\/100\/150<\/td>\n<td>Material da junta t\u00f3rica<\/td>\n<td>EPDM\/Silicone\/Teflon<\/td>\n<\/tr>\n<tr>\n<td>M\u00e9todo de selagem<\/td>\n<td>Soldadura por fus\u00e3o a quente<\/td>\n<td>Di\u00e2metro<\/td>\n<td>70mm\/OEM<\/td>\n<\/tr>\n<tr>\n<td>N\u00facleo interno<\/td>\n<td>PP\/SS\/OEM<\/td>\n<td>QUANTIDADE M\u00c1XIMA DE ENCOMENDA<\/td>\n<td>Atualmente, n\u00e3o h\u00e1<\/td>\n<\/tr>\n<tr>\n<td>Unidades de venda<\/td>\n<td>Artigo \u00fanico<\/td>\n<td>Tamanho da embalagem individual<\/td>\n<td>68X40X40 cm<\/td>\n<\/tr>\n<tr>\n<td>Peso bruto \u00fanico<\/td>\n<td>23.000 kg<\/td>\n<td>Tipo de embalagem<\/td>\n<td>Membrana multicamada PP\/PTFE\/PVDF\/PES\/N66 222 filtro plissado com membrana plissada de 0,1\/0,2\/0,45 m\u00edcron: 10\u2033 50PCS\/CTN, 20\u2033 25PCS\/CTN, 30\u2033 25PCS\/CTN, 40\u2033 25PCS\/CTN.<\/td>\n<\/tr>\n<tr>\n<td>Prazo de execu\u00e7\u00e3o (1 - 100 pe\u00e7as)<\/td>\n<td>2 dias<\/td>\n<td>Prazo de entrega (101 - 500 pe\u00e7as)<\/td>\n<td>5 dias<\/td>\n<\/tr>\n<tr>\n<td>Prazo de execu\u00e7\u00e3o (501 - 1000 pe\u00e7as)<\/td>\n<td>7 dias<\/td>\n<td>Prazo de execu\u00e7\u00e3o (&gt;1000 pe\u00e7as)<\/td>\n<td>A ser negociado<\/td>\n<\/tr>\n<tr>\n<td>Descri\u00e7\u00e3o<\/td>\n<td>Membrana multicamada PP\/PTFE\/PVDF\/PES\/N66 222 filtro plissado com membrana plissada de 0,1\/0,2\/0,45 m\u00edcron<\/td>\n<td><\/td>\n<td><\/td>\n<\/tr>\n<\/tbody>\n<\/table>","protected":false},"featured_media":3785,"comment_status":"open","ping_status":"closed","template":"","meta":{"_gspb_post_css":""},"product_brand":[],"product_cat":[15],"product_tag":[1235,334,1236,814,1162,340],"class_list":{"0":"post-3784","1":"product","2":"type-product","3":"status-publish","4":"has-post-thumbnail","6":"product_cat-stainless-steel-filter-housing","7":"product_tag-factory-price-filter-cartridge","8":"product_tag-industrial-water-filter","9":"product_tag-pleated-filter-cartridge","10":"product_tag-pleated-water-filter-cartridge","11":"product_tag-replacement-water-filter","12":"product_tag-water-treatment-filter","14":"first","15":"instock","16":"shipping-taxable","17":"product-type-simple"},"_links":{"self":[{"href":"https:\/\/lyfilter.com\/pt\/wp-json\/wp\/v2\/product\/3784","targetHints":{"allow":["GET"]}}],"collection":[{"href":"https:\/\/lyfilter.com\/pt\/wp-json\/wp\/v2\/product"}],"about":[{"href":"https:\/\/lyfilter.com\/pt\/wp-json\/wp\/v2\/types\/product"}],"replies":[{"embeddable":true,"href":"https:\/\/lyfilter.com\/pt\/wp-json\/wp\/v2\/comments?post=3784"}],"wp:featuredmedia":[{"embeddable":true,"href":"https:\/\/lyfilter.com\/pt\/wp-json\/wp\/v2\/media\/3785"}],"wp:attachment":[{"href":"https:\/\/lyfilter.com\/pt\/wp-json\/wp\/v2\/media?parent=3784"}],"wp:term":[{"taxonomy":"product_brand","embeddable":true,"href":"https:\/\/lyfilter.com\/pt\/wp-json\/wp\/v2\/product_brand?post=3784"},{"taxonomy":"product_cat","embeddable":true,"href":"https:\/\/lyfilter.com\/pt\/wp-json\/wp\/v2\/product_cat?post=3784"},{"taxonomy":"product_tag","embeddable":true,"href":"https:\/\/lyfilter.com\/pt\/wp-json\/wp\/v2\/product_tag?post=3784"}],"curies":[{"name":"wp","href":"https:\/\/api.w.org\/{rel}","templated":true}]}}