{"id":3778,"date":"2026-04-03T02:51:52","date_gmt":"2026-04-03T02:51:52","guid":{"rendered":"https:\/\/lyfilter.com\/"},"modified":"2026-04-03T02:51:52","modified_gmt":"2026-04-03T02:51:52","slug":"supply-20-inch-titanium-powder-water-filter-sintered-titanium-replacement-filter","status":"publish","type":"product","link":"https:\/\/lyfilter.com\/pt\/supply-20-inch-titanium-powder-water-filter-sintered-titanium-replacement-filter\/","title":{"rendered":"Fornecimento de filtro de \u00e1gua em p\u00f3 de tit\u00e2nio de 20 polegadas \/ filtro de substitui\u00e7\u00e3o de tit\u00e2nio sinterizado"},"content":{"rendered":"<p>Feito para uma filtragem fi\u00e1vel, este filtro de substitui\u00e7\u00e3o em tit\u00e2nio sinterizado de 20 polegadas permite um fluxo limpo e uma utiliza\u00e7\u00e3o duradoura. A sua estrutura em p\u00f3 de tit\u00e2nio ajuda a lidar com tarefas exigentes de tratamento de \u00e1gua com um desempenho est\u00e1vel e pr\u00e1tico.<\/p>","protected":false},"excerpt":{"rendered":"<table>\n<thead>\n<tr>\n<th>Sectores aplic\u00e1veis<\/th>\n<th>Utiliza\u00e7\u00e3o dom\u00e9stica<\/th>\n<th>Servi\u00e7o p\u00f3s-garantia<\/th>\n<th>Apoio em linha<\/th>\n<\/tr>\n<\/thead>\n<tbody>\n<tr>\n<td>Localiza\u00e7\u00e3o do servi\u00e7o local<\/td>\n<td>nenhum<\/td>\n<td>Localiza\u00e7\u00e3o da sala de exposi\u00e7\u00f5es<\/td>\n<td>nenhum<\/td>\n<\/tr>\n<tr>\n<td>Inspe\u00e7\u00e3o de sa\u00edda de v\u00eddeo<\/td>\n<td>Fornecido<\/td>\n<td>Relat\u00f3rio de ensaio de m\u00e1quinas<\/td>\n<td>Fornecido<\/td>\n<\/tr>\n<tr>\n<td>Tipo de marketing<\/td>\n<td>Produto normal<\/td>\n<td>Garantia dos componentes principais<\/td>\n<td>1 ano<\/td>\n<\/tr>\n<tr>\n<td>Componentes principais<\/td>\n<td>Recipiente sob press\u00e3o<\/td>\n<td>Local de origem<\/td>\n<td>China<\/td>\n<\/tr>\n<tr>\n<td>Garantia<\/td>\n<td>1 ano<\/td>\n<td>Servi\u00e7o p\u00f3s-venda prestado<\/td>\n<td>Apoio em linha<\/td>\n<\/tr>\n<tr>\n<td>Nome<\/td>\n<td>filtro de \u00e1gua em p\u00f3 de tit\u00e2nio<\/td>\n<td>Material<\/td>\n<td>Tit\u00e2nio puro<\/td>\n<\/tr>\n<tr>\n<td>Interface<\/td>\n<td>222,226,215,Flat,M20,M30,M42<\/td>\n<td>Di\u00e2metro exterior<\/td>\n<td>60-70mm<\/td>\n<\/tr>\n<tr>\n<td>Comprimento<\/td>\n<td>5,10,20,30,40 polegadas ou personalizado<\/td>\n<td>Micron<\/td>\n<td>0,1 ~ 100 m\u00edcrones<\/td>\n<\/tr>\n<tr>\n<td>Porosidade<\/td>\n<td>28~50%<\/td>\n<td>Toler\u00e2ncia de temperatura<\/td>\n<td>\u2264300\u2103(h\u00famido)<\/td>\n<\/tr>\n<tr>\n<td>Utiliza\u00e7\u00e3o<\/td>\n<td>\u00c1gua para altas temperaturas, resistente a \u00e1cidos e \u00e1lcalis<\/td>\n<td>Forma de lavagem<\/td>\n<td>Lavagem de po\u00e7os e retrolavagem<\/td>\n<\/tr>\n<\/tbody>\n<\/table>","protected":false},"featured_media":3783,"comment_status":"open","ping_status":"closed","template":"","meta":{"_gspb_post_css":""},"product_brand":[],"product_cat":[1141],"product_tag":[1232,38,1233,1231,1234,1230],"class_list":{"0":"post-3778","1":"product","2":"type-product","3":"status-publish","4":"has-post-thumbnail","6":"product_cat-titanium-filter-cartridge","7":"product_tag-20-inch-replacement-filter","8":"product_tag-industrial-water-filtration","9":"product_tag-reusable-water-filter-cartridge","10":"product_tag-sintered-titanium-filter","11":"product_tag-titanium-filter-element","12":"product_tag-titanium-powder-water-filter","14":"first","15":"instock","16":"shipping-taxable","17":"product-type-simple"},"_links":{"self":[{"href":"https:\/\/lyfilter.com\/pt\/wp-json\/wp\/v2\/product\/3778","targetHints":{"allow":["GET"]}}],"collection":[{"href":"https:\/\/lyfilter.com\/pt\/wp-json\/wp\/v2\/product"}],"about":[{"href":"https:\/\/lyfilter.com\/pt\/wp-json\/wp\/v2\/types\/product"}],"replies":[{"embeddable":true,"href":"https:\/\/lyfilter.com\/pt\/wp-json\/wp\/v2\/comments?post=3778"}],"wp:featuredmedia":[{"embeddable":true,"href":"https:\/\/lyfilter.com\/pt\/wp-json\/wp\/v2\/media\/3783"}],"wp:attachment":[{"href":"https:\/\/lyfilter.com\/pt\/wp-json\/wp\/v2\/media?parent=3778"}],"wp:term":[{"taxonomy":"product_brand","embeddable":true,"href":"https:\/\/lyfilter.com\/pt\/wp-json\/wp\/v2\/product_brand?post=3778"},{"taxonomy":"product_cat","embeddable":true,"href":"https:\/\/lyfilter.com\/pt\/wp-json\/wp\/v2\/product_cat?post=3778"},{"taxonomy":"product_tag","embeddable":true,"href":"https:\/\/lyfilter.com\/pt\/wp-json\/wp\/v2\/product_tag?post=3778"}],"curies":[{"name":"wp","href":"https:\/\/api.w.org\/{rel}","templated":true}]}}