{"id":3767,"date":"2026-04-03T02:47:14","date_gmt":"2026-04-03T02:47:14","guid":{"rendered":"https:\/\/lyfilter.com\/"},"modified":"2026-04-03T02:47:15","modified_gmt":"2026-04-03T02:47:15","slug":"40-inch-60-inch-filter-element-replacement-pleated-glass-fiber-high-flow-filter-cartridge","status":"publish","type":"product","link":"https:\/\/lyfilter.com\/pt\/40-inch-60-inch-filter-element-replacement-pleated-glass-fiber-high-flow-filter-cartridge\/","title":{"rendered":"40 Inch 60 Inch Filter Element Replacement Pleated Glass Fiber High Flow Filter Cartridge (Cartucho de filtro de alto fluxo de fibra de vidro plissada de 40 polegadas)"},"content":{"rendered":"<p>Constru\u00eddo para trabalhos de filtragem, este cartucho de fibra de vidro plissado ajuda a manter o fluxo de \u00e1gua mais limpo com uma forte reten\u00e7\u00e3o de part\u00edculas e uma ampla \u00e1rea de superf\u00edcie. \u00c9 um substituto fi\u00e1vel para sistemas industriais que necessitam de um desempenho est\u00e1vel.<\/p>","protected":false},"excerpt":{"rendered":"<table>\n<thead>\n<tr>\n<th>Sectores aplic\u00e1veis<\/th>\n<th>F\u00e1brica de produ\u00e7\u00e3o, F\u00e1brica de alimentos e bebidas, tratamento de \u00e1gua<\/th>\n<th>Local de origem<\/th>\n<th>Guangdong, China<\/th>\n<\/tr>\n<\/thead>\n<tbody>\n<tr>\n<td>Nome da marca<\/td>\n<td>Lvyuan, OEM, ODM<\/td>\n<td>Material<\/td>\n<td>fibra de vidro plissada\/pp<\/td>\n<\/tr>\n<tr>\n<td>Peso<\/td>\n<td>personalizado<\/td>\n<td>Tamanho<\/td>\n<td>personalizado<\/td>\n<\/tr>\n<tr>\n<td>Pot\u00eancia<\/td>\n<td>0<\/td>\n<td>Garantia<\/td>\n<td>N\u00e3o dispon\u00edvel<\/td>\n<\/tr>\n<tr>\n<td>Carater\u00edstica<\/td>\n<td>aumento da \u00e1rea de filtragem<\/td>\n<td>Comprimento<\/td>\n<td>20 polegadas \/40 polegadas \/60 polegadas<\/td>\n<\/tr>\n<tr>\n<td>Certifica\u00e7\u00e3o<\/td>\n<td>SGS<\/td>\n<td>Forma<\/td>\n<td>cilindro<\/td>\n<\/tr>\n<tr>\n<td>Utiliza\u00e7\u00e3o<\/td>\n<td>tratamento da \u00e1gua<\/td>\n<td>Aplica\u00e7\u00e3o<\/td>\n<td>setorial<\/td>\n<\/tr>\n<tr>\n<td>Cor<\/td>\n<td>branco<\/td>\n<td>Embalagem<\/td>\n<td>caixa de papel<\/td>\n<\/tr>\n<tr>\n<td>Outro nome<\/td>\n<td>Cartucho de filtro de caudal elevado<\/td>\n<td>Meios filtrantes<\/td>\n<td>PP\/pp fundido por sopro\/fibra de vidro<\/td>\n<\/tr>\n<tr>\n<td>Servi\u00e7o p\u00f3s-venda prestado<\/td>\n<td>Apoio em linha<\/td>\n<td>Capacidade de fornecimento<\/td>\n<td>100 pe\u00e7as\/pe\u00e7as por semana<\/td>\n<\/tr>\n<\/tbody>\n<\/table>","protected":false},"featured_media":3774,"comment_status":"open","ping_status":"closed","template":"","meta":{"_gspb_post_css":""},"product_brand":[],"product_cat":[1202],"product_tag":[1228,1229,1226,1227,1215,340],"class_list":{"0":"post-3767","1":"product","2":"type-product","3":"status-publish","4":"has-post-thumbnail","6":"product_cat-filter-cartridge","7":"product_tag-40-inch-filter-element","8":"product_tag-60-inch-filter-element","9":"product_tag-high-flow-filter-cartridge","10":"product_tag-pleated-glass-fiber-filter","11":"product_tag-replacement-filter-cartridge","12":"product_tag-water-treatment-filter","14":"first","15":"instock","16":"shipping-taxable","17":"product-type-simple"},"_links":{"self":[{"href":"https:\/\/lyfilter.com\/pt\/wp-json\/wp\/v2\/product\/3767","targetHints":{"allow":["GET"]}}],"collection":[{"href":"https:\/\/lyfilter.com\/pt\/wp-json\/wp\/v2\/product"}],"about":[{"href":"https:\/\/lyfilter.com\/pt\/wp-json\/wp\/v2\/types\/product"}],"replies":[{"embeddable":true,"href":"https:\/\/lyfilter.com\/pt\/wp-json\/wp\/v2\/comments?post=3767"}],"wp:featuredmedia":[{"embeddable":true,"href":"https:\/\/lyfilter.com\/pt\/wp-json\/wp\/v2\/media\/3774"}],"wp:attachment":[{"href":"https:\/\/lyfilter.com\/pt\/wp-json\/wp\/v2\/media?parent=3767"}],"wp:term":[{"taxonomy":"product_brand","embeddable":true,"href":"https:\/\/lyfilter.com\/pt\/wp-json\/wp\/v2\/product_brand?post=3767"},{"taxonomy":"product_cat","embeddable":true,"href":"https:\/\/lyfilter.com\/pt\/wp-json\/wp\/v2\/product_cat?post=3767"},{"taxonomy":"product_tag","embeddable":true,"href":"https:\/\/lyfilter.com\/pt\/wp-json\/wp\/v2\/product_tag?post=3767"}],"curies":[{"name":"wp","href":"https:\/\/api.w.org\/{rel}","templated":true}]}}