{"id":3760,"date":"2026-04-03T02:32:44","date_gmt":"2026-04-03T02:32:44","guid":{"rendered":"https:\/\/lyfilter.com\/"},"modified":"2026-04-03T02:32:44","modified_gmt":"2026-04-03T02:32:44","slug":"bag-filter-housing-oem-odm-by-lvyuan-filter","status":"publish","type":"product","link":"https:\/\/lyfilter.com\/pt\/bag-filter-housing-oem-odm-by-lvyuan-filter\/","title":{"rendered":"Caixa de filtro de mangas OEM\/ODM por Lvyuan Filter"},"content":{"rendered":"<div class=\"unit-detail-html-tabs__content-attr\">\n<div class=\"unit-product-attrparam\">\n<div class=\"unit-product-attrparam__items row\">\n<div class=\"col-12 col-md-6\">\n<div class=\"unit-product-attrparam__item\"><\/div>\n<\/div>\n<\/div>\n<\/div>\n<\/div>\n<div class=\"unit-detail-html-tabs__content-featuresAttr\"><b>Especifica\u00e7\u00e3o do produto<\/b><\/div>\n<div class=\"unit-detail-html-tabs__content-html\">\n<p>Disponibilidade: OEM\/ODM<\/p>\n<p>Material: A\u00e7o inoxid\u00e1vel<\/p>\n<p><b>Informa\u00e7\u00f5es sobre o produto<\/b><\/p>\n<p>Em termos de conce\u00e7\u00e3o, o\u00a0<a href=\"https:\/\/lyfilter.com\/pt\/\">Filtro Lvyuan<\/a>\u00a0A caixa do filtro de mangas \u00e9 muito apelativa e competitiva. O produto passou a certifica\u00e7\u00e3o de qualidade internacional para garantir produtos de alta qualidade. Guangzhou Lvyuan Water Purification Equipment Co., Ltd. estabelece um objetivo elevado na qualidade e servi\u00e7o dos produtos.<\/p>\n<div id=\"module-74E4U0f4f3b0a\">\n<div class=\"ce-d-flex ce-flex-wrap\">\n<div class=\"ce-col-12\">\n<div id=\"unit-zzuNfqHeIMdKBT5\">\n<div class=\"ce-text_item\">\n<div class=\"ce-text\" data-qb-tmp-id=\"lt-270764\" data-gramm=\"false\">\n<div>\n<div class=\"ce-d-flex ce-flex-wrap\">\n<div class=\"ce-col-12\">\n<div id=\"unit-adi8SlZ2NA87g7x\">\n<div class=\"ce-text_item\">\n<div class=\"ce-text\">\n<p><strong>Caixas de filtro sanit\u00e1rio de alto desempenho em a\u00e7o inoxid\u00e1vel<\/strong><\/p>\n<p>&nbsp;<\/p>\n<p>Carater\u00edsticas para Caixas de Filtros Sanit\u00e1rios em A\u00e7o Inoxid\u00e1vel<\/p>\n<p>&nbsp;<\/p>\n<ul>\n<li>Design higi\u00e9nico: As nossas caixas de filtros sanit\u00e1rios em a\u00e7o inoxid\u00e1vel s\u00e3o fabricadas com um design higi\u00e9nico, garantindo que o processo de filtragem mant\u00e9m a pureza dos seus produtos.<\/li>\n<li>Resist\u00eancia \u00e0 corros\u00e3o: Constru\u00eddas com a\u00e7o inoxid\u00e1vel de alta qualidade, estas caixas oferecem uma resist\u00eancia excecional \u00e0 corros\u00e3o, tornando-as ideais para utiliza\u00e7\u00e3o em ambientes exigentes.<\/li>\n<li>Facilidade de limpeza: As superf\u00edcies lisas e polidas das nossas caixas de filtros sanit\u00e1rios facilitam a limpeza, permitindo uma manuten\u00e7\u00e3o r\u00e1pida e eficiente.<\/li>\n<li>Material de qualidade alimentar: Fabricadas com a\u00e7o inoxid\u00e1vel de qualidade alimentar, as nossas caixas de filtro cumprem as normas da ind\u00fastria, tornando-as adequadas para aplica\u00e7\u00f5es no sector alimentar e de bebidas.<\/li>\n<li>Op\u00e7\u00f5es personaliz\u00e1veis: Adapte estas caixas de filtro aos seus requisitos espec\u00edficos. Escolha entre v\u00e1rios tamanhos, configura\u00e7\u00f5es e tipos de conex\u00e3o para atender \u00e0s suas necessidades de filtragem.<\/li>\n<li>Integridade da veda\u00e7\u00e3o: O design da caixa assegura uma veda\u00e7\u00e3o segura, evitando qualquer fuga ou contamina\u00e7\u00e3o durante o processo de filtragem.<\/li>\n<li>Conformidade com os padr\u00f5es: As nossas caixas de filtros sanit\u00e1rios cumprem as normas e regulamentos da ind\u00fastria, proporcionando-lhe tranquilidade relativamente \u00e0 seguran\u00e7a e qualidade do produto.<\/li>\n<li>Vasta gama de aplica\u00e7\u00f5es: Quer se trate de produtos farmac\u00eauticos, cosm\u00e9ticos, processamento de alimentos ou outras ind\u00fastrias, estes\u00a0<a href=\"https:\/\/lyfilter.com\/pt\/stainless-steel-filter-housing.html\/\">caixa do filtro em a\u00e7o inoxid\u00e1vel<\/a>s oferecem solu\u00e7\u00f5es de filtragem vers\u00e1teis e fi\u00e1veis.<\/li>\n<li>Constru\u00e7\u00e3o dur\u00e1vel: Com constru\u00e7\u00e3o robusta e materiais dur\u00e1veis, nossas carca\u00e7as de filtros sanit\u00e1rios s\u00e3o constru\u00eddas para suportar os rigores da opera\u00e7\u00e3o cont\u00ednua em ambientes exigentes.<\/li>\n<li>F\u00e1cil instala\u00e7\u00e3o: Concebidas para uma instala\u00e7\u00e3o f\u00e1cil, estas caixas de filtro incluem carater\u00edsticas que simplificam o processo de instala\u00e7\u00e3o, garantindo um tempo de inatividade m\u00ednimo para as suas opera\u00e7\u00f5es.<\/li>\n<\/ul>\n<\/div>\n<\/div>\n<\/div>\n<\/div>\n<\/div>\n<\/div>\n<\/div>\n<\/div>\n<\/div>\n<\/div>\n<\/div>\n<\/div>\n<\/div>","protected":false},"excerpt":{"rendered":"<table>\n<thead>\n<tr>\n<th>Capacidade de produ\u00e7\u00e3o<\/th>\n<th>Modelo<\/th>\n<th>Marca<\/th>\n<\/tr>\n<\/thead>\n<tbody>\n<tr>\n<td>10000 unidades\/m\u00eas<\/td>\n<td>LY-FB<\/td>\n<td>OEM\/Lvyuan<\/td>\n<\/tr>\n<\/tbody>\n<\/table>","protected":false},"featured_media":3766,"comment_status":"open","ping_status":"closed","template":"","meta":{"_gspb_post_css":""},"product_brand":[],"product_cat":[15],"product_tag":[],"class_list":{"0":"post-3760","1":"product","2":"type-product","3":"status-publish","4":"has-post-thumbnail","6":"product_cat-stainless-steel-filter-housing","8":"first","9":"instock","10":"shipping-taxable","11":"product-type-simple"},"_links":{"self":[{"href":"https:\/\/lyfilter.com\/pt\/wp-json\/wp\/v2\/product\/3760","targetHints":{"allow":["GET"]}}],"collection":[{"href":"https:\/\/lyfilter.com\/pt\/wp-json\/wp\/v2\/product"}],"about":[{"href":"https:\/\/lyfilter.com\/pt\/wp-json\/wp\/v2\/types\/product"}],"replies":[{"embeddable":true,"href":"https:\/\/lyfilter.com\/pt\/wp-json\/wp\/v2\/comments?post=3760"}],"wp:featuredmedia":[{"embeddable":true,"href":"https:\/\/lyfilter.com\/pt\/wp-json\/wp\/v2\/media\/3766"}],"wp:attachment":[{"href":"https:\/\/lyfilter.com\/pt\/wp-json\/wp\/v2\/media?parent=3760"}],"wp:term":[{"taxonomy":"product_brand","embeddable":true,"href":"https:\/\/lyfilter.com\/pt\/wp-json\/wp\/v2\/product_brand?post=3760"},{"taxonomy":"product_cat","embeddable":true,"href":"https:\/\/lyfilter.com\/pt\/wp-json\/wp\/v2\/product_cat?post=3760"},{"taxonomy":"product_tag","embeddable":true,"href":"https:\/\/lyfilter.com\/pt\/wp-json\/wp\/v2\/product_tag?post=3760"}],"curies":[{"name":"wp","href":"https:\/\/api.w.org\/{rel}","templated":true}]}}