{"id":3741,"date":"2026-04-03T02:15:38","date_gmt":"2026-04-03T02:15:38","guid":{"rendered":"https:\/\/lyfilter.com\/"},"modified":"2026-04-24T16:53:49","modified_gmt":"2026-04-24T16:53:49","slug":"stainless-steel-steam-filter-housing","status":"publish","type":"product","link":"https:\/\/lyfilter.com\/pt\/stainless-steel-steam-filter-housing\/","title":{"rendered":"Caixa do filtro de vapor em a\u00e7o inoxid\u00e1vel"},"content":{"rendered":"<div class=\"unit-detail-html-tabs__content-attr\">\n<div class=\"unit-product-attrparam\">\n<div class=\"unit-product-attrparam__items row\">\n<div class=\"col-12 col-md-6\">\n<div class=\"unit-product-attrparam__item\">\n<div class=\"unit-product-attrparam__value\" title=\"OEM\"><\/div>\n<\/div>\n<\/div>\n<\/div>\n<\/div>\n<\/div>\n<div class=\"unit-detail-html-tabs__content-featuresAttr\"><\/div>\n<div class=\"unit-detail-html-tabs__content-html\">\n<p>\u00a0Carater\u00edstica do produto<\/p>\n<div class=\"er-fangkuang1\">\n<div class=\"description\">\n<ul>\n<li><span class=\"font-color\">\u25ea\u00a0 \u00a0<\/span>Adotar uma estrutura \u00fanica de uma s\u00f3 pe\u00e7a, com especifica\u00e7\u00f5es precisas.<\/li>\n<li><span class=\"font-color\">\u25ea\u00a0 \u00a0<\/span>F\u00e1cil de utilizar.<\/li>\n<li><span class=\"font-color\">\u25ea\u00a0 \u00a0<\/span>Elevada resist\u00eancia \u00e0 corros\u00e3o.<\/li>\n<li><span class=\"font-color\">\u25ea\u00a0 \u00a0<\/span>Estrutura do parafuso de olhal para o fecho do po\u00e7o.<\/li>\n<li><span class=\"font-color\">\u25ea\u00a0 \u00a0<\/span>Resist\u00eancia a altas temperaturas at\u00e9 90\u00b0C.<\/li>\n<\/ul>\n<\/div>\n<\/div>\n<div class=\"d-tem04-title text-left d-interval manS\" data-detail=\"wrap\">\n<h2 class=\"heading\">Par\u00e2metro do produto<\/h2>\n<\/div>\n<div class=\"table-responsive\">\n<table class=\"table table-bordered table-hover\">\n<tbody>\n<tr class=\"firstRow\">\n<td>Material<\/td>\n<td>SS304\/SS316L<\/td>\n<\/tr>\n<tr>\n<td>Quantidade de sacos<\/td>\n<td>saco \u00fanico ou saco m\u00faltiplo<\/td>\n<\/tr>\n<tr>\n<td>N\u00famero do saco<\/td>\n<td># 1, 2, 3, 4, 5 ou OEM<\/td>\n<\/tr>\n<tr>\n<td>Op\u00e7\u00e3o de quantidade<\/td>\n<td>1 a 18 sacos<\/td>\n<\/tr>\n<tr>\n<td>Taxa de filtragem do saco<\/td>\n<td>0,5, 1, 5, 10, 20, 50, 100, 200 a 500 m\u00edcrones<\/td>\n<\/tr>\n<tr>\n<td>Anel de veda\u00e7\u00e3o<\/td>\n<td>Polido\/jato de areia<\/td>\n<\/tr>\n<tr>\n<td>Utiliza\u00e7\u00e3o<\/td>\n<td>Filtragem de l\u00edquidos<\/td>\n<\/tr>\n<tr>\n<td>IMaxima press\u00e3o de trabalho<\/td>\n<td>100, 150, 300 psi, OEM<\/td>\n<\/tr>\n<tr>\n<td>Espessura da parede<\/td>\n<td>1,5-5mm<\/td>\n<\/tr>\n<tr>\n<td>Aceitar<\/td>\n<td>Personalizado por OEM<\/td>\n<\/tr>\n<\/tbody>\n<\/table>\n<\/div>\n<\/div>","protected":false},"excerpt":{"rendered":"<table>\n<thead>\n<tr>\n<th>Porto de in\u00edcio<\/th>\n<th>Capacidade de produ\u00e7\u00e3o<\/th>\n<th>Local de origem<\/th>\n<th>Pagamento<\/th>\n<th>QUANTIDADE M\u00c1XIMA DE ENCOMENDA<\/th>\n<th>Modelo<\/th>\n<th>Prazo de entrega<\/th>\n<th>Certifica\u00e7\u00e3o<\/th>\n<th>Marca<\/th>\n<\/tr>\n<\/thead>\n<tbody>\n<tr>\n<td>Guangzhou<\/td>\n<td>10000 unidades\/m\u00eas<\/td>\n<td>Guangdong, China<\/td>\n<td>T\/T, Western Union, garantia de com\u00e9rcio Alibaba, paypal, OA<\/td>\n<td>1 unidade<\/td>\n<td>LY-HFPL-10<\/td>\n<td>No prazo de 7 dias \u00fateis<\/td>\n<td>ISO 9001<\/td>\n<td>OEM\/Lvyuan<\/td>\n<\/tr>\n<\/tbody>\n<\/table>","protected":false},"featured_media":3742,"comment_status":"open","ping_status":"closed","template":"","meta":{"_gspb_post_css":""},"product_brand":[],"product_cat":[15],"product_tag":[1084,1212,1211,1079,1210,1136],"class_list":{"0":"post-3741","1":"product","2":"type-product","3":"status-publish","4":"has-post-thumbnail","6":"product_cat-stainless-steel-filter-housing","7":"product_tag-industrial-filter-housing","8":"product_tag-secure-water-filtration","9":"product_tag-stainless-steel-filter-system","10":"product_tag-stainless-steel-steam-filter-housing","11":"product_tag-steam-filter-housing","12":"product_tag-water-filter-locks","14":"first","15":"instock","16":"shipping-taxable","17":"product-type-simple"},"_links":{"self":[{"href":"https:\/\/lyfilter.com\/pt\/wp-json\/wp\/v2\/product\/3741","targetHints":{"allow":["GET"]}}],"collection":[{"href":"https:\/\/lyfilter.com\/pt\/wp-json\/wp\/v2\/product"}],"about":[{"href":"https:\/\/lyfilter.com\/pt\/wp-json\/wp\/v2\/types\/product"}],"replies":[{"embeddable":true,"href":"https:\/\/lyfilter.com\/pt\/wp-json\/wp\/v2\/comments?post=3741"}],"wp:featuredmedia":[{"embeddable":true,"href":"https:\/\/lyfilter.com\/pt\/wp-json\/wp\/v2\/media\/3742"}],"wp:attachment":[{"href":"https:\/\/lyfilter.com\/pt\/wp-json\/wp\/v2\/media?parent=3741"}],"wp:term":[{"taxonomy":"product_brand","embeddable":true,"href":"https:\/\/lyfilter.com\/pt\/wp-json\/wp\/v2\/product_brand?post=3741"},{"taxonomy":"product_cat","embeddable":true,"href":"https:\/\/lyfilter.com\/pt\/wp-json\/wp\/v2\/product_cat?post=3741"},{"taxonomy":"product_tag","embeddable":true,"href":"https:\/\/lyfilter.com\/pt\/wp-json\/wp\/v2\/product_tag?post=3741"}],"curies":[{"name":"wp","href":"https:\/\/api.w.org\/{rel}","templated":true}]}}