{"id":3724,"date":"2026-04-03T02:06:25","date_gmt":"2026-04-03T02:06:25","guid":{"rendered":"https:\/\/lyfilter.com\/"},"modified":"2026-04-03T02:06:25","modified_gmt":"2026-04-03T02:06:25","slug":"customized-activated-carbon-block-filter-series-for-water-purification","status":"publish","type":"product","link":"https:\/\/lyfilter.com\/pt\/customized-activated-carbon-block-filter-series-for-water-purification\/","title":{"rendered":"S\u00e9rie de filtros de bloco de carv\u00e3o ativado personalizados para purifica\u00e7\u00e3o de \u00e1gua"},"content":{"rendered":"<p>Constru\u00edda para uma \u00e1gua mais limpa e um desempenho mais est\u00e1vel, esta s\u00e9rie personalizada de filtros de bloco de carv\u00e3o ativado ajuda a reduzir as impurezas, a melhorar o sabor e a suportar uma purifica\u00e7\u00e3o di\u00e1ria fi\u00e1vel para sistemas residenciais e comerciais.<\/p>","protected":false},"excerpt":{"rendered":"<table>\n<thead>\n<tr>\n<th>Sec\u00e7\u00e3o<\/th>\n<th>Campo<\/th>\n<th>Valor<\/th>\n<\/tr>\n<\/thead>\n<tbody>\n<tr>\n<td>Vantagens da empresa<\/td>\n<td>1<\/td>\n<td>Os testes necess\u00e1rios para o filtro Lvyuan foram rigorosamente efectuados. Foi testado em termos de seguran\u00e7a, compatibilidade electromagn\u00e9tica, vibra\u00e7\u00e3o, fiabilidade e durabilidade. Est\u00e3o dispon\u00edveis configura\u00e7\u00f5es personalizadas de tampas de extremidade para atender a requisitos espec\u00edficos<\/td>\n<\/tr>\n<tr>\n<td>Vantagens da empresa<\/td>\n<td>2<\/td>\n<td>Existem diferentes mercados para este produto destinado a ser utilizado em projectores digitais, projectores de filmes, retroprojectores e projectores de slides. N\u00e3o cont\u00e9m aglutinantes, agentes, solventes, materiais antiest\u00e1ticos ou agentes molhantes<\/td>\n<\/tr>\n<tr>\n<td>Vantagens da empresa<\/td>\n<td>3<\/td>\n<td>Testes rigorosos: o seu desempenho atual foi testado por terceiros. Est\u00e1 tamb\u00e9m pronto para ser testado pelos utilizadores e ser\u00e1 continuamente atualizado. Capturar\u00e1 as part\u00edculas maiores nas camadas exteriores e as part\u00edculas mais pequenas na camada profunda<\/td>\n<\/tr>\n<tr>\n<td>Vis\u00e3o geral<\/td>\n<td>Sectores aplic\u00e1veis<\/td>\n<td>Hot\u00e9is, lojas de vestu\u00e1rio, lojas de materiais de constru\u00e7\u00e3o, f\u00e1bricas, lojas de repara\u00e7\u00e3o de m\u00e1quinas, f\u00e1bricas de alimentos e bebidas, quintas, restaurantes, uso dom\u00e9stico, com\u00e9rcio a retalho, lojas de alimentos, gr\u00e1ficas, obras de constru\u00e7\u00e3o, energia e minas, lojas de alimentos e bebidas, empresas de publicidade<\/td>\n<\/tr>\n<tr>\n<td>Vis\u00e3o geral<\/td>\n<td>Servi\u00e7o p\u00f3s-garantia<\/td>\n<td>Apoio em linha<\/td>\n<\/tr>\n<tr>\n<td>Vis\u00e3o geral<\/td>\n<td>Localiza\u00e7\u00e3o do servi\u00e7o local<\/td>\n<td>nenhum<\/td>\n<\/tr>\n<tr>\n<td>Vis\u00e3o geral<\/td>\n<td>Localiza\u00e7\u00e3o da sala de exposi\u00e7\u00f5es<\/td>\n<td>nenhum<\/td>\n<\/tr>\n<tr>\n<td>Vis\u00e3o geral<\/td>\n<td>Inspe\u00e7\u00e3o de sa\u00edda de v\u00eddeo<\/td>\n<td>Fornecido<\/td>\n<\/tr>\n<tr>\n<td>Vis\u00e3o geral<\/td>\n<td>Relat\u00f3rio de ensaio de m\u00e1quinas<\/td>\n<td>Fornecido<\/td>\n<\/tr>\n<tr>\n<td>Vis\u00e3o geral<\/td>\n<td>Tipo de marketing<\/td>\n<td>Produto normal<\/td>\n<\/tr>\n<tr>\n<td>Vis\u00e3o geral<\/td>\n<td>Garantia dos componentes principais<\/td>\n<td>1 ano<\/td>\n<\/tr>\n<tr>\n<td>Vis\u00e3o geral<\/td>\n<td>Componentes principais<\/td>\n<td>Recipiente sob press\u00e3o<\/td>\n<\/tr>\n<tr>\n<td>Vis\u00e3o geral<\/td>\n<td>Estado<\/td>\n<td>Novo<\/td>\n<\/tr>\n<tr>\n<td>Vis\u00e3o geral<\/td>\n<td>Local de origem<\/td>\n<td>Guangdong, China<\/td>\n<\/tr>\n<tr>\n<td>Vis\u00e3o geral<\/td>\n<td>Nome da marca<\/td>\n<td>LVYUAN\/OEM<\/td>\n<\/tr>\n<tr>\n<td>Vis\u00e3o geral<\/td>\n<td>Garantia<\/td>\n<td>6 meses<\/td>\n<\/tr>\n<tr>\n<td>Vis\u00e3o geral<\/td>\n<td>Servi\u00e7o p\u00f3s-venda prestado<\/td>\n<td>Suporte online, Suporte online<\/td>\n<\/tr>\n<tr>\n<td>Vis\u00e3o geral<\/td>\n<td>Nome do produto<\/td>\n<td>cartucho de filtro de carbono para sinteriza\u00e7\u00e3o<\/td>\n<\/tr>\n<tr>\n<td>Vis\u00e3o geral<\/td>\n<td>Certifica\u00e7\u00e3o<\/td>\n<td>ISO<\/td>\n<\/tr>\n<tr>\n<td>Vis\u00e3o geral<\/td>\n<td>Material<\/td>\n<td>Carv\u00e3o de coco ativado sinterizado<\/td>\n<\/tr>\n<tr>\n<td>Vis\u00e3o geral<\/td>\n<td>Comprimento<\/td>\n<td>10-1050mm<\/td>\n<\/tr>\n<tr>\n<td>Vis\u00e3o geral<\/td>\n<td>OD<\/td>\n<td>14-121 mm<\/td>\n<\/tr>\n<tr>\n<td>Vis\u00e3o geral<\/td>\n<td>ID<\/td>\n<td>6-50 mm<\/td>\n<\/tr>\n<tr>\n<td>Vis\u00e3o geral<\/td>\n<td>Taxa de microns<\/td>\n<td>0,5-20um<\/td>\n<\/tr>\n<tr>\n<td>Vis\u00e3o geral<\/td>\n<td>Valor de iodo<\/td>\n<td>at\u00e9 1000<\/td>\n<\/tr>\n<tr>\n<td>Vis\u00e3o geral<\/td>\n<td>Caudal<\/td>\n<td>\u2264300L\/h<\/td>\n<\/tr>\n<tr>\n<td>Capacidade de fornecimento<\/td>\n<td>Capacidade de fornecimento<\/td>\n<td>500 pe\u00e7as\/pe\u00e7as por dia<\/td>\n<\/tr>\n<\/tbody>\n<\/table>","protected":false},"featured_media":3726,"comment_status":"open","ping_status":"closed","template":"","meta":{"_gspb_post_css":""},"product_brand":[],"product_cat":[18],"product_tag":[1073,1204,1203,38,357,1182],"class_list":{"0":"post-3724","1":"product","2":"type-product","3":"status-publish","4":"has-post-thumbnail","6":"product_cat-sintered-metal-filters","7":"product_tag-activated-carbon-block-filter","8":"product_tag-clean-water-filter","9":"product_tag-customized-carbon-filter","10":"product_tag-industrial-water-filtration","11":"product_tag-water-filter-cartridge","12":"product_tag-water-purification-filter","14":"first","15":"instock","16":"shipping-taxable","17":"product-type-simple"},"_links":{"self":[{"href":"https:\/\/lyfilter.com\/pt\/wp-json\/wp\/v2\/product\/3724","targetHints":{"allow":["GET"]}}],"collection":[{"href":"https:\/\/lyfilter.com\/pt\/wp-json\/wp\/v2\/product"}],"about":[{"href":"https:\/\/lyfilter.com\/pt\/wp-json\/wp\/v2\/types\/product"}],"replies":[{"embeddable":true,"href":"https:\/\/lyfilter.com\/pt\/wp-json\/wp\/v2\/comments?post=3724"}],"wp:featuredmedia":[{"embeddable":true,"href":"https:\/\/lyfilter.com\/pt\/wp-json\/wp\/v2\/media\/3726"}],"wp:attachment":[{"href":"https:\/\/lyfilter.com\/pt\/wp-json\/wp\/v2\/media?parent=3724"}],"wp:term":[{"taxonomy":"product_brand","embeddable":true,"href":"https:\/\/lyfilter.com\/pt\/wp-json\/wp\/v2\/product_brand?post=3724"},{"taxonomy":"product_cat","embeddable":true,"href":"https:\/\/lyfilter.com\/pt\/wp-json\/wp\/v2\/product_cat?post=3724"},{"taxonomy":"product_tag","embeddable":true,"href":"https:\/\/lyfilter.com\/pt\/wp-json\/wp\/v2\/product_tag?post=3724"}],"curies":[{"name":"wp","href":"https:\/\/api.w.org\/{rel}","templated":true}]}}