{"id":3717,"date":"2026-04-03T01:53:18","date_gmt":"2026-04-03T01:53:18","guid":{"rendered":"https:\/\/lyfilter.com\/"},"modified":"2026-04-03T01:53:18","modified_gmt":"2026-04-03T01:53:18","slug":"housing-filter-pvc-filter-for-drinking-water-pvc-bag-filter","status":"publish","type":"product","link":"https:\/\/lyfilter.com\/pt\/housing-filter-pvc-filter-for-drinking-water-pvc-bag-filter\/","title":{"rendered":"Filtro de caixa Filtro de pvc para \u00e1gua pot\u00e1vel Filtro de saco de PVC"},"content":{"rendered":"<p>Esta caixa de filtro de saco em PVC d\u00e1 \u00e0 sua linha de \u00e1gua uma primeira defesa pr\u00e1tica e simples. Ajuda a apanhar sedimentos vis\u00edveis e part\u00edculas indesejadas antes de se espalharem, permitindo uma \u00e1gua pot\u00e1vel mais limpa e uma utiliza\u00e7\u00e3o di\u00e1ria mais suave em casa.<\/p>","protected":false},"excerpt":{"rendered":"<table>\n<thead>\n<tr>\n<th>Item<\/th>\n<th>Detalhes<\/th>\n<\/tr>\n<\/thead>\n<tbody>\n<tr>\n<td>Estado<\/td>\n<td>Novo<\/td>\n<\/tr>\n<tr>\n<td>Sectores aplic\u00e1veis<\/td>\n<td>F\u00e1brica de produ\u00e7\u00e3o, F\u00e1brica de alimentos e bebidas, tratamento de \u00e1gua<\/td>\n<\/tr>\n<tr>\n<td>Servi\u00e7o p\u00f3s-garantia<\/td>\n<td>Apoio em linha<\/td>\n<\/tr>\n<tr>\n<td>Localiza\u00e7\u00e3o do servi\u00e7o local<\/td>\n<td>nenhum<\/td>\n<\/tr>\n<tr>\n<td>Localiza\u00e7\u00e3o da sala de exposi\u00e7\u00f5es<\/td>\n<td>nenhum<\/td>\n<\/tr>\n<tr>\n<td>Local de origem<\/td>\n<td>Guangdong, China<\/td>\n<\/tr>\n<tr>\n<td>Nome da marca<\/td>\n<td>Lvyuan,OEM,ODM<\/td>\n<\/tr>\n<tr>\n<td>Material<\/td>\n<td>upvc<\/td>\n<\/tr>\n<tr>\n<td>Peso<\/td>\n<td>personalizado<\/td>\n<\/tr>\n<tr>\n<td>Tamanho<\/td>\n<td>personalizado, 10\u2032, 20\u2032, 30\u201d, 40\u201d<\/td>\n<\/tr>\n<tr>\n<td>Pot\u00eancia<\/td>\n<td>0<\/td>\n<\/tr>\n<tr>\n<td>Garantia<\/td>\n<td>N\u00e3o dispon\u00edvel<\/td>\n<\/tr>\n<tr>\n<td>Carater\u00edstica<\/td>\n<td>Econ\u00f3mico<\/td>\n<\/tr>\n<tr>\n<td>Certifica\u00e7\u00e3o<\/td>\n<td>ISO9001<\/td>\n<\/tr>\n<tr>\n<td>material<\/td>\n<td>UPVC<\/td>\n<\/tr>\n<tr>\n<td>Utiliza\u00e7\u00e3o<\/td>\n<td>pr\u00e9-filtragem de \u00e1gua<\/td>\n<\/tr>\n<tr>\n<td>Aplica\u00e7\u00e3o<\/td>\n<td>setorial<\/td>\n<\/tr>\n<tr>\n<td>Press\u00e3o de trabalho<\/td>\n<td>150 psi<\/td>\n<\/tr>\n<tr>\n<td>Cor<\/td>\n<td>preto e branco<\/td>\n<\/tr>\n<tr>\n<td>Palavras-chave<\/td>\n<td>UPVC<\/td>\n<\/tr>\n<tr>\n<td>Capacidade de fornecimento<\/td>\n<td>200 pe\u00e7as\/pe\u00e7as por m\u00eas<\/td>\n<\/tr>\n<\/tbody>\n<\/table>","protected":false},"featured_media":3719,"comment_status":"open","ping_status":"closed","template":"","meta":{"_gspb_post_css":""},"product_brand":[],"product_cat":[1198],"product_tag":[654,334,1199,1200,1136,1201],"class_list":{"0":"post-3717","1":"product","2":"type-product","3":"status-publish","4":"has-post-thumbnail","6":"product_cat-filter-housings","7":"product_tag-drinking-water-filter","8":"product_tag-industrial-water-filter","9":"product_tag-pvc-bag-filter-housing","10":"product_tag-pvc-housing-filter","11":"product_tag-water-filter-locks","12":"product_tag-water-pre-filtration-filter","14":"first","15":"instock","16":"shipping-taxable","17":"product-type-simple"},"_links":{"self":[{"href":"https:\/\/lyfilter.com\/pt\/wp-json\/wp\/v2\/product\/3717","targetHints":{"allow":["GET"]}}],"collection":[{"href":"https:\/\/lyfilter.com\/pt\/wp-json\/wp\/v2\/product"}],"about":[{"href":"https:\/\/lyfilter.com\/pt\/wp-json\/wp\/v2\/types\/product"}],"replies":[{"embeddable":true,"href":"https:\/\/lyfilter.com\/pt\/wp-json\/wp\/v2\/comments?post=3717"}],"wp:featuredmedia":[{"embeddable":true,"href":"https:\/\/lyfilter.com\/pt\/wp-json\/wp\/v2\/media\/3719"}],"wp:attachment":[{"href":"https:\/\/lyfilter.com\/pt\/wp-json\/wp\/v2\/media?parent=3717"}],"wp:term":[{"taxonomy":"product_brand","embeddable":true,"href":"https:\/\/lyfilter.com\/pt\/wp-json\/wp\/v2\/product_brand?post=3717"},{"taxonomy":"product_cat","embeddable":true,"href":"https:\/\/lyfilter.com\/pt\/wp-json\/wp\/v2\/product_cat?post=3717"},{"taxonomy":"product_tag","embeddable":true,"href":"https:\/\/lyfilter.com\/pt\/wp-json\/wp\/v2\/product_tag?post=3717"}],"curies":[{"name":"wp","href":"https:\/\/api.w.org\/{rel}","templated":true}]}}