{"id":3710,"date":"2026-04-03T01:49:17","date_gmt":"2026-04-03T01:49:17","guid":{"rendered":"https:\/\/lyfilter.com\/"},"modified":"2026-04-03T01:49:17","modified_gmt":"2026-04-03T01:49:17","slug":"wholehouse-small-type-pre-filter-water-sediment-sand-filter-with-nylon-net-filter","status":"publish","type":"product","link":"https:\/\/lyfilter.com\/pt\/wholehouse-small-type-pre-filter-water-sediment-sand-filter-with-nylon-net-filter\/","title":{"rendered":"Filtro de areia para sedimentos de \u00e1gua com rede de nylon"},"content":{"rendered":"<p>Mantenha a sua \u00e1gua mais limpa todos os dias com este pr\u00e9-filtro compacto para toda a casa. A sua caixa transparente e a malha de nylon ajudam a reter a areia, os sedimentos e as part\u00edculas vis\u00edveis antes de chegarem aos seus canos e acess\u00f3rios dom\u00e9sticos.<\/p>","protected":false},"excerpt":{"rendered":"<table>\n<thead>\n<tr>\n<th>Item<\/th>\n<th>Detalhes<\/th>\n<\/tr>\n<\/thead>\n<tbody>\n<tr>\n<td>Sectores aplic\u00e1veis<\/td>\n<td>F\u00e1brica de alimentos e bebidas, restaurante, lojas de alimentos e bebidas<\/td>\n<\/tr>\n<tr>\n<td>Local de origem<\/td>\n<td>Guangdong, China<\/td>\n<\/tr>\n<tr>\n<td>Nome da marca<\/td>\n<td>Lvyuan\/OEM<\/td>\n<\/tr>\n<tr>\n<td>Material<\/td>\n<td>Polipropileno<\/td>\n<\/tr>\n<tr>\n<td>Peso<\/td>\n<td>Personalizado<\/td>\n<\/tr>\n<tr>\n<td>Tamanho<\/td>\n<td>Personalizado<\/td>\n<\/tr>\n<tr>\n<td>Pot\u00eancia<\/td>\n<td>0<\/td>\n<\/tr>\n<tr>\n<td>Garantia<\/td>\n<td>1 ano<\/td>\n<\/tr>\n<tr>\n<td>Servi\u00e7o p\u00f3s-venda prestado<\/td>\n<td>Apoio em linha<\/td>\n<\/tr>\n<tr>\n<td>Nome do artigo<\/td>\n<td>filtro de areia para sedimentos de \u00e1gua do tipo pequeno com filtro de nylon<\/td>\n<\/tr>\n<tr>\n<td>Entrada e sa\u00edda<\/td>\n<td>Lat\u00e3o 1\/2\u2033 1\u2033 F\u00eamea<\/td>\n<\/tr>\n<tr>\n<td>Habita\u00e7\u00e3o<\/td>\n<td>Transparente<\/td>\n<\/tr>\n<tr>\n<td>Filtro de rede de nylon<\/td>\n<td>5 - 300 m\u00edcrones<\/td>\n<\/tr>\n<tr>\n<td>POWER PHOS<\/td>\n<td>Clientes requeridos<\/td>\n<\/tr>\n<tr>\n<td>Caudal<\/td>\n<td>2-4T\/h<\/td>\n<\/tr>\n<tr>\n<td>Press\u00e3o de trabalho<\/td>\n<td>1.0MPa<\/td>\n<\/tr>\n<tr>\n<td>Temperatura de funcionamento<\/td>\n<td>M\u00e1ximo 80C<\/td>\n<\/tr>\n<tr>\n<td>Conector X-over<\/td>\n<td>Com ou sem<\/td>\n<\/tr>\n<tr>\n<td>Caixa de embalagem<\/td>\n<td>Caixa de cor<\/td>\n<\/tr>\n<\/tbody>\n<\/table>","protected":false},"featured_media":3713,"comment_status":"open","ping_status":"closed","template":"","meta":{"_gspb_post_css":""},"product_brand":[],"product_cat":[17],"product_tag":[1197,1195,1194,1196,1136,1193],"class_list":{"0":"post-3710","1":"product","2":"type-product","3":"status-publish","4":"has-post-thumbnail","6":"product_cat-sediment-filter","7":"product_tag-home-water-purifier","8":"product_tag-nylon-net-water-filter","9":"product_tag-sediment-sand-filter","10":"product_tag-transparent-housing-filter","11":"product_tag-water-filter-locks","12":"product_tag-wholehouse-pre-filter","14":"first","15":"instock","16":"shipping-taxable","17":"product-type-simple"},"_links":{"self":[{"href":"https:\/\/lyfilter.com\/pt\/wp-json\/wp\/v2\/product\/3710","targetHints":{"allow":["GET"]}}],"collection":[{"href":"https:\/\/lyfilter.com\/pt\/wp-json\/wp\/v2\/product"}],"about":[{"href":"https:\/\/lyfilter.com\/pt\/wp-json\/wp\/v2\/types\/product"}],"replies":[{"embeddable":true,"href":"https:\/\/lyfilter.com\/pt\/wp-json\/wp\/v2\/comments?post=3710"}],"wp:featuredmedia":[{"embeddable":true,"href":"https:\/\/lyfilter.com\/pt\/wp-json\/wp\/v2\/media\/3713"}],"wp:attachment":[{"href":"https:\/\/lyfilter.com\/pt\/wp-json\/wp\/v2\/media?parent=3710"}],"wp:term":[{"taxonomy":"product_brand","embeddable":true,"href":"https:\/\/lyfilter.com\/pt\/wp-json\/wp\/v2\/product_brand?post=3710"},{"taxonomy":"product_cat","embeddable":true,"href":"https:\/\/lyfilter.com\/pt\/wp-json\/wp\/v2\/product_cat?post=3710"},{"taxonomy":"product_tag","embeddable":true,"href":"https:\/\/lyfilter.com\/pt\/wp-json\/wp\/v2\/product_tag?post=3710"}],"curies":[{"name":"wp","href":"https:\/\/api.w.org\/{rel}","templated":true}]}}