{"id":3702,"date":"2026-04-02T12:04:34","date_gmt":"2026-04-02T12:04:34","guid":{"rendered":"https:\/\/lyfilter.com\/"},"modified":"2026-04-02T12:04:34","modified_gmt":"2026-04-02T12:04:34","slug":"industrial-stainless-steel-single-core-304-316l-liquid-filter-cartridge-housing-with-big-blue-ss-mesh-water-filter-30-microns","status":"publish","type":"product","link":"https:\/\/lyfilter.com\/pt\/industrial-stainless-steel-single-core-304-316l-liquid-filter-cartridge-housing-with-big-blue-ss-mesh-water-filter-30-microns\/","title":{"rendered":"A\u00e7o inoxid\u00e1vel industrial de n\u00facleo \u00fanico 304 316L Caixa de cartucho de filtro de l\u00edquido com filtro de \u00e1gua de malha SS azul grande 30 m\u00edcrons"},"content":{"rendered":"<p>Esta caixa de filtro em a\u00e7o inoxid\u00e1vel de n\u00facleo \u00fanico foi concebida para uma filtragem est\u00e1vel de l\u00edquidos em ambientes industriais. Com op\u00e7\u00f5es 304 e 316L e um filtro de malha azul ss, suporta um fluxo limpo, durabilidade e desempenho di\u00e1rio fi\u00e1vel.<\/p>","protected":false},"excerpt":{"rendered":"<table>\n<thead>\n<tr>\n<th>Campo<\/th>\n<th>Valor<\/th>\n<\/tr>\n<\/thead>\n<tbody>\n<tr>\n<td>Sectores aplic\u00e1veis<\/td>\n<td>Hot\u00e9is, lojas de vestu\u00e1rio, lojas de materiais de constru\u00e7\u00e3o, f\u00e1bricas, lojas de repara\u00e7\u00e3o de m\u00e1quinas, f\u00e1bricas de alimentos e bebidas, quintas, restaurantes, uso dom\u00e9stico, com\u00e9rcio a retalho, lojas de alimentos, gr\u00e1ficas, obras de constru\u00e7\u00e3o, energia e minas, lojas de alimentos e bebidas, empresas de publicidade<\/td>\n<\/tr>\n<tr>\n<td>Local de origem<\/td>\n<td>Guangdong, China<\/td>\n<\/tr>\n<tr>\n<td>Nome da marca<\/td>\n<td>Personalizado<\/td>\n<\/tr>\n<tr>\n<td>Material<\/td>\n<td>Personalizado<\/td>\n<\/tr>\n<tr>\n<td>Peso<\/td>\n<td>Personalizado<\/td>\n<\/tr>\n<tr>\n<td>Tamanho<\/td>\n<td>Personalizado<\/td>\n<\/tr>\n<tr>\n<td>Pot\u00eancia<\/td>\n<td>Personalizado<\/td>\n<\/tr>\n<tr>\n<td>Garantia<\/td>\n<td>N\u00e3o dispon\u00edvel<\/td>\n<\/tr>\n<tr>\n<td>Nome do artigo<\/td>\n<td>Caixa do cartucho do filtro de l\u00edquidos de n\u00facleo \u00fanico em a\u00e7o inoxid\u00e1vel 304 316L<\/td>\n<\/tr>\n<tr>\n<td>Comprimento do cartucho do filtro<\/td>\n<td>10\u2033 20\u2033 30\u2033 40\u2033<\/td>\n<\/tr>\n<tr>\n<td>A\u00e7o inoxid\u00e1vel<\/td>\n<td>SUS304, SUS316L<\/td>\n<\/tr>\n<tr>\n<td>Quantidade de filtros de cartucho<\/td>\n<td>N\u00facleo \u00fanico<\/td>\n<\/tr>\n<tr>\n<td>Tratamento de superf\u00edcie<\/td>\n<td>Polido e jato de areia<\/td>\n<\/tr>\n<tr>\n<td>Anel o-ring de veda\u00e7\u00e3o<\/td>\n<td>Sil\u00e1stico\/NBR\/EPDM\/Viton<\/td>\n<\/tr>\n<tr>\n<td>Tipo de tampa superior instalada<\/td>\n<td>Tipo de bra\u00e7adeira<\/td>\n<\/tr>\n<tr>\n<td>Tipo de conetor<\/td>\n<td>222\/226\/DOE<\/td>\n<\/tr>\n<tr>\n<td>Tipo de entrada e de sa\u00edda<\/td>\n<td>Rosca interna<\/td>\n<\/tr>\n<tr>\n<td>M\u00e9todo de acondicionamento<\/td>\n<td>Caixa normalizada para exporta\u00e7\u00e3o<\/td>\n<\/tr>\n<tr>\n<td>Servi\u00e7o p\u00f3s-venda prestado<\/td>\n<td>Apoio em linha<\/td>\n<\/tr>\n<tr>\n<td>Unidades de venda<\/td>\n<td>Artigo \u00fanico<\/td>\n<\/tr>\n<tr>\n<td>Tamanho da embalagem individual<\/td>\n<td>50X25X25 cm<\/td>\n<\/tr>\n<tr>\n<td>Peso bruto \u00fanico<\/td>\n<td>6.000 kg<\/td>\n<\/tr>\n<tr>\n<td>Tipo de embalagem<\/td>\n<td>Caixa de cartucho de filtro de l\u00edquido de n\u00facleo \u00fanico de a\u00e7o inoxid\u00e1vel 304 316L com filtro de \u00e1gua de malha SS azul grande de 30 m\u00edcrons: Embalagem: Caixa padr\u00e3o de exporta\u00e7\u00e3o \/ Conforme necess\u00e1rio<\/td>\n<\/tr>\n<tr>\n<td>Prazo de execu\u00e7\u00e3o<\/td>\n<td>1 - 10 unidades: 7 dias; 11 - 100 unidades: 15 dias; &gt;100 unidades: A negociar<\/td>\n<\/tr>\n<\/tbody>\n<\/table>","protected":false},"featured_media":3705,"comment_status":"open","ping_status":"closed","template":"","meta":{"_gspb_post_css":""},"product_brand":[],"product_cat":[15],"product_tag":[1192,1190,1191,1143,1189,34],"class_list":{"0":"post-3702","1":"product","2":"type-product","3":"status-publish","4":"has-post-thumbnail","6":"product_cat-stainless-steel-filter-housing","7":"product_tag-30-micron-water-filter","8":"product_tag-304-316l-cartridge-housing","9":"product_tag-big-blue-ss-mesh-filter","10":"product_tag-industrial-liquid-filter","11":"product_tag-single-core-filter-housing","12":"product_tag-stainless-steel-filter-housing","14":"first","15":"instock","16":"shipping-taxable","17":"product-type-simple"},"_links":{"self":[{"href":"https:\/\/lyfilter.com\/pt\/wp-json\/wp\/v2\/product\/3702","targetHints":{"allow":["GET"]}}],"collection":[{"href":"https:\/\/lyfilter.com\/pt\/wp-json\/wp\/v2\/product"}],"about":[{"href":"https:\/\/lyfilter.com\/pt\/wp-json\/wp\/v2\/types\/product"}],"replies":[{"embeddable":true,"href":"https:\/\/lyfilter.com\/pt\/wp-json\/wp\/v2\/comments?post=3702"}],"wp:featuredmedia":[{"embeddable":true,"href":"https:\/\/lyfilter.com\/pt\/wp-json\/wp\/v2\/media\/3705"}],"wp:attachment":[{"href":"https:\/\/lyfilter.com\/pt\/wp-json\/wp\/v2\/media?parent=3702"}],"wp:term":[{"taxonomy":"product_brand","embeddable":true,"href":"https:\/\/lyfilter.com\/pt\/wp-json\/wp\/v2\/product_brand?post=3702"},{"taxonomy":"product_cat","embeddable":true,"href":"https:\/\/lyfilter.com\/pt\/wp-json\/wp\/v2\/product_cat?post=3702"},{"taxonomy":"product_tag","embeddable":true,"href":"https:\/\/lyfilter.com\/pt\/wp-json\/wp\/v2\/product_tag?post=3702"}],"curies":[{"name":"wp","href":"https:\/\/api.w.org\/{rel}","templated":true}]}}