{"id":3691,"date":"2026-04-02T11:03:42","date_gmt":"2026-04-02T11:03:42","guid":{"rendered":"https:\/\/lyfilter.com\/"},"modified":"2026-04-02T11:03:42","modified_gmt":"2026-04-02T11:03:42","slug":"lvyuan-efficient-activated-carbon-filter-element-factory-for-water","status":"publish","type":"product","link":"https:\/\/lyfilter.com\/pt\/lvyuan-efficient-activated-carbon-filter-element-factory-for-water\/","title":{"rendered":"F\u00e1brica de elemento filtrante de carv\u00e3o ativado eficiente Lvyuan para \u00e1gua"},"content":{"rendered":"<p><b>1.<\/b>\u00a0O fabrico do cartucho do filtro de sedimentos Lvyuan \u00e9 a aplica\u00e7\u00e3o de v\u00e1rias pe\u00e7as mec\u00e2nicas b\u00e1sicas. Estas incluem engrenagens, rolamentos, fixadores, molas, vedantes, acoplamentos, etc. A matriz de fibra autoportante permite um design sem n\u00facleo que \u00e9 simultaneamente econ\u00f3mico e forte<br \/>\n<b>2.<\/b>\u00a0O equipamento de purifica\u00e7\u00e3o de \u00e1gua da Lvyuan pode atender \u00e0 demanda do mercado com a mais alta efici\u00eancia. Existe uma porosidade diferente ao longo da profundidade do seu meio filtrante<br \/>\n<b>3.<\/b>\u00a0Fabricado nas nossas pr\u00f3prias instala\u00e7\u00f5es tecnologicamente avan\u00e7adas, o produto tem garantia de qualidade. O meio filtrante \u00e9 ligado termicamente para evitar a liberta\u00e7\u00e3o de fibras, proporcionando caudais consistentes<\/p>","protected":false},"excerpt":{"rendered":"<table>\n<thead>\n<tr>\n<th>Item<\/th>\n<th>Detalhes<\/th>\n<\/tr>\n<\/thead>\n<tbody>\n<tr>\n<td>Local de origem<\/td>\n<td>China<\/td>\n<\/tr>\n<tr>\n<td>Nome da marca<\/td>\n<td>Lvyuan\/OEM<\/td>\n<\/tr>\n<tr>\n<td>N\u00famero do modelo<\/td>\n<td>LY-PLF-01<\/td>\n<\/tr>\n<tr>\n<td>Pot\u00eancia (W)<\/td>\n<td>0<\/td>\n<\/tr>\n<tr>\n<td>Tens\u00e3o (V)<\/td>\n<td>0<\/td>\n<\/tr>\n<tr>\n<td>Servi\u00e7o p\u00f3s-venda prestado<\/td>\n<td>nenhum<\/td>\n<\/tr>\n<tr>\n<td>Garantia<\/td>\n<td>nenhum<\/td>\n<\/tr>\n<tr>\n<td>Tipo<\/td>\n<td>Osmose inversa<\/td>\n<\/tr>\n<tr>\n<td>Certifica\u00e7\u00e3o<\/td>\n<td>GS<\/td>\n<\/tr>\n<tr>\n<td>Utiliza\u00e7\u00e3o<\/td>\n<td>Pr\u00e9-filtragem dom\u00e9stica<\/td>\n<\/tr>\n<tr>\n<td>Aplica\u00e7\u00e3o<\/td>\n<td>Autom\u00f3vel, caravana, exterior, hotel, garagem, comercial, dom\u00e9stico<\/td>\n<\/tr>\n<tr>\n<td>Fonte de energia<\/td>\n<td>Manual<\/td>\n<\/tr>\n<tr>\n<td>Nome<\/td>\n<td>elemento filtrante de \u00e1gua pp<\/td>\n<\/tr>\n<tr>\n<td>Material da membrana filtrante<\/td>\n<td>PP\/PVDF\/PTFE\/PES\/Nylon<\/td>\n<\/tr>\n<tr>\n<td>Comprimento<\/td>\n<td>5 \/ 10 \/ 20 \/ 30 \/ 40 \/ 50 \/ 60 polegadas<\/td>\n<\/tr>\n<tr>\n<td>Conector<\/td>\n<td>Fin\/222\/226\/215\/DOE\/Thread<\/td>\n<\/tr>\n<tr>\n<td>Micron<\/td>\n<td>0.22\/0.5\/1\/3\/5\/10\/25\/50\/75\/100\/150<\/td>\n<\/tr>\n<tr>\n<td>M\u00e9todo de selagem<\/td>\n<td>Soldadura por fus\u00e3o a quente<\/td>\n<\/tr>\n<tr>\n<td>Di\u00e2metro<\/td>\n<td>70mm\/OEM<\/td>\n<\/tr>\n<tr>\n<td>N\u00facleo interno<\/td>\n<td>PP\/SS\/OEM<\/td>\n<\/tr>\n<tr>\n<td>QUANTIDADE M\u00c1XIMA DE ENCOMENDA<\/td>\n<td>Atualmente, n\u00e3o h\u00e1<\/td>\n<\/tr>\n<tr>\n<td>Capacidade de fornecimento<\/td>\n<td>5000 pe\u00e7as\/pe\u00e7as por semana<\/td>\n<\/tr>\n<\/tbody>\n<\/table>","protected":false},"featured_media":3693,"comment_status":"open","ping_status":"closed","template":"","meta":{"_gspb_post_css":""},"product_brand":[],"product_cat":[20],"product_tag":[1177,1178,1180,1179,1176,866],"class_list":{"0":"post-3691","1":"product","2":"type-product","3":"status-publish","4":"has-post-thumbnail","6":"product_cat-high-flow-filter-cartridge","7":"product_tag-activated-carbon-filter-element","8":"product_tag-carbon-water-filter-factory","9":"product_tag-efficient-carbon-filter","10":"product_tag-household-water-filter-element","11":"product_tag-lvyuan-water-filter","12":"product_tag-water-filtration-cartridge","14":"first","15":"instock","16":"shipping-taxable","17":"product-type-simple"},"_links":{"self":[{"href":"https:\/\/lyfilter.com\/pt\/wp-json\/wp\/v2\/product\/3691","targetHints":{"allow":["GET"]}}],"collection":[{"href":"https:\/\/lyfilter.com\/pt\/wp-json\/wp\/v2\/product"}],"about":[{"href":"https:\/\/lyfilter.com\/pt\/wp-json\/wp\/v2\/types\/product"}],"replies":[{"embeddable":true,"href":"https:\/\/lyfilter.com\/pt\/wp-json\/wp\/v2\/comments?post=3691"}],"wp:featuredmedia":[{"embeddable":true,"href":"https:\/\/lyfilter.com\/pt\/wp-json\/wp\/v2\/media\/3693"}],"wp:attachment":[{"href":"https:\/\/lyfilter.com\/pt\/wp-json\/wp\/v2\/media?parent=3691"}],"wp:term":[{"taxonomy":"product_brand","embeddable":true,"href":"https:\/\/lyfilter.com\/pt\/wp-json\/wp\/v2\/product_brand?post=3691"},{"taxonomy":"product_cat","embeddable":true,"href":"https:\/\/lyfilter.com\/pt\/wp-json\/wp\/v2\/product_cat?post=3691"},{"taxonomy":"product_tag","embeddable":true,"href":"https:\/\/lyfilter.com\/pt\/wp-json\/wp\/v2\/product_tag?post=3691"}],"curies":[{"name":"wp","href":"https:\/\/api.w.org\/{rel}","templated":true}]}}