{"id":3688,"date":"2026-04-02T10:59:19","date_gmt":"2026-04-02T10:59:19","guid":{"rendered":"https:\/\/lyfilter.com\/"},"modified":"2026-04-02T11:02:01","modified_gmt":"2026-04-02T11:02:01","slug":"string-wound-sediment-water-filter-upplier","status":"publish","type":"product","link":"https:\/\/lyfilter.com\/pt\/string-wound-sediment-water-filter-upplier\/","title":{"rendered":"Filtro de \u00e1gua de sedimentos de corda enrolada"},"content":{"rendered":"<p><b>Detalhes do produto do filtro de \u00e1gua de sedimentos enrolado em cord\u00e3o<\/b><\/p>\n<p>&nbsp;<\/p>\n<p><b>Detalhe r\u00e1pido<\/b><\/p>\n<p>O filtro de \u00e1gua de sedimentos de corda \u00e9 est\u00e1vel em desempenho e fi\u00e1vel em qualidade. \u00c9 caracterizado pelas seguintes vantagens: alta precis\u00e3o, alta efici\u00eancia, alta flexibilidade, baixa abras\u00e3o, etc. Pode ser amplamente utilizado em diferentes dom\u00ednios.\u00a0<a href=\"https:\/\/lyfilter.com\/pt\/\">Filtro Lvyuan<\/a>O filtro de \u00e1gua de sedimentos enrolado em cordas \u00e9 fabricado com tecnologia avan\u00e7ada internacionalmente. O filtro de \u00e1gua de sedimentos enrolado em cordas tem excelente desempenho, qualidade est\u00e1vel e confi\u00e1vel. O filtro de \u00e1gua de sedimentos enrolado em cordas \u00e9 usado em muitos campos, incluindo pe\u00e7as sobressalentes automotivas, pe\u00e7as sobressalentes de metal, materiais de constru\u00e7\u00e3o, produtos de a\u00e7o inoxid\u00e1vel e outros. Devido \u00e0 sua rela\u00e7\u00e3o custo-efic\u00e1cia, o produto est\u00e1 a tornar-se cada vez mais popular neste campo.<\/p>","protected":false},"excerpt":{"rendered":"<table>\n<thead>\n<tr>\n<th>Item<\/th>\n<th>Detalhes<\/th>\n<\/tr>\n<\/thead>\n<tbody>\n<tr>\n<td>Local de origem<\/td>\n<td>Guangdong, China<\/td>\n<\/tr>\n<tr>\n<td>Nome da marca<\/td>\n<td>Lvyuan \/ OEM<\/td>\n<\/tr>\n<tr>\n<td>N\u00famero do modelo<\/td>\n<td>S\u00e9rie LY-SW<\/td>\n<\/tr>\n<tr>\n<td>Nome do produto<\/td>\n<td>Filtro de cartucho de 5 m\u00edcrones<\/td>\n<\/tr>\n<tr>\n<td>Taxa de microns<\/td>\n<td>Cartucho de filtro de 1, 3, 5, 10 m\u00edcrones<\/td>\n<\/tr>\n<tr>\n<td>Material<\/td>\n<td>PP \/ Algod\u00e3o \/ Fibra de vidro<\/td>\n<\/tr>\n<tr>\n<td>N\u00facleo interno<\/td>\n<td>PP ou a\u00e7o inoxid\u00e1vel<\/td>\n<\/tr>\n<tr>\n<td>Comprimento<\/td>\n<td>5\u2033, 10\u2033, 20\u2033, 30\u2033, 40\u2033, 50\u201d polegadas<\/td>\n<\/tr>\n<tr>\n<td>Material da junta\/anel<\/td>\n<td>Silicone \/ EPDM \/ Viton<\/td>\n<\/tr>\n<tr>\n<td>Utiliza\u00e7\u00e3o<\/td>\n<td>filtro de l\u00edquidos, pe\u00e7as para filtros de \u00e1gua<\/td>\n<\/tr>\n<tr>\n<td>Di\u00e2metro interior<\/td>\n<td>28, 30 mm<\/td>\n<\/tr>\n<tr>\n<td>Di\u00e2metro exterior<\/td>\n<td>60~62mm, Jumbo 110~115mm<\/td>\n<\/tr>\n<tr>\n<td>Certifica\u00e7\u00e3o<\/td>\n<td>CE SGS ISO<\/td>\n<\/tr>\n<tr>\n<td>Capacidade de fornecimento<\/td>\n<td>5000 unidades\/pe\u00e7as por dia Filtro de cartucho de 5 m\u00edcrons<\/td>\n<\/tr>\n<\/tbody>\n<\/table>","protected":false},"featured_media":3690,"comment_status":"open","ping_status":"closed","template":"","meta":{"_gspb_post_css":""},"product_brand":[],"product_cat":[1095],"product_tag":[1172,1175,1176,1174,1171,1173],"class_list":{"0":"post-3688","1":"product","2":"type-product","3":"status-publish","4":"has-post-thumbnail","6":"product_cat-string-wound-filter-cartridge","7":"product_tag-5-micron-cartridge-filter","8":"product_tag-industrial-water-filter-parts","9":"product_tag-lvyuan-water-filter","10":"product_tag-pp-cotton-filter-cartridge","11":"product_tag-string-wound-sediment-water-filter","12":"product_tag-water-filter-cartridge-supplier","14":"first","15":"instock","16":"shipping-taxable","17":"product-type-simple"},"_links":{"self":[{"href":"https:\/\/lyfilter.com\/pt\/wp-json\/wp\/v2\/product\/3688","targetHints":{"allow":["GET"]}}],"collection":[{"href":"https:\/\/lyfilter.com\/pt\/wp-json\/wp\/v2\/product"}],"about":[{"href":"https:\/\/lyfilter.com\/pt\/wp-json\/wp\/v2\/types\/product"}],"replies":[{"embeddable":true,"href":"https:\/\/lyfilter.com\/pt\/wp-json\/wp\/v2\/comments?post=3688"}],"wp:featuredmedia":[{"embeddable":true,"href":"https:\/\/lyfilter.com\/pt\/wp-json\/wp\/v2\/media\/3690"}],"wp:attachment":[{"href":"https:\/\/lyfilter.com\/pt\/wp-json\/wp\/v2\/media?parent=3688"}],"wp:term":[{"taxonomy":"product_brand","embeddable":true,"href":"https:\/\/lyfilter.com\/pt\/wp-json\/wp\/v2\/product_brand?post=3688"},{"taxonomy":"product_cat","embeddable":true,"href":"https:\/\/lyfilter.com\/pt\/wp-json\/wp\/v2\/product_cat?post=3688"},{"taxonomy":"product_tag","embeddable":true,"href":"https:\/\/lyfilter.com\/pt\/wp-json\/wp\/v2\/product_tag?post=3688"}],"curies":[{"name":"wp","href":"https:\/\/api.w.org\/{rel}","templated":true}]}}