{"id":3649,"date":"2026-04-02T09:30:08","date_gmt":"2026-04-02T09:30:08","guid":{"rendered":"https:\/\/lyfilter.com\/"},"modified":"2026-04-02T09:30:08","modified_gmt":"2026-04-02T09:30:08","slug":"moveable-sewage-treatment-plant-car-wash-water-recycle","status":"publish","type":"product","link":"https:\/\/lyfilter.com\/pt\/moveable-sewage-treatment-plant-car-wash-water-recycle\/","title":{"rendered":"Esta\u00e7\u00e3o m\u00f3vel de tratamento de \u00e1guas residuais\/reciclagem de \u00e1guas de lavagem de autom\u00f3veis"},"content":{"rendered":"<p>Concebida para as necessidades de reutiliza\u00e7\u00e3o da \u00e1gua, esta esta\u00e7\u00e3o de tratamento de \u00e1guas residuais m\u00f3vel recicla a \u00e1gua de lavagem de autom\u00f3veis com uma filtragem constante e um desempenho pr\u00e1tico. Oferece uma produ\u00e7\u00e3o mais limpa, uma deslocaliza\u00e7\u00e3o mais f\u00e1cil e um funcionamento fi\u00e1vel para locais de trabalho movimentados.<\/p>","protected":false},"excerpt":{"rendered":"<table>\n<thead>\n<tr>\n<th>Item<\/th>\n<th>Valor<\/th>\n<\/tr>\n<\/thead>\n<tbody>\n<tr>\n<td>Sectores aplic\u00e1veis<\/td>\n<td>F\u00e1brica de produtos alimentares e bebidas, Obras de constru\u00e7\u00e3o, Lojas de produtos alimentares e bebidas<\/td>\n<\/tr>\n<tr>\n<td>Servi\u00e7o p\u00f3s-garantia<\/td>\n<td>Apoio em linha<\/td>\n<\/tr>\n<tr>\n<td>Localiza\u00e7\u00e3o do servi\u00e7o local<\/td>\n<td>nenhum<\/td>\n<\/tr>\n<tr>\n<td>Localiza\u00e7\u00e3o da sala de exposi\u00e7\u00f5es<\/td>\n<td>nenhum<\/td>\n<\/tr>\n<tr>\n<td>Inspe\u00e7\u00e3o de sa\u00edda de v\u00eddeo<\/td>\n<td>Fornecido<\/td>\n<\/tr>\n<tr>\n<td>Relat\u00f3rio de ensaio de m\u00e1quinas<\/td>\n<td>Fornecido<\/td>\n<\/tr>\n<tr>\n<td>Tipo de marketing<\/td>\n<td>Produto normal<\/td>\n<\/tr>\n<tr>\n<td>Garantia dos componentes principais<\/td>\n<td>1 ano<\/td>\n<\/tr>\n<tr>\n<td>Componentes principais<\/td>\n<td>Motor<\/td>\n<\/tr>\n<tr>\n<td>Local de origem<\/td>\n<td>Guangdong, China<\/td>\n<\/tr>\n<tr>\n<td>Nome da marca<\/td>\n<td>Lvyuan<\/td>\n<\/tr>\n<tr>\n<td>Garantia<\/td>\n<td>1 ano<\/td>\n<\/tr>\n<tr>\n<td>Servi\u00e7o p\u00f3s-venda prestado<\/td>\n<td>Apoio em linha<\/td>\n<\/tr>\n<tr>\n<td>Item<\/td>\n<td>Esta\u00e7\u00e3o de tratamento de \u00e1guas residuais MBR<\/td>\n<\/tr>\n<tr>\n<td>Garantia<\/td>\n<td>Um ano<\/td>\n<\/tr>\n<tr>\n<td>certifica\u00e7\u00e3o<\/td>\n<td>ISO<\/td>\n<\/tr>\n<tr>\n<td>tecnologia 1<\/td>\n<td>tecnologia de separa\u00e7\u00e3o por membranas<\/td>\n<\/tr>\n<tr>\n<td>tecnologia 2<\/td>\n<td>tecnologia de tratamento biol\u00f3gico<\/td>\n<\/tr>\n<tr>\n<td>tecnologia 3<\/td>\n<td>M\u00f3dulo de membrana alfa<\/td>\n<\/tr>\n<tr>\n<td>duradouro<\/td>\n<td>Longa vida \u00fatil<\/td>\n<\/tr>\n<tr>\n<td>funcionamento<\/td>\n<td>Simples<\/td>\n<\/tr>\n<tr>\n<td>manuten\u00e7\u00e3o<\/td>\n<td>conveniente<\/td>\n<\/tr>\n<tr>\n<td>qualidade<\/td>\n<td>n\u00edvel elevado<\/td>\n<\/tr>\n<tr>\n<td>Capacidade de fornecimento<\/td>\n<td>10 conjuntos\/conjuntos por m\u00eas<\/td>\n<\/tr>\n<\/tbody>\n<\/table>","protected":false},"featured_media":3655,"comment_status":"open","ping_status":"closed","template":"","meta":{"_gspb_post_css":""},"product_brand":[],"product_cat":[1147],"product_tag":[1153,38,1155,1152,1154,1136],"class_list":{"0":"post-3649","1":"product","2":"type-product","3":"status-publish","4":"has-post-thumbnail","6":"product_cat-waste-water-treatment-plant","7":"product_tag-car-wash-water-recycle","8":"product_tag-industrial-water-filtration","9":"product_tag-mobile-water-treatment","10":"product_tag-moveable-sewage-treatment-plant","11":"product_tag-wastewater-reuse-system","12":"product_tag-water-filter-locks","14":"first","15":"instock","16":"shipping-taxable","17":"product-type-simple"},"_links":{"self":[{"href":"https:\/\/lyfilter.com\/pt\/wp-json\/wp\/v2\/product\/3649","targetHints":{"allow":["GET"]}}],"collection":[{"href":"https:\/\/lyfilter.com\/pt\/wp-json\/wp\/v2\/product"}],"about":[{"href":"https:\/\/lyfilter.com\/pt\/wp-json\/wp\/v2\/types\/product"}],"replies":[{"embeddable":true,"href":"https:\/\/lyfilter.com\/pt\/wp-json\/wp\/v2\/comments?post=3649"}],"wp:featuredmedia":[{"embeddable":true,"href":"https:\/\/lyfilter.com\/pt\/wp-json\/wp\/v2\/media\/3655"}],"wp:attachment":[{"href":"https:\/\/lyfilter.com\/pt\/wp-json\/wp\/v2\/media?parent=3649"}],"wp:term":[{"taxonomy":"product_brand","embeddable":true,"href":"https:\/\/lyfilter.com\/pt\/wp-json\/wp\/v2\/product_brand?post=3649"},{"taxonomy":"product_cat","embeddable":true,"href":"https:\/\/lyfilter.com\/pt\/wp-json\/wp\/v2\/product_cat?post=3649"},{"taxonomy":"product_tag","embeddable":true,"href":"https:\/\/lyfilter.com\/pt\/wp-json\/wp\/v2\/product_tag?post=3649"}],"curies":[{"name":"wp","href":"https:\/\/api.w.org\/{rel}","templated":true}]}}