{"id":3647,"date":"2026-04-02T09:28:05","date_gmt":"2026-04-02T09:28:05","guid":{"rendered":"https:\/\/lyfilter.com\/"},"modified":"2026-04-02T09:28:06","modified_gmt":"2026-04-02T09:28:06","slug":"sewage-reuse-water-tree-watering-source","status":"publish","type":"product","link":"https:\/\/lyfilter.com\/pt\/sewage-reuse-water-tree-watering-source\/","title":{"rendered":"\u00c1gua de reutiliza\u00e7\u00e3o de esgotos \/ Fonte de rega de \u00e1rvores"},"content":{"rendered":"<div class=\"scc-wrapper detail-module module-productPackagingAndQuickDetail\" data-spm=\"prilinga1e\">\n<div class=\"widget-detail-overview\"><\/div>\n<\/div>\n<div class=\"scc-wrapper detail-module module-productSpecification\" data-spm=\"pronpeci14\">\n<div id=\"J-rich-text-description\" class=\"richtext richtext-detail rich-text-description\">\n<div class=\"table-responsive\">\n<table class=\"aliDataTable\">\n<tbody>\n<tr align=\"left\">\n<td valign=\"bottom\">N\u00c3O<\/td>\n<td valign=\"bottom\">Item<\/td>\n<\/tr>\n<tr align=\"left\">\n<td valign=\"center\">1<\/td>\n<td valign=\"center\">Membrana MBR<\/td>\n<\/tr>\n<tr align=\"left\">\n<td valign=\"center\">2<\/td>\n<td valign=\"center\">Suporte MBR Quadro<\/td>\n<\/tr>\n<tr align=\"left\">\n<td valign=\"center\">3<\/td>\n<td valign=\"center\">Tubo de recolha MBR<\/td>\n<\/tr>\n<tr align=\"left\">\n<td valign=\"center\">4<\/td>\n<td valign=\"center\">Tubagem principal do MBR<\/td>\n<\/tr>\n<tr align=\"left\">\n<td valign=\"center\">6<\/td>\n<td valign=\"center\">Bomba auto-ferrante<\/td>\n<\/tr>\n<tr align=\"left\">\n<td valign=\"center\">7<\/td>\n<td valign=\"center\">Bomba de lamas<\/td>\n<\/tr>\n<tr align=\"left\">\n<td valign=\"center\">8<\/td>\n<td valign=\"center\">Bomba de eleva\u00e7\u00e3o<\/td>\n<\/tr>\n<tr align=\"left\">\n<td valign=\"center\">10<\/td>\n<td valign=\"center\">Bomba doseadora de retrolavagem<\/td>\n<\/tr>\n<tr align=\"left\">\n<td valign=\"center\">11<\/td>\n<td valign=\"center\">Tanque de dosagem de retrolavagem<\/td>\n<\/tr>\n<tr align=\"left\">\n<td valign=\"center\">12<\/td>\n<td valign=\"center\">Desinfetante<\/p>\n<p>Dep\u00f3sito de dosagem<\/td>\n<\/tr>\n<tr align=\"left\">\n<td valign=\"center\">13<\/td>\n<td valign=\"center\">Bomba doseadora<\/p>\n<p>&nbsp;<\/td>\n<\/tr>\n<tr align=\"left\">\n<td valign=\"center\">14<\/td>\n<td valign=\"center\">Soprador de ar<\/td>\n<\/tr>\n<tr align=\"left\">\n<td valign=\"center\">15<\/td>\n<td valign=\"center\">Caixa de controlo<\/td>\n<\/tr>\n<tr align=\"left\">\n<td valign=\"center\">16<\/td>\n<td valign=\"center\">Difusor de ar<\/td>\n<\/tr>\n<tr align=\"left\">\n<td valign=\"center\">17<\/td>\n<td valign=\"center\">Tubos e acess\u00f3rios<\/td>\n<\/tr>\n<tr align=\"left\">\n<td valign=\"center\">18<\/td>\n<td valign=\"center\">Dep\u00f3sito de \u00e1gua de tipo integral<\/td>\n<\/tr>\n<tr align=\"left\">\n<td valign=\"center\">19<\/td>\n<td valign=\"center\">Outros<\/td>\n<\/tr>\n<\/tbody>\n<\/table>\n<\/div>\n<p><strong>\u00e1gua de reutiliza\u00e7\u00e3o de esgotos\/fonte de rega de \u00e1rvores\/\u00e1gua de reutiliza\u00e7\u00e3o de esgotos\/fonte de rega de \u00e1rvores<\/strong><\/p>\n<\/div>\n<\/div>","protected":false},"excerpt":{"rendered":"<table>\n<thead>\n<tr>\n<th>Item<\/th>\n<th>Valor<\/th>\n<\/tr>\n<\/thead>\n<tbody>\n<tr>\n<td>Sectores aplic\u00e1veis<\/td>\n<td>Oficinas de repara\u00e7\u00e3o de m\u00e1quinas, F\u00e1brica de alimentos e bebidas, Obras de constru\u00e7\u00e3o, Lojas de alimentos e bebidas<\/td>\n<\/tr>\n<tr>\n<td>Servi\u00e7o p\u00f3s-garantia<\/td>\n<td>Apoio em linha<\/td>\n<\/tr>\n<tr>\n<td>Localiza\u00e7\u00e3o do servi\u00e7o local<\/td>\n<td>nenhum<\/td>\n<\/tr>\n<tr>\n<td>Localiza\u00e7\u00e3o da sala de exposi\u00e7\u00f5es<\/td>\n<td>nenhum<\/td>\n<\/tr>\n<tr>\n<td>Inspe\u00e7\u00e3o de sa\u00edda de v\u00eddeo<\/td>\n<td>Fornecido<\/td>\n<\/tr>\n<tr>\n<td>Relat\u00f3rio de ensaio de m\u00e1quinas<\/td>\n<td>Fornecido<\/td>\n<\/tr>\n<tr>\n<td>Tipo de marketing<\/td>\n<td>Produto normal<\/td>\n<\/tr>\n<tr>\n<td>Garantia dos componentes principais<\/td>\n<td>1 ano<\/td>\n<\/tr>\n<tr>\n<td>Componentes principais<\/td>\n<td>Bomba<\/td>\n<\/tr>\n<tr>\n<td>Local de origem<\/td>\n<td>Guangdong, China<\/td>\n<\/tr>\n<tr>\n<td>Nome da marca<\/td>\n<td>Guangzhou Lvyuan<\/td>\n<\/tr>\n<tr>\n<td>Garantia<\/td>\n<td>1 ano<\/td>\n<\/tr>\n<tr>\n<td>Servi\u00e7o p\u00f3s-venda prestado<\/td>\n<td>Apoio em linha<\/td>\n<\/tr>\n<tr>\n<td>Item<\/td>\n<td>Esta\u00e7\u00e3o de tratamento de \u00e1guas residuais MBR<\/td>\n<\/tr>\n<tr>\n<td>Garantia<\/td>\n<td>Parte el\u00e9trica por um ano<\/td>\n<\/tr>\n<tr>\n<td>certifica\u00e7\u00e3o<\/td>\n<td>BV<\/td>\n<\/tr>\n<tr>\n<td>tecnologia 1<\/td>\n<td>tecnologia de separa\u00e7\u00e3o por membranas<\/td>\n<\/tr>\n<tr>\n<td>tecnologia 2<\/td>\n<td>tecnologia de tratamento biol\u00f3gico<\/td>\n<\/tr>\n<tr>\n<td>tecnologia 3<\/td>\n<td>M\u00f3dulo de membrana alfa<\/td>\n<\/tr>\n<tr>\n<td>duradouro<\/td>\n<td>Longa vida \u00fatil<\/td>\n<\/tr>\n<tr>\n<td>funcionamento<\/td>\n<td>Simples<\/td>\n<\/tr>\n<tr>\n<td>manuten\u00e7\u00e3o<\/td>\n<td>conveniente<\/td>\n<\/tr>\n<tr>\n<td>qualidade<\/td>\n<td>n\u00edvel elevado<\/td>\n<\/tr>\n<tr>\n<td>Capacidade de fornecimento<\/td>\n<td>5 pe\u00e7as\/pe\u00e7as por m\u00eas<\/td>\n<\/tr>\n<tr>\n<td>Descri\u00e7\u00e3o do produto<\/td>\n<td>Esta\u00e7\u00e3o de tratamento de \u00e1guas residuais MBR integrada<\/td>\n<\/tr>\n<tr>\n<td>Aplica\u00e7\u00e3o<\/td>\n<td>\u00e1gua de reutiliza\u00e7\u00e3o de esgotos \/ fonte de rega de \u00e1rvores \/ \u00e1gua de reutiliza\u00e7\u00e3o de esgotos \/ fonte de rega de \u00e1rvores<\/td>\n<\/tr>\n<tr>\n<td>Par\u00e2metros t\u00e9cnicos<\/td>\n<td>\u00e1gua de reutiliza\u00e7\u00e3o de esgotos \/ fonte de rega de \u00e1rvores \/ \u00e1gua de reutiliza\u00e7\u00e3o de esgotos \/ fonte de rega de \u00e1rvores<\/td>\n<\/tr>\n<\/tbody>\n<\/table>","protected":false},"featured_media":3651,"comment_status":"open","ping_status":"closed","template":"","meta":{"_gspb_post_css":""},"product_brand":[],"product_cat":[1147],"product_tag":[636,1151,1148,1149,1150,1136],"class_list":{"0":"post-3647","1":"product","2":"type-product","3":"status-publish","4":"has-post-thumbnail","6":"product_cat-waste-water-treatment-plant","7":"product_tag-industrial-water-treatment","8":"product_tag-reuse-water-filtration","9":"product_tag-sewage-reuse-water","10":"product_tag-tree-watering-source","11":"product_tag-wastewater-treatment-system","12":"product_tag-water-filter-locks","14":"first","15":"instock","16":"shipping-taxable","17":"product-type-simple"},"_links":{"self":[{"href":"https:\/\/lyfilter.com\/pt\/wp-json\/wp\/v2\/product\/3647","targetHints":{"allow":["GET"]}}],"collection":[{"href":"https:\/\/lyfilter.com\/pt\/wp-json\/wp\/v2\/product"}],"about":[{"href":"https:\/\/lyfilter.com\/pt\/wp-json\/wp\/v2\/types\/product"}],"replies":[{"embeddable":true,"href":"https:\/\/lyfilter.com\/pt\/wp-json\/wp\/v2\/comments?post=3647"}],"wp:featuredmedia":[{"embeddable":true,"href":"https:\/\/lyfilter.com\/pt\/wp-json\/wp\/v2\/media\/3651"}],"wp:attachment":[{"href":"https:\/\/lyfilter.com\/pt\/wp-json\/wp\/v2\/media?parent=3647"}],"wp:term":[{"taxonomy":"product_brand","embeddable":true,"href":"https:\/\/lyfilter.com\/pt\/wp-json\/wp\/v2\/product_brand?post=3647"},{"taxonomy":"product_cat","embeddable":true,"href":"https:\/\/lyfilter.com\/pt\/wp-json\/wp\/v2\/product_cat?post=3647"},{"taxonomy":"product_tag","embeddable":true,"href":"https:\/\/lyfilter.com\/pt\/wp-json\/wp\/v2\/product_tag?post=3647"}],"curies":[{"name":"wp","href":"https:\/\/api.w.org\/{rel}","templated":true}]}}