{"id":3642,"date":"2026-04-02T09:17:12","date_gmt":"2026-04-02T09:17:12","guid":{"rendered":"https:\/\/lyfilter.com\/"},"modified":"2026-04-02T09:17:12","modified_gmt":"2026-04-02T09:17:12","slug":"efficient-sintered-plastic-filter-exporter-for-factory","status":"publish","type":"product","link":"https:\/\/lyfilter.com\/pt\/efficient-sintered-plastic-filter-exporter-for-factory\/","title":{"rendered":"Exportador de filtro de pl\u00e1stico sinterizado eficiente para a f\u00e1brica"},"content":{"rendered":"<p>Feito para a filtragem de l\u00edquidos, este filtro microporoso de tit\u00e2nio proporciona um fluxo constante, resist\u00eancia \u00e0 corros\u00e3o e resultados est\u00e1veis. Suporta liga\u00e7\u00f5es DOE, 222, 226 e de parafuso, o que o torna pr\u00e1tico para linhas de processamento industrial.<\/p>","protected":false},"excerpt":{"rendered":"<table>\n<thead>\n<tr>\n<th>Item<\/th>\n<th>Valor<\/th>\n<\/tr>\n<\/thead>\n<tbody>\n<tr>\n<td>Sectores aplic\u00e1veis<\/td>\n<td>Hot\u00e9is, lojas de vestu\u00e1rio, lojas de materiais de constru\u00e7\u00e3o, f\u00e1bricas, lojas de repara\u00e7\u00e3o de m\u00e1quinas, f\u00e1bricas de alimentos e bebidas, quintas, restaurantes, uso dom\u00e9stico, com\u00e9rcio a retalho, lojas de alimentos, gr\u00e1ficas, obras de constru\u00e7\u00e3o, energia e minas, lojas de alimentos e bebidas, empresas de publicidade<\/td>\n<\/tr>\n<tr>\n<td>Local de origem<\/td>\n<td>Guangdong, China<\/td>\n<\/tr>\n<tr>\n<td>Nome da marca<\/td>\n<td>Lvyuan \/ OEM<\/td>\n<\/tr>\n<tr>\n<td>Material<\/td>\n<td>como pedido<\/td>\n<\/tr>\n<tr>\n<td>Peso<\/td>\n<td>depende do produto real<\/td>\n<\/tr>\n<tr>\n<td>Tamanho<\/td>\n<td>personaliza\u00e7\u00e3o<\/td>\n<\/tr>\n<tr>\n<td>Pot\u00eancia<\/td>\n<td>0<\/td>\n<\/tr>\n<tr>\n<td>Garantia<\/td>\n<td>N\u00e3o dispon\u00edvel<\/td>\n<\/tr>\n<tr>\n<td>Nome<\/td>\n<td>filtros microporosos de tit\u00e2nio<\/td>\n<\/tr>\n<tr>\n<td>Taxa de microns<\/td>\n<td>0,1, 0,22, 0,45, 1 a 60 m\u00edcrones<\/td>\n<\/tr>\n<tr>\n<td>Comprimento<\/td>\n<td>5\u2033, 10\u2033, 20\u2033, 30\u2033, 40\u2033, OEM<\/td>\n<\/tr>\n<tr>\n<td>Di\u00e2metro<\/td>\n<td>50, 60, 70, 80 mm<\/td>\n<\/tr>\n<tr>\n<td>Tipo de liga\u00e7\u00e3o<\/td>\n<td>DOE, SOE, Tipo de parafuso, 222, 226<\/td>\n<\/tr>\n<tr>\n<td>Utiliza\u00e7\u00e3o<\/td>\n<td>Filtragem de l\u00edquidos<\/td>\n<\/tr>\n<tr>\n<td>Mat\u00e9ria-prima<\/td>\n<td>Tit\u00e2nio puro 99.6%<\/td>\n<\/tr>\n<tr>\n<td>Forma de lavagem<\/td>\n<td>Lavagem das costas<\/td>\n<\/tr>\n<tr>\n<td>Certifica\u00e7\u00e3o<\/td>\n<td>SGS, ISO9001<\/td>\n<\/tr>\n<tr>\n<td>Caixa do filtro<\/td>\n<td>dispon\u00edvel para op\u00e7\u00e3o<\/td>\n<\/tr>\n<tr>\n<td>Servi\u00e7o p\u00f3s-venda prestado<\/td>\n<td>Apoio em linha<\/td>\n<\/tr>\n<tr>\n<td>Capacidade de fornecimento<\/td>\n<td>5000 pe\u00e7as\/pe\u00e7as por semana filtro de tit\u00e2nio micropore<\/td>\n<\/tr>\n<\/tbody>\n<\/table>","protected":false},"featured_media":3645,"comment_status":"open","ping_status":"closed","template":"","meta":{"_gspb_post_css":""},"product_brand":[],"product_cat":[24],"product_tag":[1145,1144,1143,1142,1146,1136],"class_list":{"0":"post-3642","1":"product","2":"type-product","3":"status-publish","4":"has-post-thumbnail","6":"product_cat-sintered-porous-plastic","7":"product_tag-222-226-code-filter","8":"product_tag-doe-titanium-filter","9":"product_tag-industrial-liquid-filter","10":"product_tag-micropore-titanium-filter","11":"product_tag-titanium-microporous-cartridge","12":"product_tag-water-filter-locks","14":"first","15":"instock","16":"shipping-taxable","17":"product-type-simple"},"_links":{"self":[{"href":"https:\/\/lyfilter.com\/pt\/wp-json\/wp\/v2\/product\/3642","targetHints":{"allow":["GET"]}}],"collection":[{"href":"https:\/\/lyfilter.com\/pt\/wp-json\/wp\/v2\/product"}],"about":[{"href":"https:\/\/lyfilter.com\/pt\/wp-json\/wp\/v2\/types\/product"}],"replies":[{"embeddable":true,"href":"https:\/\/lyfilter.com\/pt\/wp-json\/wp\/v2\/comments?post=3642"}],"wp:featuredmedia":[{"embeddable":true,"href":"https:\/\/lyfilter.com\/pt\/wp-json\/wp\/v2\/media\/3645"}],"wp:attachment":[{"href":"https:\/\/lyfilter.com\/pt\/wp-json\/wp\/v2\/media?parent=3642"}],"wp:term":[{"taxonomy":"product_brand","embeddable":true,"href":"https:\/\/lyfilter.com\/pt\/wp-json\/wp\/v2\/product_brand?post=3642"},{"taxonomy":"product_cat","embeddable":true,"href":"https:\/\/lyfilter.com\/pt\/wp-json\/wp\/v2\/product_cat?post=3642"},{"taxonomy":"product_tag","embeddable":true,"href":"https:\/\/lyfilter.com\/pt\/wp-json\/wp\/v2\/product_tag?post=3642"}],"curies":[{"name":"wp","href":"https:\/\/api.w.org\/{rel}","templated":true}]}}