{"id":3626,"date":"2026-04-02T08:36:28","date_gmt":"2026-04-02T08:36:28","guid":{"rendered":"https:\/\/lyfilter.com\/"},"modified":"2026-04-02T08:38:27","modified_gmt":"2026-04-02T08:38:27","slug":"ss304-316l-stainless-steel-food-grade-filters-solid-and-liquid-filtration-system-of-beer-food-milk-beverage-processing-filter","status":"publish","type":"product","link":"https:\/\/lyfilter.com\/pt\/ss304-316l-stainless-steel-food-grade-filters-solid-and-liquid-filtration-system-of-beer-food-milk-beverage-processing-filter\/","title":{"rendered":"SS304\/316L Filtros de a\u00e7o inoxid\u00e1vel de qualidade alimentar Sistema de filtragem de s\u00f3lidos e l\u00edquidos do filtro de processamento de alimentos\/leite\/bebidas de cerveja"},"content":{"rendered":"<p>Constru\u00eddo para uma utiliza\u00e7\u00e3o di\u00e1ria fi\u00e1vel, este sistema de filtragem em a\u00e7o inoxid\u00e1vel de qualidade alimentar permite um processamento suave de cerveja, leite e bebidas. O seu design seguro, acabamento robusto e fluxo suave ajudam a manter a filtragem de l\u00edquidos limpa e consistente.<\/p>","protected":false},"excerpt":{"rendered":"<table>\n<thead>\n<tr>\n<th>Item<\/th>\n<th>Valor<\/th>\n<\/tr>\n<\/thead>\n<tbody>\n<tr>\n<td>Estado<\/td>\n<td>Novo<\/td>\n<\/tr>\n<tr>\n<td>Sectores aplic\u00e1veis<\/td>\n<td>Hot\u00e9is, lojas de vestu\u00e1rio, lojas de materiais de constru\u00e7\u00e3o, f\u00e1bricas, lojas de repara\u00e7\u00e3o de m\u00e1quinas, f\u00e1bricas de alimentos e bebidas, quintas, restaurantes, uso dom\u00e9stico, com\u00e9rcio a retalho, lojas de alimentos, gr\u00e1ficas, obras de constru\u00e7\u00e3o, energia e minas, lojas de alimentos e bebidas, empresas de publicidade<\/td>\n<\/tr>\n<tr>\n<td>Servi\u00e7o p\u00f3s-garantia<\/td>\n<td>Apoio em linha<\/td>\n<\/tr>\n<tr>\n<td>Localiza\u00e7\u00e3o do servi\u00e7o local<\/td>\n<td>nenhum<\/td>\n<\/tr>\n<tr>\n<td>Localiza\u00e7\u00e3o da sala de exposi\u00e7\u00f5es<\/td>\n<td>nenhum<\/td>\n<\/tr>\n<tr>\n<td>Local de origem<\/td>\n<td>Guangdong, China<\/td>\n<\/tr>\n<tr>\n<td>Nome da marca<\/td>\n<td>Lvyuan \/ OEM<\/td>\n<\/tr>\n<tr>\n<td>Garantia<\/td>\n<td>N\u00e3o dispon\u00edvel<\/td>\n<\/tr>\n<tr>\n<td>Servi\u00e7o p\u00f3s-venda prestado<\/td>\n<td>Apoio em linha<\/td>\n<\/tr>\n<tr>\n<td>Nome do produto<\/td>\n<td>filtros de qualidade alimentar<\/td>\n<\/tr>\n<tr>\n<td>material da caixa<\/td>\n<td>ss304, sus 316, ss316L<\/td>\n<\/tr>\n<tr>\n<td>quantidade de filtros de saco<\/td>\n<td>Sacos individuais ou m\u00faltiplos personalizados<\/td>\n<\/tr>\n<tr>\n<td>Tamanho do saco<\/td>\n<td>180<em>450 mm ou 180<\/em>810 mm, outros<\/td>\n<\/tr>\n<tr>\n<td>Tipo de entrada e de sa\u00edda<\/td>\n<td>Liga\u00e7\u00e3o flangeada\/roscada<\/td>\n<\/tr>\n<tr>\n<td>Material do saco de filtro<\/td>\n<td>PP, PE, personalizado<\/td>\n<\/tr>\n<tr>\n<td>Press\u00e3o m\u00e1xima de trabalho<\/td>\n<td>100\/150\/300 Psi<\/td>\n<\/tr>\n<tr>\n<td>Utiliza\u00e7\u00e3o<\/td>\n<td>filtragem de l\u00edquidos<\/td>\n<\/tr>\n<tr>\n<td>N\u00famero do saco<\/td>\n<td>#1, 2, 3, 4, 5, OEM<\/td>\n<\/tr>\n<tr>\n<td>clausura de habita\u00e7\u00e3o por<\/td>\n<td>parafuso r\u00e1pido, bra\u00e7adeira, flange<\/td>\n<\/tr>\n<tr>\n<td>Unidades de venda<\/td>\n<td>Artigo \u00fanico<\/td>\n<\/tr>\n<tr>\n<td>Tamanho da embalagem individual<\/td>\n<td>40X40X100 cm<\/td>\n<\/tr>\n<tr>\n<td>Peso bruto \u00fanico<\/td>\n<td>40.000 kg<\/td>\n<\/tr>\n<tr>\n<td>Tipo de embalagem<\/td>\n<td>SS304\/316L Filtros de a\u00e7o inoxid\u00e1vel para alimentos Sistema de filtragem de s\u00f3lidos e l\u00edquidos do filtro de processamento de alimentos \/ leite \/ bebidas de cerveja Embalagem: caixa de madeira ou caixa de papel\u00e3o A cota\u00e7\u00e3o \u00e9 apenas para refer\u00eancia, n\u00e3o hesite em contactar-nos para obter os melhores pre\u00e7os. Obrigado.<\/td>\n<\/tr>\n<\/tbody>\n<\/table>","protected":false},"featured_media":3631,"comment_status":"open","ping_status":"closed","template":"","meta":{"_gspb_post_css":""},"product_brand":[],"product_cat":[1135],"product_tag":[1139,1138,1137,1140,80,1136],"class_list":{"0":"post-3626","1":"product","2":"type-product","3":"status-publish","4":"has-post-thumbnail","6":"product_cat-stainless-steel-bag-filter-housing","7":"product_tag-beer-filtration-system","8":"product_tag-beverage-processing-filter","9":"product_tag-food-grade-filter","10":"product_tag-milk-filtration-equipment","11":"product_tag-stainless-steel-filter","12":"product_tag-water-filter-locks","14":"first","15":"instock","16":"shipping-taxable","17":"product-type-simple"},"_links":{"self":[{"href":"https:\/\/lyfilter.com\/pt\/wp-json\/wp\/v2\/product\/3626","targetHints":{"allow":["GET"]}}],"collection":[{"href":"https:\/\/lyfilter.com\/pt\/wp-json\/wp\/v2\/product"}],"about":[{"href":"https:\/\/lyfilter.com\/pt\/wp-json\/wp\/v2\/types\/product"}],"replies":[{"embeddable":true,"href":"https:\/\/lyfilter.com\/pt\/wp-json\/wp\/v2\/comments?post=3626"}],"wp:featuredmedia":[{"embeddable":true,"href":"https:\/\/lyfilter.com\/pt\/wp-json\/wp\/v2\/media\/3631"}],"wp:attachment":[{"href":"https:\/\/lyfilter.com\/pt\/wp-json\/wp\/v2\/media?parent=3626"}],"wp:term":[{"taxonomy":"product_brand","embeddable":true,"href":"https:\/\/lyfilter.com\/pt\/wp-json\/wp\/v2\/product_brand?post=3626"},{"taxonomy":"product_cat","embeddable":true,"href":"https:\/\/lyfilter.com\/pt\/wp-json\/wp\/v2\/product_cat?post=3626"},{"taxonomy":"product_tag","embeddable":true,"href":"https:\/\/lyfilter.com\/pt\/wp-json\/wp\/v2\/product_tag?post=3626"}],"curies":[{"name":"wp","href":"https:\/\/api.w.org\/{rel}","templated":true}]}}