{"id":3578,"date":"2026-04-01T09:05:20","date_gmt":"2026-04-01T09:05:20","guid":{"rendered":"https:\/\/lyfilter.com\/"},"modified":"2026-04-01T09:05:20","modified_gmt":"2026-04-01T09:05:20","slug":"top-grade-woven-pp-spun-filter-cartridge-making-machine","status":"publish","type":"product","link":"https:\/\/lyfilter.com\/pt\/top-grade-woven-pp-spun-filter-cartridge-making-machine\/","title":{"rendered":"M\u00e1quina de fabrica\u00e7\u00e3o de cartucho de filtro pp fiado de grau superior"},"content":{"rendered":"<table>\n<thead>\n<tr>\n<th>Item<\/th>\n<th>Detalhes<\/th>\n<\/tr>\n<\/thead>\n<tbody>\n<tr>\n<td>Estrutura<\/td>\n<td>O fio de fibra t\u00eaxtil (como PP, fibra de vidro) \u00e9 enrolado firmemente em torno de um esqueleto poroso (polipropileno ou a\u00e7o inoxid\u00e1vel) para criar uma estrutura em favo de mel que \u00e9 esparsa no exterior e densa no interior<\/td>\n<\/tr>\n<tr>\n<td>Precis\u00e3o da filtragem<\/td>\n<td>Intervalo normal, geralmente entre 1 \u03bcm e 100 \u03bcm (por exemplo, 1, 5, 10, 20, 30, 50, 75, 100 \u03bcm)<\/td>\n<\/tr>\n<tr>\n<td>Materiais principais<\/td>\n<td>Fios: Polipropileno (PP), fibra de vidro, etc.; Esqueleto: Polipropileno (PP) ou a\u00e7o inoxid\u00e1vel<\/td>\n<\/tr>\n<tr>\n<td>Tamanhos comuns<\/td>\n<td>Comprimento: 10 polegadas (250mm), 20 polegadas (500mm), 30 polegadas (750mm), 40 polegadas (1000mm); Di\u00e2metro exterior\/di\u00e2metro interior: di\u00e2metro exterior de 60mm\/65mm, di\u00e2metro interior de 28mm\/30mm<\/td>\n<\/tr>\n<tr>\n<td>Resist\u00eancia \u00e0 compress\u00e3o<\/td>\n<td>A press\u00e3o m\u00e1xima de funcionamento \u00e9 geralmente \u2264 0,5 MPa<\/td>\n<\/tr>\n<tr>\n<td>Temperatura m\u00e1xima de funcionamento<\/td>\n<td>A faixa de resist\u00eancia \u00e0 temperatura varia de acordo com o material. Por exemplo, o n\u00facleo PP do esqueleto PP pode suportar at\u00e9 70 \u2103, o n\u00facleo de algod\u00e3o desengordurado do esqueleto de a\u00e7o inoxid\u00e1vel pode chegar a 120 \u2103 e o n\u00facleo de fibra de vidro pode suportar&gt; 300 \u2103<\/td>\n<\/tr>\n<tr>\n<td>Exemplo de manipula\u00e7\u00e3o<\/td>\n<td>Filtragem de fluidos em v\u00e1rias ind\u00fastrias, como a alimentar e de bebidas, petroqu\u00edmica, \u00f3leos industriais e gest\u00e3o de \u00e1gua<\/td>\n<\/tr>\n<\/tbody>\n<\/table>","protected":false},"excerpt":{"rendered":"<table>\n<thead>\n<tr>\n<th>Item<\/th>\n<th>Detalhes<\/th>\n<\/tr>\n<\/thead>\n<tbody>\n<tr>\n<td>Porto de in\u00edcio<\/td>\n<td>Huangpu<\/td>\n<\/tr>\n<tr>\n<td>Capacidade de produ\u00e7\u00e3o<\/td>\n<td>20000pcs\/m\u00eas<\/td>\n<\/tr>\n<tr>\n<td>Local de origem<\/td>\n<td>Guangzhou\/Shenzhen<\/td>\n<\/tr>\n<tr>\n<td>Pagamento<\/td>\n<td>T\/T, Western Union, Garantia de com\u00e9rcio de Alibaba<\/td>\n<\/tr>\n<tr>\n<td>QUANTIDADE M\u00c1XIMA DE ENCOMENDA<\/td>\n<td>1 unidade<\/td>\n<\/tr>\n<tr>\n<td>Prazo de entrega<\/td>\n<td>5-10 dias<\/td>\n<\/tr>\n<tr>\n<td>Certifica\u00e7\u00e3o<\/td>\n<td>SGS<\/td>\n<\/tr>\n<tr>\n<td>Marca<\/td>\n<td>OEM\/Lvyuan<\/td>\n<\/tr>\n<\/tbody>\n<\/table>","protected":false},"featured_media":3580,"comment_status":"open","ping_status":"closed","template":"","meta":{"_gspb_post_css":""},"product_brand":[],"product_cat":[21],"product_tag":[897,1092,1091,1094,1093,1090],"class_list":{"0":"post-3578","1":"product","2":"type-product","3":"status-publish","4":"has-post-thumbnail","6":"product_cat-pleated-filter-cartridge","7":"product_tag-filter-cartridge-making-machine","8":"product_tag-industrial-filter-cartridge-equipment","9":"product_tag-pp-spun-filter-machine","10":"product_tag-spun-cartridge-production-line","11":"product_tag-water-filter-cartridge-machine","12":"product_tag-woven-pp-spun-filter-cartridge-machine","14":"first","15":"instock","16":"shipping-taxable","17":"product-type-simple"},"_links":{"self":[{"href":"https:\/\/lyfilter.com\/pt\/wp-json\/wp\/v2\/product\/3578","targetHints":{"allow":["GET"]}}],"collection":[{"href":"https:\/\/lyfilter.com\/pt\/wp-json\/wp\/v2\/product"}],"about":[{"href":"https:\/\/lyfilter.com\/pt\/wp-json\/wp\/v2\/types\/product"}],"replies":[{"embeddable":true,"href":"https:\/\/lyfilter.com\/pt\/wp-json\/wp\/v2\/comments?post=3578"}],"wp:featuredmedia":[{"embeddable":true,"href":"https:\/\/lyfilter.com\/pt\/wp-json\/wp\/v2\/media\/3580"}],"wp:attachment":[{"href":"https:\/\/lyfilter.com\/pt\/wp-json\/wp\/v2\/media?parent=3578"}],"wp:term":[{"taxonomy":"product_brand","embeddable":true,"href":"https:\/\/lyfilter.com\/pt\/wp-json\/wp\/v2\/product_brand?post=3578"},{"taxonomy":"product_cat","embeddable":true,"href":"https:\/\/lyfilter.com\/pt\/wp-json\/wp\/v2\/product_cat?post=3578"},{"taxonomy":"product_tag","embeddable":true,"href":"https:\/\/lyfilter.com\/pt\/wp-json\/wp\/v2\/product_tag?post=3578"}],"curies":[{"name":"wp","href":"https:\/\/api.w.org\/{rel}","templated":true}]}}