{"id":3576,"date":"2026-04-01T08:54:48","date_gmt":"2026-04-01T08:54:48","guid":{"rendered":"https:\/\/lyfilter.com\/"},"modified":"2026-04-01T08:54:48","modified_gmt":"2026-04-01T08:54:48","slug":"304-stainless-steel-filter-housing-liquid-cartridge-filter-housing-for-biodiese","status":"publish","type":"product","link":"https:\/\/lyfilter.com\/pt\/304-stainless-steel-filter-housing-liquid-cartridge-filter-housing-for-biodiese\/","title":{"rendered":"Caixa de filtro de a\u00e7o inoxid\u00e1vel 304 Caixa de filtro de cartucho l\u00edquido para biodiese"},"content":{"rendered":"<table>\n<thead>\n<tr>\n<th>Item<\/th>\n<th>Detalhes<\/th>\n<\/tr>\n<\/thead>\n<tbody>\n<tr>\n<td>Material<\/td>\n<td>A\u00e7o inoxid\u00e1vel<\/td>\n<\/tr>\n<tr>\n<td>Disponibilidade<\/td>\n<td>OEM\/ODM<\/td>\n<\/tr>\n<\/tbody>\n<\/table>\n<p><strong>304\u00a0<a href=\"https:\/\/lyfilter.com\/pt\/stainless-steel-filter-housing.html\/\">caixa do filtro em a\u00e7o inoxid\u00e1vel<\/a>\u00a0Caixa de filtro de cartucho l\u00edquido para biodiesel<\/strong><\/p>\n<p>A caixa do filtro de cartucho l\u00edquido \u00e9 feita de a\u00e7o inoxid\u00e1vel SUS316l ou SUS304, lixando e polindo a superf\u00edcie interna e externa. Pequena resist\u00eancia ao fluxo, resist\u00eancia a \u00e1cidos, resist\u00eancia a \u00e1lcalis, resist\u00eancia \u00e0 corros\u00e3o, f\u00e1cil limpeza e desinfe\u00e7\u00e3o. Pode montar diferentes\u00a0<a href=\"https:\/\/lyfilter.com\/pt\/products.html\/\">elemento filtrante<\/a>s de acordo com as suas necessidades e cumprem os requisitos das BPF para as ind\u00fastrias alimentares e farmac\u00eauticas. O equipamento de filtragem \u00e9 bom para as ind\u00fastrias alimentar e farmac\u00eautica.<\/p>","protected":false},"excerpt":{"rendered":"<table>\n<thead>\n<tr>\n<th>Item<\/th>\n<th>Detalhes<\/th>\n<\/tr>\n<\/thead>\n<tbody>\n<tr>\n<td>Porto de in\u00edcio<\/td>\n<td>Guangzhou<\/td>\n<\/tr>\n<tr>\n<td>Capacidade de produ\u00e7\u00e3o<\/td>\n<td>10000 unidades\/m\u00eas<\/td>\n<\/tr>\n<tr>\n<td>Local de origem<\/td>\n<td>Guangdong, China<\/td>\n<\/tr>\n<tr>\n<td>Pagamento<\/td>\n<td>T\/T, garantia de com\u00e9rcio Alibaba, paypal<\/td>\n<\/tr>\n<tr>\n<td>Prazo de entrega<\/td>\n<td>No prazo de 7 dias \u00fateis<\/td>\n<\/tr>\n<tr>\n<td>Certifica\u00e7\u00e3o<\/td>\n<td>ISO 9001<\/td>\n<\/tr>\n<tr>\n<td>Marca<\/td>\n<td>OEM\/Lvyuan<\/td>\n<\/tr>\n<\/tbody>\n<\/table>","protected":false},"featured_media":3577,"comment_status":"open","ping_status":"closed","template":"","meta":{"_gspb_post_css":""},"product_brand":[],"product_cat":[15],"product_tag":[1085,1087,43,1089,1086,1088],"class_list":{"0":"post-3576","1":"product","2":"type-product","3":"status-publish","4":"has-post-thumbnail","6":"product_cat-stainless-steel-filter-housing","7":"product_tag-304-stainless-steel-filter-housing","8":"product_tag-biodiesel-filter-housing","9":"product_tag-corrosion-resistant-filter-housing","10":"product_tag-industrial-cartridge-housing","11":"product_tag-liquid-cartridge-filter-housing","12":"product_tag-stainless-steel-liquid-filter","14":"first","15":"instock","16":"shipping-taxable","17":"product-type-simple"},"_links":{"self":[{"href":"https:\/\/lyfilter.com\/pt\/wp-json\/wp\/v2\/product\/3576","targetHints":{"allow":["GET"]}}],"collection":[{"href":"https:\/\/lyfilter.com\/pt\/wp-json\/wp\/v2\/product"}],"about":[{"href":"https:\/\/lyfilter.com\/pt\/wp-json\/wp\/v2\/types\/product"}],"replies":[{"embeddable":true,"href":"https:\/\/lyfilter.com\/pt\/wp-json\/wp\/v2\/comments?post=3576"}],"wp:featuredmedia":[{"embeddable":true,"href":"https:\/\/lyfilter.com\/pt\/wp-json\/wp\/v2\/media\/3577"}],"wp:attachment":[{"href":"https:\/\/lyfilter.com\/pt\/wp-json\/wp\/v2\/media?parent=3576"}],"wp:term":[{"taxonomy":"product_brand","embeddable":true,"href":"https:\/\/lyfilter.com\/pt\/wp-json\/wp\/v2\/product_brand?post=3576"},{"taxonomy":"product_cat","embeddable":true,"href":"https:\/\/lyfilter.com\/pt\/wp-json\/wp\/v2\/product_cat?post=3576"},{"taxonomy":"product_tag","embeddable":true,"href":"https:\/\/lyfilter.com\/pt\/wp-json\/wp\/v2\/product_tag?post=3576"}],"curies":[{"name":"wp","href":"https:\/\/api.w.org\/{rel}","templated":true}]}}