{"id":3569,"date":"2026-04-01T08:26:06","date_gmt":"2026-04-01T08:26:06","guid":{"rendered":"https:\/\/lyfilter.com\/"},"modified":"2026-04-01T08:26:06","modified_gmt":"2026-04-01T08:26:06","slug":"tri-clamp-10-20-30-inch-stainless-steel-steam-filter-housing-for-compressed-steam-air-gas-water-purifying","status":"publish","type":"product","link":"https:\/\/lyfilter.com\/pt\/tri-clamp-10-20-30-inch-stainless-steel-steam-filter-housing-for-compressed-steam-air-gas-water-purifying\/","title":{"rendered":"Tri Clamp 10 20 30 Inch Stainless Steel Stainless Steel Filter Housing For Compressed Steam Air Gas Water Purifying"},"content":{"rendered":"<table>\n<thead>\n<tr>\n<th>Item<\/th>\n<th>Detalhes<\/th>\n<\/tr>\n<\/thead>\n<tbody>\n<tr>\n<td>Material<\/td>\n<td>A\u00e7o inoxid\u00e1vel<\/td>\n<\/tr>\n<tr>\n<td>Disponibilidade<\/td>\n<td>OEM\/ODM<\/td>\n<\/tr>\n<\/tbody>\n<\/table>\n<p><strong><span class=\"\">Tri clamp 10 20 30 polegadas Caixa de filtro de vapor de a\u00e7o inoxid\u00e1vel para purifica\u00e7\u00e3o de \u00e1gua de g\u00e1s de ar comprimido<\/span><\/strong><\/p>\n<ul>\n<li>Material e constru\u00e7\u00e3o: Estas caixas de filtro s\u00e3o fabricadas em a\u00e7o inoxid\u00e1vel de alta qualidade, como o a\u00e7o inoxid\u00e1vel 304 ou 316L, garantindo durabilidade e resist\u00eancia \u00e0 corros\u00e3o;<\/li>\n<li>Liga\u00e7\u00f5es de extremidade: Est\u00e3o dispon\u00edveis com diferentes liga\u00e7\u00f5es de extremidade, incluindo NPT (1\/2\u201d a 2\u201d) e liga\u00e7\u00f5es de extremidade flangeadas ASME 150 (2-1\/2\u201d a 8\u201d), proporcionando flexibilidade para instala\u00e7\u00e3o e compatibilidade com diferentes sistemas;<\/li>\n<li>Aplica\u00e7\u00f5es: As caixas de filtro de vapor em a\u00e7o inoxid\u00e1vel s\u00e3o concebidas para a purifica\u00e7\u00e3o de ar comprimido, gases t\u00e9cnicos e vapor em aplica\u00e7\u00f5es de grau sanit\u00e1rio, tornando-as adequadas para utiliza\u00e7\u00e3o em ind\u00fastrias como a farmac\u00eautica, alimentar e de bebidas, e outras aplica\u00e7\u00f5es sanit\u00e1rias;<\/li>\n<li>Versatilidade: Estes\u00a0<strong><a href=\"https:\/\/lyfilter.com\/pt\/stainless-steel-filter-housing.html\/\">caixa do filtro em a\u00e7o inoxid\u00e1vel<\/a>s<\/strong>\u00a0s\u00e3o adequados para filtrar ar comprimido e vapor, assegurando a remo\u00e7\u00e3o de contaminantes e impurezas para satisfazer os requisitos espec\u00edficos da aplica\u00e7\u00e3o;<\/li>\n<li>Aplica\u00e7\u00f5es sanit\u00e1rias: As caixas s\u00e3o concebidas para utiliza\u00e7\u00e3o em aplica\u00e7\u00f5es sanit\u00e1rias, garantindo a pureza e a limpeza do ar e do vapor filtrados, o que \u00e9 crucial em ind\u00fastrias com normas de higiene rigorosas;<\/li>\n<li>Disponibilidade do produto: Estes\u00a0<strong>caixa do filtro de tripla fixa\u00e7\u00e3o<\/strong>\u00a0est\u00e3o dispon\u00edveis em v\u00e1rios fornecedores e podem ser encontrados em diferentes tamanhos e configura\u00e7\u00f5es para satisfazer necessidades espec\u00edficas de filtragem.<\/li>\n<\/ul>\n<p>As caixas de filtro de vapor em a\u00e7o inoxid\u00e1vel s\u00e3o componentes essenciais para manter a pureza e a qualidade do ar comprimido e do vapor em aplica\u00e7\u00f5es cr\u00edticas, proporcionando uma filtragem fi\u00e1vel e garantindo a integridade dos processos em que s\u00e3o utilizadas.<\/p>","protected":false},"excerpt":{"rendered":"<table>\n<thead>\n<tr>\n<th>Item<\/th>\n<th>Detalhes<\/th>\n<\/tr>\n<\/thead>\n<tbody>\n<tr>\n<td>Porto de in\u00edcio<\/td>\n<td>Guangzhou<\/td>\n<\/tr>\n<tr>\n<td>Capacidade de produ\u00e7\u00e3o<\/td>\n<td>10000 unidades\/m\u00eas<\/td>\n<\/tr>\n<tr>\n<td>Local de origem<\/td>\n<td>Guangdong, China<\/td>\n<\/tr>\n<tr>\n<td>Pagamento<\/td>\n<td>T\/T, Garantia de com\u00e9rcio de Alibaba<\/td>\n<\/tr>\n<tr>\n<td>QUANTIDADE M\u00c1XIMA DE ENCOMENDA<\/td>\n<td>1 unidade<\/td>\n<\/tr>\n<tr>\n<td>Modelo<\/td>\n<td>LY-FB<\/td>\n<\/tr>\n<tr>\n<td>Prazo de entrega<\/td>\n<td>No prazo de 7 dias \u00fateis<\/td>\n<\/tr>\n<tr>\n<td>Certifica\u00e7\u00e3o<\/td>\n<td>ISO 9001<\/td>\n<\/tr>\n<tr>\n<td>Marca<\/td>\n<td>OEM\/Lvyuan<\/td>\n<\/tr>\n<\/tbody>\n<\/table>","protected":false},"featured_media":3570,"comment_status":"open","ping_status":"closed","template":"","meta":{"_gspb_post_css":""},"product_brand":[],"product_cat":[15],"product_tag":[1082,1081,1084,1079,1083,1080],"class_list":{"0":"post-3569","1":"product","2":"type-product","3":"status-publish","4":"has-post-thumbnail","6":"product_cat-stainless-steel-filter-housing","7":"product_tag-air-gas-water-filter-housing","8":"product_tag-compressed-steam-filter","9":"product_tag-industrial-filter-housing","10":"product_tag-stainless-steel-steam-filter-housing","11":"product_tag-steam-filtration-housing","12":"product_tag-tri-clamp-filter-housing","14":"first","15":"instock","16":"shipping-taxable","17":"product-type-simple"},"_links":{"self":[{"href":"https:\/\/lyfilter.com\/pt\/wp-json\/wp\/v2\/product\/3569","targetHints":{"allow":["GET"]}}],"collection":[{"href":"https:\/\/lyfilter.com\/pt\/wp-json\/wp\/v2\/product"}],"about":[{"href":"https:\/\/lyfilter.com\/pt\/wp-json\/wp\/v2\/types\/product"}],"replies":[{"embeddable":true,"href":"https:\/\/lyfilter.com\/pt\/wp-json\/wp\/v2\/comments?post=3569"}],"wp:featuredmedia":[{"embeddable":true,"href":"https:\/\/lyfilter.com\/pt\/wp-json\/wp\/v2\/media\/3570"}],"wp:attachment":[{"href":"https:\/\/lyfilter.com\/pt\/wp-json\/wp\/v2\/media?parent=3569"}],"wp:term":[{"taxonomy":"product_brand","embeddable":true,"href":"https:\/\/lyfilter.com\/pt\/wp-json\/wp\/v2\/product_brand?post=3569"},{"taxonomy":"product_cat","embeddable":true,"href":"https:\/\/lyfilter.com\/pt\/wp-json\/wp\/v2\/product_cat?post=3569"},{"taxonomy":"product_tag","embeddable":true,"href":"https:\/\/lyfilter.com\/pt\/wp-json\/wp\/v2\/product_tag?post=3569"}],"curies":[{"name":"wp","href":"https:\/\/api.w.org\/{rel}","templated":true}]}}