{"id":3563,"date":"2026-04-01T07:37:52","date_gmt":"2026-04-01T07:37:52","guid":{"rendered":"https:\/\/lyfilter.com\/"},"modified":"2026-04-01T07:37:52","modified_gmt":"2026-04-01T07:37:52","slug":"resin-bonded-filter-cartridges-10-20-30-40-inch","status":"publish","type":"product","link":"https:\/\/lyfilter.com\/pt\/resin-bonded-filter-cartridges-10-20-30-40-inch\/","title":{"rendered":"Cartuchos de filtro ligados por resina 10 20 30 40 polegadas"},"content":{"rendered":"<table>\n<thead>\n<tr>\n<th>Item<\/th>\n<th>Detalhes<\/th>\n<\/tr>\n<\/thead>\n<tbody>\n<tr>\n<td>Tamanhos comuns<\/td>\n<td>Comprimento: 5\u2033, 10\u2033, 20\u2033, 30\u2033, 40\u2033 (nota: 1 polegada = 25,4 mm); Di\u00e2metro exterior: cerca de 65 \u00b1 1 mm, di\u00e2metro interior: cerca de 28 \u00b1 1 mm<\/td>\n<\/tr>\n<tr>\n<td>Precis\u00e3o da filtragem<\/td>\n<td>1-100 \u03bcm (consoante o modelo espec\u00edfico)<\/td>\n<\/tr>\n<tr>\n<td>Caudal de processamento<\/td>\n<td>0,15-1,2 t\/h (proporcional ao comprimento do elemento filtrante)<\/td>\n<\/tr>\n<tr>\n<td>Temperatura de funcionamento<\/td>\n<td>-20 \u2103 a 90 \u2103 (alguns modelos podem suportar temperaturas elevadas at\u00e9 100 \u2103)<\/td>\n<\/tr>\n<tr>\n<td>Press\u00e3o de trabalho<\/td>\n<td>M\u00e1ximo de 0,2-0,6 MPa (normalmente utilizado no tratamento de \u00e1gua); o filtro de tratamento de \u00f3leo industrial pode atingir 21 MPa<\/td>\n<\/tr>\n<tr>\n<td>Porosidade<\/td>\n<td>30% -35% (tipo sinterizado)<\/td>\n<\/tr>\n<tr>\n<td>Taxa de remo\u00e7\u00e3o de cloro residual<\/td>\n<td>&gt;96%<\/td>\n<\/tr>\n<tr>\n<td>M\u00e9todo de regenera\u00e7\u00e3o<\/td>\n<td>Mergulhar em solu\u00e7\u00e3o saturada de cloreto de s\u00f3dio para restaurar a atividade<\/td>\n<\/tr>\n<tr>\n<td>Gama de pH aplic\u00e1vel<\/td>\n<td>Ampla adaptabilidade (consoante o tipo de resina)<\/td>\n<\/tr>\n<\/tbody>\n<\/table>","protected":false},"excerpt":{"rendered":"<table>\n<thead>\n<tr>\n<th>Item<\/th>\n<th>Detalhes<\/th>\n<\/tr>\n<\/thead>\n<tbody>\n<tr>\n<td>Porto de in\u00edcio<\/td>\n<td>Nansha\/Huangpu<\/td>\n<\/tr>\n<tr>\n<td>Capacidade de produ\u00e7\u00e3o<\/td>\n<td>10000pcs\/m\u00eas<\/td>\n<\/tr>\n<tr>\n<td>Local de origem<\/td>\n<td>Guangdong<\/td>\n<\/tr>\n<tr>\n<td>Pagamento<\/td>\n<td>T\/T, Western Union, Garantia de com\u00e9rcio de Alibaba, paypal<\/td>\n<\/tr>\n<tr>\n<td>QUANTIDADE M\u00c1XIMA DE ENCOMENDA<\/td>\n<td>1 unidade<\/td>\n<\/tr>\n<tr>\n<td>Prazo de entrega<\/td>\n<td>15-20 dias<\/td>\n<\/tr>\n<tr>\n<td>Certifica\u00e7\u00e3o<\/td>\n<td>SGS<\/td>\n<\/tr>\n<tr>\n<td>Marca<\/td>\n<td>OEM\/Lvyuan<\/td>\n<\/tr>\n<\/tbody>\n<\/table>","protected":false},"featured_media":3568,"comment_status":"open","ping_status":"closed","template":"","meta":{"_gspb_post_css":""},"product_brand":[],"product_cat":[23],"product_tag":[730,1078,633,334,1077,357],"class_list":{"0":"post-3563","1":"product","2":"type-product","3":"status-publish","4":"has-post-thumbnail","6":"product_cat-pp-filter-cartridge","7":"product_tag-10-inch-filter-cartridge","8":"product_tag-20-inch-filter-cartridge","9":"product_tag-40-inch-filter-cartridge","10":"product_tag-industrial-water-filter","11":"product_tag-resin-bonded-filter-cartridge","12":"product_tag-water-filter-cartridge","14":"first","15":"instock","16":"shipping-taxable","17":"product-type-simple"},"_links":{"self":[{"href":"https:\/\/lyfilter.com\/pt\/wp-json\/wp\/v2\/product\/3563","targetHints":{"allow":["GET"]}}],"collection":[{"href":"https:\/\/lyfilter.com\/pt\/wp-json\/wp\/v2\/product"}],"about":[{"href":"https:\/\/lyfilter.com\/pt\/wp-json\/wp\/v2\/types\/product"}],"replies":[{"embeddable":true,"href":"https:\/\/lyfilter.com\/pt\/wp-json\/wp\/v2\/comments?post=3563"}],"wp:featuredmedia":[{"embeddable":true,"href":"https:\/\/lyfilter.com\/pt\/wp-json\/wp\/v2\/media\/3568"}],"wp:attachment":[{"href":"https:\/\/lyfilter.com\/pt\/wp-json\/wp\/v2\/media?parent=3563"}],"wp:term":[{"taxonomy":"product_brand","embeddable":true,"href":"https:\/\/lyfilter.com\/pt\/wp-json\/wp\/v2\/product_brand?post=3563"},{"taxonomy":"product_cat","embeddable":true,"href":"https:\/\/lyfilter.com\/pt\/wp-json\/wp\/v2\/product_cat?post=3563"},{"taxonomy":"product_tag","embeddable":true,"href":"https:\/\/lyfilter.com\/pt\/wp-json\/wp\/v2\/product_tag?post=3563"}],"curies":[{"name":"wp","href":"https:\/\/api.w.org\/{rel}","templated":true}]}}