{"id":3541,"date":"2026-04-01T06:27:53","date_gmt":"2026-04-01T06:27:53","guid":{"rendered":"https:\/\/lyfilter.com\/"},"modified":"2026-04-01T06:27:53","modified_gmt":"2026-04-01T06:27:53","slug":"stainless-steel-micron-porous-pleated-filter-housing","status":"publish","type":"product","link":"https:\/\/lyfilter.com\/pt\/stainless-steel-micron-porous-pleated-filter-housing\/","title":{"rendered":"Caixa de filtro plissado micronizado poroso de a\u00e7o inoxid\u00e1vel"},"content":{"rendered":"<table>\n<thead>\n<tr>\n<th>Capacidade de fornecimento<\/th>\n<th>1000000pc\/m\u00eas<\/th>\n<\/tr>\n<\/thead>\n<tbody>\n<tr>\n<td>Material<\/td>\n<td>A\u00e7o inoxid\u00e1vel<\/td>\n<\/tr>\n<tr>\n<td>Disponibilidade<\/td>\n<td>OEM<\/td>\n<\/tr>\n<tr>\n<td>Nome do produto<\/td>\n<td>Caixa de filtro plissado micronizado poroso de a\u00e7o inoxid\u00e1vel<\/td>\n<\/tr>\n<tr>\n<td>Descri\u00e7\u00e3o<\/td>\n<td>O filtro microporoso \u00e9 um novo tipo de equipamento de filtragem desenvolvido no pa\u00eds e no estrangeiro. Pode filtrar part\u00edculas e bact\u00e9rias acima de 0,1um em l\u00edquidos e gases. Tem as vantagens de alta precis\u00e3o de filtra\u00e7\u00e3o, velocidade de transi\u00e7\u00e3o r\u00e1pida, menos adsor\u00e7\u00e3o, sem derramamento m\u00e9dio, resist\u00eancia \u00e0 corros\u00e3o \u00e1cida e alcalina e opera\u00e7\u00e3o conveniente. Tem sido amplamente utilizado na medicina, ind\u00fastria qu\u00edmica, eletr\u00f3nica, bebidas, vinho de fruta, tratamento bioqu\u00edmico de \u00e1gua, prote\u00e7\u00e3o ambiental e outras ind\u00fastrias.<\/td>\n<\/tr>\n<\/tbody>\n<\/table>","protected":false},"excerpt":{"rendered":"<table>\n<thead>\n<tr>\n<th>Porto de in\u00edcio<\/th>\n<th>Guangzhou<\/th>\n<\/tr>\n<\/thead>\n<tbody>\n<tr>\n<td>Capacidade de produ\u00e7\u00e3o<\/td>\n<td>10000 unidades\/m\u00eas<\/td>\n<\/tr>\n<tr>\n<td>Local de origem<\/td>\n<td>Guangdong, China<\/td>\n<\/tr>\n<tr>\n<td>Pagamento<\/td>\n<td>T\/T, Garantia de com\u00e9rcio de Alibaba<\/td>\n<\/tr>\n<tr>\n<td>QUANTIDADE M\u00c1XIMA DE ENCOMENDA<\/td>\n<td>1 unidade<\/td>\n<\/tr>\n<tr>\n<td>Prazo de entrega<\/td>\n<td>No prazo de 7 dias \u00fateis<\/td>\n<\/tr>\n<tr>\n<td>Certifica\u00e7\u00e3o<\/td>\n<td>ISO 9001<\/td>\n<\/tr>\n<tr>\n<td>Marca<\/td>\n<td>OEM\/Lvyuan<\/td>\n<\/tr>\n<\/tbody>\n<\/table>","protected":false},"featured_media":3543,"comment_status":"open","ping_status":"closed","template":"","meta":{"_gspb_post_css":""},"product_brand":[],"product_cat":[15],"product_tag":[1071,1069,1070,1067,1068,34],"class_list":{"0":"post-3541","1":"product","2":"type-product","3":"status-publish","4":"has-post-thumbnail","6":"product_cat-stainless-steel-filter-housing","7":"product_tag-corrosion-resistant-filter","8":"product_tag-industrial-filtration-housing","9":"product_tag-liquid-filtration-system","10":"product_tag-micron-porous-filter-housing","11":"product_tag-pleated-filter-housing","12":"product_tag-stainless-steel-filter-housing","14":"first","15":"instock","16":"shipping-taxable","17":"product-type-simple"},"_links":{"self":[{"href":"https:\/\/lyfilter.com\/pt\/wp-json\/wp\/v2\/product\/3541","targetHints":{"allow":["GET"]}}],"collection":[{"href":"https:\/\/lyfilter.com\/pt\/wp-json\/wp\/v2\/product"}],"about":[{"href":"https:\/\/lyfilter.com\/pt\/wp-json\/wp\/v2\/types\/product"}],"replies":[{"embeddable":true,"href":"https:\/\/lyfilter.com\/pt\/wp-json\/wp\/v2\/comments?post=3541"}],"wp:featuredmedia":[{"embeddable":true,"href":"https:\/\/lyfilter.com\/pt\/wp-json\/wp\/v2\/media\/3543"}],"wp:attachment":[{"href":"https:\/\/lyfilter.com\/pt\/wp-json\/wp\/v2\/media?parent=3541"}],"wp:term":[{"taxonomy":"product_brand","embeddable":true,"href":"https:\/\/lyfilter.com\/pt\/wp-json\/wp\/v2\/product_brand?post=3541"},{"taxonomy":"product_cat","embeddable":true,"href":"https:\/\/lyfilter.com\/pt\/wp-json\/wp\/v2\/product_cat?post=3541"},{"taxonomy":"product_tag","embeddable":true,"href":"https:\/\/lyfilter.com\/pt\/wp-json\/wp\/v2\/product_tag?post=3541"}],"curies":[{"name":"wp","href":"https:\/\/api.w.org\/{rel}","templated":true}]}}